{"id":9157,"date":"2020-10-12T13:06:42","date_gmt":"2020-10-12T11:06:42","guid":{"rendered":"https:\/\/studiokoncept.se\/?post_type=product&#038;p=9157"},"modified":"2025-08-02T08:39:43","modified_gmt":"2025-08-02T06:39:43","slug":"rel-acoustics-bassline-blue","status":"publish","type":"product","link":"http:\/\/studiokoncept.se\/fr\/shop\/kablar\/analoga-kablar\/subwoofer-kablar\/rel-acoustics-bassline-blue\/","title":{"rendered":"Rel Acoustics Bassline Blue"},"content":{"rendered":"<h3><\/h3>","protected":false},"excerpt":{"rendered":"<h5 class=\"sub\">Un c\u00e2ble optimis\u00e9 pour la qualit\u00e9 de Rel Acoustics pour leurs subwoofers !<\/h5>\n<p>Un c\u00e2ble pour ceux qui utilisent leur REL pour \u00e9couter de la musique et qui souhaitent obtenir une connectivit\u00e9 musicale encore meilleure avec leur haut-parleur et un contenu musical\/instrumental \u00e0 partir de leur subwoofer REL.<\/p>\n<p>Bassline Blue\u2122 est un c\u00e2ble aux dimensions raisonnables, bien construit de mani\u00e8re \u00e0 am\u00e9liorer le son global de chaque aspect de la performance du syst\u00e8me h\u00f4te. Comme pour tout produit REL, l'am\u00e9lioration s'\u00e9tend bien au-del\u00e0 de la r\u00e9gion des basses. La plus grande zone d'am\u00e9lioration r\u00e9side dans la mani\u00e8re dont l'ensemble de la sc\u00e8ne sonore est \u00e9clair\u00e9e. Il s'agit d'une qualit\u00e9 tout \u00e0 fait diff\u00e9rente de la luminosit\u00e9. L'illumination apporte de la lumi\u00e8re sur la sc\u00e8ne et rend le contraste et la clart\u00e9 ainsi que les nuances dynamiques beaucoup plus \u00e9vidents.<\/p>","protected":false},"featured_media":10006,"template":"","meta":[],"product_brand":[],"product_cat":[488,321],"product_tag":[],"class_list":{"0":"post-9157","1":"product","2":"type-product","3":"status-publish","4":"has-post-thumbnail","6":"product_cat-subwoofer-kablar","7":"product_cat-subwoofers","8":"product_shipping_class-standard","10":"first","11":"instock","12":"taxable","13":"shipping-taxable","14":"purchasable","15":"product-type-variable","16":"has-default-attributes"},"bundled_by":[],"bundle_stock_status":"instock","bundle_stock_quantity":null,"bundle_virtual":false,"bundle_layout":"","bundle_add_to_cart_form_location":"","bundle_editable_in_cart":false,"bundle_sold_individually_context":"","bundle_item_grouping":"","bundle_min_size":"","bundle_max_size":"","bundle_price":[],"bundled_items":[],"bundle_sell_ids":[],"_links":{"self":[{"href":"http:\/\/studiokoncept.se\/fr\/wp-json\/wp\/v2\/product\/9157","targetHints":{"allow":["GET"]}}],"collection":[{"href":"http:\/\/studiokoncept.se\/fr\/wp-json\/wp\/v2\/product"}],"about":[{"href":"http:\/\/studiokoncept.se\/fr\/wp-json\/wp\/v2\/types\/product"}],"version-history":[{"count":0,"href":"http:\/\/studiokoncept.se\/fr\/wp-json\/wp\/v2\/product\/9157\/revisions"}],"wp:featuredmedia":[{"embeddable":true,"href":"http:\/\/studiokoncept.se\/fr\/wp-json\/wp\/v2\/media\/10006"}],"wp:attachment":[{"href":"http:\/\/studiokoncept.se\/fr\/wp-json\/wp\/v2\/media?parent=9157"}],"wp:term":[{"taxonomy":"product_brand","embeddable":true,"href":"http:\/\/studiokoncept.se\/fr\/wp-json\/wp\/v2\/product_brand?post=9157"},{"taxonomy":"product_cat","embeddable":true,"href":"http:\/\/studiokoncept.se\/fr\/wp-json\/wp\/v2\/product_cat?post=9157"},{"taxonomy":"product_tag","embeddable":true,"href":"http:\/\/studiokoncept.se\/fr\/wp-json\/wp\/v2\/product_tag?post=9157"}],"curies":[{"name":"wp","href":"https:\/\/api.w.org\/{rel}","templated":true}]}}