{"id":9048,"date":"2020-10-02T12:56:39","date_gmt":"2020-10-02T10:56:39","guid":{"rendered":"https:\/\/studiokoncept.se\/?post_type=product&#038;p=9048"},"modified":"2025-01-26T13:53:34","modified_gmt":"2025-01-26T12:53:34","slug":"fezz-audio-gaia-mini-mm","status":"publish","type":"product","link":"http:\/\/studiokoncept.se\/fr\/shop\/vinyl\/riaa\/fezz-audio-gaia-mini-mm\/","title":{"rendered":"Fezz Audio Gaia Mini MM Pr\u00e9amplificateur Phono"},"content":{"rendered":"<p>Fezz Audio Gaia Mini est un amplificateur phono con\u00e7u pour fonctionner avec des micros MM (Moving Magnet) et MC (Moving Coil). Gr\u00e2ce \u00e0 ses \u00e9l\u00e9ments de haute qualit\u00e9, il offre une excellente dynamique et un caract\u00e8re sonore que l'on peut qualifier de mature et sublime.<\/p>\n<p>Le Gaia Mini utilise un amplificateur op\u00e9rationnel OPA 2132, qui contribue \u00e0 son excellente dynamique et \u00e0 sa qualit\u00e9 sonore. De plus, il contient des condensateurs Nichicon Fine Gold qui lui conf\u00e8rent des performances comparables \u00e0 celles de mod\u00e8les plus on\u00e9reux.<\/p>\n<p>Un autre avantage du Gaia Mini est sa taille compacte. Les dimensions du ch\u00e2ssis ont \u00e9t\u00e9 r\u00e9duites par rapport \u00e0 la version standard du Fezz Audio Gaia, ce qui en fait un excellent choix pour ceux qui disposent d'un espace limit\u00e9.<\/p>\n<p>En termes de sp\u00e9cifications techniques, Gaia Mini a une imp\u00e9dance d'entr\u00e9e de 100\u03a9 pour le MC et de 47k\u03a9 pour le MM. Il a une distorsion harmonique (THD) inf\u00e9rieure \u00e0 0,008% pour le MM et inf\u00e9rieure \u00e0 0,15% pour le MC sur la plage de fr\u00e9quences de 20Hz-20kHz. Son rapport signal\/bruit est de 90 dB et sa diaphonie est sup\u00e9rieure \u00e0 91 dB. Gaia Mini a une consommation \u00e9lectrique de 5W et p\u00e8se 1,1kg. Ses dimensions sont de 170x160x65 mm12.<\/p>","protected":false},"excerpt":{"rendered":"<h4>Incroyablement lisse avec une finition qui s'harmonise avec la nouvelle gamme Evolution.<\/h4>\n<p>Fezz Audio Gaia Mini est un amplificateur phono de haute qualit\u00e9 con\u00e7u pour fonctionner avec des cartouches MM et MC. Il se distingue par son caract\u00e8re sonore mature et sublime, ainsi que par son excellente dynamique, gr\u00e2ce \u00e0 des composants de haute qualit\u00e9. Il utilise un amplificateur op\u00e9rationnel OPA 2132 et est compact avec des dimensions de 170x160x65 mm.<\/p>\n<p>Solution tr\u00e8s \u00e9l\u00e9gante et pratique pour un salon, surtout si l'espace est limit\u00e9.\u00a0<\/p>","protected":false},"featured_media":16822,"template":"","meta":[],"product_brand":[],"product_cat":[162],"product_tag":[],"class_list":{"0":"post-9048","1":"product","2":"type-product","3":"status-publish","4":"has-post-thumbnail","6":"product_cat-riaa","7":"product_shipping_class-standard","9":"first","10":"instock","11":"taxable","12":"shipping-taxable","13":"purchasable","14":"product-type-variable"},"bundled_by":[],"bundle_stock_status":"instock","bundle_stock_quantity":null,"bundle_virtual":false,"bundle_layout":"","bundle_add_to_cart_form_location":"","bundle_editable_in_cart":false,"bundle_sold_individually_context":"","bundle_item_grouping":"","bundle_min_size":"","bundle_max_size":"","bundle_price":[],"bundled_items":[],"bundle_sell_ids":[],"_links":{"self":[{"href":"http:\/\/studiokoncept.se\/fr\/wp-json\/wp\/v2\/product\/9048","targetHints":{"allow":["GET"]}}],"collection":[{"href":"http:\/\/studiokoncept.se\/fr\/wp-json\/wp\/v2\/product"}],"about":[{"href":"http:\/\/studiokoncept.se\/fr\/wp-json\/wp\/v2\/types\/product"}],"version-history":[{"count":0,"href":"http:\/\/studiokoncept.se\/fr\/wp-json\/wp\/v2\/product\/9048\/revisions"}],"wp:featuredmedia":[{"embeddable":true,"href":"http:\/\/studiokoncept.se\/fr\/wp-json\/wp\/v2\/media\/16822"}],"wp:attachment":[{"href":"http:\/\/studiokoncept.se\/fr\/wp-json\/wp\/v2\/media?parent=9048"}],"wp:term":[{"taxonomy":"product_brand","embeddable":true,"href":"http:\/\/studiokoncept.se\/fr\/wp-json\/wp\/v2\/product_brand?post=9048"},{"taxonomy":"product_cat","embeddable":true,"href":"http:\/\/studiokoncept.se\/fr\/wp-json\/wp\/v2\/product_cat?post=9048"},{"taxonomy":"product_tag","embeddable":true,"href":"http:\/\/studiokoncept.se\/fr\/wp-json\/wp\/v2\/product_tag?post=9048"}],"curies":[{"name":"wp","href":"https:\/\/api.w.org\/{rel}","templated":true}]}}