{"id":8909,"date":"2020-09-19T14:53:51","date_gmt":"2020-09-19T12:53:51","guid":{"rendered":"https:\/\/studiokoncept.se\/?post_type=product&#038;p=8909"},"modified":"2023-07-11T22:28:11","modified_gmt":"2023-07-11T20:28:11","slug":"line-magnetic-lm-32-dac","status":"publish","type":"product","link":"http:\/\/studiokoncept.se\/fr\/shop\/elektronik\/dac\/line-magnetic-lm-32-dac\/","title":{"rendered":"Line Magnetic LM-32 DAC"},"content":{"rendered":"<p>Le Line Magnetic LM-32DAC est une combinaison de la puce ESS9028Pro Sabre et de la technologie analogique. La puce DAC est \u00e9quip\u00e9e de la technologie Hyperstream, d'une horloge de pr\u00e9cision et d'une r\u00e9solution allant jusqu'\u00e0 32 bits. Pour l'alimenter en musique, le DAC dispose d'une entr\u00e9e AES-EBU en XLR, ainsi que d'une entr\u00e9e S\/PDIF en coaxial, BNC et optique. Toutes les entr\u00e9es supportent des fr\u00e9quences d'\u00e9chantillonnage allant jusqu'\u00e0 192 kHz \u00e0 32 bits - le port USB 2.0 permet d'atteindre 384 kHz ainsi que DSD 256.<\/p>\n<p>Le Line Magnetic LM-32DAC vous permet \u00e9galement de choisir si l'\u00e9tage de sortie est aliment\u00e9 par deux tubes 12AU7 ou par la technologie des transistors. Les deux options utilisent des prises RCA asym\u00e9triques ou des prises XLR sym\u00e9triques comme sortie.<\/p>\n<p>Pour offrir au circuit les meilleures conditions possibles, Line Magnetic utilise deux alimentations s\u00e9par\u00e9es pour les sections num\u00e9rique et analogique. La section num\u00e9rique est aliment\u00e9e par un transformateur RL avec redressement \u00e0 transistor de haute pr\u00e9cision, tandis que les circuits analogiques sont aliment\u00e9s par un mod\u00e8le toro\u00efdal \u00e0 haute capacit\u00e9 de distribution de courant.<\/p>","protected":false},"excerpt":{"rendered":"<p><h4>DAC combin\u00e9 \u00e0 tubes et transistors de Line Magnetic<\/h4><\/p>\n<p>Le nouveau DAC de Line Magnetic poss\u00e8de une puce DAC mise \u00e0 jour pour le DSD et la possibilit\u00e9 de s\u00e9lectionner tube ou transistor sur l'\u00e9tage de sortie.<\/p>\n<p>Ils ont \u00e9galement investi dans des alimentations s\u00e9par\u00e9es pour la partie num\u00e9rique et la partie transistor !<\/p>","protected":false},"featured_media":8911,"template":"","meta":[],"product_brand":[],"product_cat":[164],"product_tag":[],"class_list":{"0":"post-8909","1":"product","2":"type-product","3":"status-publish","4":"has-post-thumbnail","6":"product_cat-dac","7":"product_shipping_class-standard","9":"first","10":"instock","11":"taxable","12":"shipping-taxable","13":"purchasable","14":"product-type-simple"},"bundled_by":[],"bundle_stock_status":"instock","bundle_stock_quantity":null,"bundle_virtual":false,"bundle_layout":"","bundle_add_to_cart_form_location":"","bundle_editable_in_cart":false,"bundle_sold_individually_context":"","bundle_item_grouping":"","bundle_min_size":"","bundle_max_size":"","bundle_price":[],"bundled_items":[],"bundle_sell_ids":[],"_links":{"self":[{"href":"http:\/\/studiokoncept.se\/fr\/wp-json\/wp\/v2\/product\/8909","targetHints":{"allow":["GET"]}}],"collection":[{"href":"http:\/\/studiokoncept.se\/fr\/wp-json\/wp\/v2\/product"}],"about":[{"href":"http:\/\/studiokoncept.se\/fr\/wp-json\/wp\/v2\/types\/product"}],"version-history":[{"count":0,"href":"http:\/\/studiokoncept.se\/fr\/wp-json\/wp\/v2\/product\/8909\/revisions"}],"wp:featuredmedia":[{"embeddable":true,"href":"http:\/\/studiokoncept.se\/fr\/wp-json\/wp\/v2\/media\/8911"}],"wp:attachment":[{"href":"http:\/\/studiokoncept.se\/fr\/wp-json\/wp\/v2\/media?parent=8909"}],"wp:term":[{"taxonomy":"product_brand","embeddable":true,"href":"http:\/\/studiokoncept.se\/fr\/wp-json\/wp\/v2\/product_brand?post=8909"},{"taxonomy":"product_cat","embeddable":true,"href":"http:\/\/studiokoncept.se\/fr\/wp-json\/wp\/v2\/product_cat?post=8909"},{"taxonomy":"product_tag","embeddable":true,"href":"http:\/\/studiokoncept.se\/fr\/wp-json\/wp\/v2\/product_tag?post=8909"}],"curies":[{"name":"wp","href":"https:\/\/api.w.org\/{rel}","templated":true}]}}