{"id":8843,"date":"2020-10-12T13:14:08","date_gmt":"2020-10-12T11:14:08","guid":{"rendered":"https:\/\/studiokoncept.se\/?post_type=product&#038;p=8843"},"modified":"2025-08-02T08:36:06","modified_gmt":"2025-08-02T06:36:06","slug":"rel-acoustics-s-510","status":"publish","type":"product","link":"http:\/\/studiokoncept.se\/fr\/shop\/hogtalare\/subwoofers\/rel-acoustics-s-510\/","title":{"rendered":"Rel Acoustics S\/510"},"content":{"rendered":"<p>Pour le S\/510, chaque aspect du fonctionnement interne de la g\u00e9n\u00e9ration pr\u00e9c\u00e9dente a \u00e9t\u00e9 examin\u00e9 sans tenir compte de son succ\u00e8s critique et de celui de ses clients. REL a jet\u00e9 un regard neuf sur les exigences en mati\u00e8re de puissance, les am\u00e9liorations apport\u00e9es aux pilotes et les filtres sp\u00e9ciaux, et a mis \u00e0 niveau chacun d'entre eux pour obtenir toutes les performances suppl\u00e9mentaires possibles. Tout cela, ainsi que les raffinements de l'armoire n\u00e9cessaires pour que ces am\u00e9liorations soient bien visibles. Cette derni\u00e8re s\u00e9rie S est un d\u00e9veloppement triomphant qui a d\u00e9pass\u00e9 toutes les attentes de notre \u00e9quipe de conception.<\/p>\n<p>Les exigences de REL \u00e9taient des basses profondes beaucoup plus fortes entre 20 et 35 Hz, une dynamique th\u00e9\u00e2trale consid\u00e9rablement am\u00e9lior\u00e9e et un champ sonore encore plus ouvert et spacieux qui profite \u00e0 la fois \u00e0 la musique et au cin\u00e9ma. Utilisant des amplificateurs NextGen3, r\u00e9gl\u00e9s \u00e0 500 watts avec de grandes r\u00e9serves de puissance, REL a ajout\u00e9 un film l\u00e9ger en fibre de carbone \u00e0 l'arri\u00e8re de l'\u00e9l\u00e9ment pour g\u00e9rer la puissance suppl\u00e9mentaire et a d\u00e9velopp\u00e9 deux nouveaux jeux de filtres personnalis\u00e9s pour extraire le maximum de puissance pure et d'espace. Enfin, le S\/510 a \u00e9t\u00e9 dot\u00e9 de la possibilit\u00e9 d'\u00eatre empil\u00e9 en rang\u00e9es de 4 ou 6 unit\u00e9s, tout comme les mod\u00e8les de r\u00e9f\u00e9rence.<\/p>\n<p>Le S\/510 a n\u00e9cessit\u00e9 des mises \u00e0 niveau de son c\u00f4ne en alliage ContinuousCast\u2122 afin de survivre aux mises \u00e0 niveau massives de puissance. Pour permettre \u00e0 son c\u00f4ne fin en aluminium de survivre \u00e0 500 watts et \u00e0 une longueur de course incroyablement longue, REL a ajout\u00e9 un support ultra-l\u00e9ger en fibre de carbone pure plac\u00e9 strat\u00e9giquement sur des portions de la surface arri\u00e8re du c\u00f4ne. Cela pr\u00e9sente deux avantages : cela renforce et rigidifie le c\u00f4ne et \u00e9limine \u00e9galement la r\u00e9version, ce qui emp\u00eache le reflux \u00e0 l'int\u00e9rieur du caisson d'interf\u00e9rer avec la sortie des basses de la pi\u00e8ce. Il en r\u00e9sulte des basses plus pr\u00e9cises et beaucoup plus profondes.<\/p>\n<p>L'amplificateur NextGen3 de 500W est emprunt\u00e9 au mod\u00e8le phare pr\u00e9c\u00e9dent et offre un \u00e9norme r\u00e9servoir de puissance et de courant. L'augmentation de la puissance de 20 % (la version pr\u00e9c\u00e9dente \u00e9tait de 400 watts) est n\u00e9cessaire pour fournir les niveaux de puissance de sortie \u00e9lev\u00e9s requis pour le th\u00e9\u00e2tre moderne, ainsi que pour produire les basses extr\u00eamement profondes d'un syst\u00e8me 2 canaux haut de gamme. Cette augmentation de la puissance est rendue n\u00e9cessaire par notre d\u00e9veloppement sur le plan musical d'un circuit enti\u00e8rement nouveau appel\u00e9 PerfectFilter\u2122 qui \u00e9quilibre les deux extr\u00eames de fr\u00e9quence.<\/p>\n<p>PerfectFilter remplit deux propri\u00e9t\u00e9s apparemment diff\u00e9rentes : il prolonge la r\u00e9ponse forte et douce des basses fr\u00e9quences extr\u00eamement basses tout en ouvrant l'air et la d\u00e9licatesse des moyennes et hautes fr\u00e9quences de votre syst\u00e8me. En outre, nous avons utilis\u00e9 des filtres PureTheatre\u2122 personnalis\u00e9s pour permettre au S\/510 de suivre les effets th\u00e9\u00e2traux modernes sans transpirer.<\/p>\n<h5>Dans le monde r\u00e9el, la base se produit avec la largeur, la profondeur et la hauteur. En empilant jusqu'\u00e0 trois unit\u00e9s par c\u00f4t\u00e9 (enceintes L-R st\u00e9r\u00e9o ou t\u00eate de th\u00e9\u00e2tre), la perspective et la hauteur correctes des \u00e9v\u00e9nements sonores sont mises en \u00e9vidence. Cela permet d'\u00e9lever la reproduction d'une st\u00e9r\u00e9o conventionnelle ou d'un th\u00e9\u00e2tre \u00e0 une perspective panoramique du sol au plafond \u00e0 l'\u00e9chelle de chaque \u00e9v\u00e9nement sonore. Les critiques font la queue pour s'\u00e9merveiller de la transformation de la musique et des films en une repr\u00e9sentation \u00e0 grande \u00e9chelle que REL Line Arrays offre de mani\u00e8re unique.<\/h5>","protected":false},"excerpt":{"rendered":"<p>Le Rel Acoustics S\/510 est un subwoofer haut de gamme, \u00e9quip\u00e9 d'une unit\u00e9 active de 10 pouces et d'une unit\u00e9 passive de 12 pouces, aliment\u00e9es par un amplificateur de 500W. Il dispose d'entr\u00e9es haut et bas niveau et d'une conception unique empilable pour des performances accrues. Un subwoofer \u00e0 l'allure \u00e9l\u00e9gante et au son puissant.<\/p>\n<p>Pour en savoir plus, consultez les onglets ci-dessous.<\/p>","protected":false},"featured_media":8845,"template":"","meta":[],"product_brand":[],"product_cat":[321],"product_tag":[],"class_list":{"0":"post-8843","1":"product","2":"type-product","3":"status-publish","4":"has-post-thumbnail","6":"product_cat-subwoofers","7":"product_shipping_class-standard","9":"first","10":"instock","11":"taxable","12":"shipping-taxable","13":"purchasable","14":"product-type-variable"},"bundled_by":[],"bundle_stock_status":"instock","bundle_stock_quantity":null,"bundle_virtual":false,"bundle_layout":"","bundle_add_to_cart_form_location":"","bundle_editable_in_cart":false,"bundle_sold_individually_context":"","bundle_item_grouping":"","bundle_min_size":"","bundle_max_size":"","bundle_price":[],"bundled_items":[],"bundle_sell_ids":[],"_links":{"self":[{"href":"http:\/\/studiokoncept.se\/fr\/wp-json\/wp\/v2\/product\/8843","targetHints":{"allow":["GET"]}}],"collection":[{"href":"http:\/\/studiokoncept.se\/fr\/wp-json\/wp\/v2\/product"}],"about":[{"href":"http:\/\/studiokoncept.se\/fr\/wp-json\/wp\/v2\/types\/product"}],"version-history":[{"count":0,"href":"http:\/\/studiokoncept.se\/fr\/wp-json\/wp\/v2\/product\/8843\/revisions"}],"wp:featuredmedia":[{"embeddable":true,"href":"http:\/\/studiokoncept.se\/fr\/wp-json\/wp\/v2\/media\/8845"}],"wp:attachment":[{"href":"http:\/\/studiokoncept.se\/fr\/wp-json\/wp\/v2\/media?parent=8843"}],"wp:term":[{"taxonomy":"product_brand","embeddable":true,"href":"http:\/\/studiokoncept.se\/fr\/wp-json\/wp\/v2\/product_brand?post=8843"},{"taxonomy":"product_cat","embeddable":true,"href":"http:\/\/studiokoncept.se\/fr\/wp-json\/wp\/v2\/product_cat?post=8843"},{"taxonomy":"product_tag","embeddable":true,"href":"http:\/\/studiokoncept.se\/fr\/wp-json\/wp\/v2\/product_tag?post=8843"}],"curies":[{"name":"wp","href":"https:\/\/api.w.org\/{rel}","templated":true}]}}