{"id":8831,"date":"2020-10-12T13:13:45","date_gmt":"2020-10-12T11:13:45","guid":{"rendered":"https:\/\/studiokoncept.se\/?post_type=product&#038;p=8831"},"modified":"2025-08-02T08:37:17","modified_gmt":"2025-08-02T06:37:17","slug":"rel-acoustics-s-812","status":"publish","type":"product","link":"http:\/\/studiokoncept.se\/fr\/shop\/hogtalare\/subwoofers\/rel-acoustics-s-812\/","title":{"rendered":"Rel Acoustics S\/812"},"content":{"rendered":"<p>Le subwoofer S\/812 de REL est devenu une r\u00e9f\u00e9rence dans son segment. Un utilisateur d\u00e9crit son exp\u00e9rience d'achat d'une paire de S\/812 et comment ils ont am\u00e9lior\u00e9 l'exp\u00e9rience sonore dans son syst\u00e8me. L'utilisateur mentionne que son syst\u00e8me pr\u00e9c\u00e9dent sans caisson de basse \u00e9tait satisfaisant, mais qu'il manquait les notes les plus basses, en particulier dans la musique d'orgue et la musique \u00e9lectronique. Apr\u00e8s avoir pris connaissance des connexions de haut niveau de REL et de la promesse d'une sc\u00e8ne sonore plus large\/profonde, d'une image et d'un son am\u00e9lior\u00e9s, il a voulu en savoir plus. L'\u00e9quipe de REL lui a recommand\u00e9 une paire de S\/812, malgr\u00e9 les craintes initiales de l'utilisateur qui pensait qu'ils seraient trop grands et trop puissants pour sa situation. Apr\u00e8s avoir re\u00e7u les S\/812, il a tout de suite \u00e9t\u00e9 tr\u00e8s impressionn\u00e9 par la qualit\u00e9 de fabrication et les premi\u00e8res am\u00e9liorations sonores. En utilisant les vid\u00e9os tutorielles et les instructions en ligne de REL, il a pu maximiser les avantages de l'ajout des S\/812 \u00e0 son syst\u00e8me. Il d\u00e9crit comment m\u00eame les plus petits changements dans le placement et les r\u00e9glages du caisson de basse ont eu un impact significatif sur le son global du syst\u00e8me. Gr\u00e2ce aux S\/812, il peut d\u00e9sormais entendre clairement des d\u00e9tails tels que les cordes vibrantes d'un violon ou d'un piano, le vibrato de la voix d'un chanteur, la r\u00e9sonance bois\u00e9e de la note la plus basse d'une contrebasse ou d'un orgue d'\u00e9glise, ainsi que les d\u00e9tails audio captur\u00e9s par la pi\u00e8ce o\u00f9 l'enregistrement a \u00e9t\u00e9 r\u00e9alis\u00e9.<\/p>","protected":false},"excerpt":{"rendered":"<h3>Le S\/812 prim\u00e9 de Rel Acoustics.<\/h3>\n<p>Le S\/812 de REL est un subwoofer qui porte le concept de ch\u00e2ssis moyen de REL \u00e0 des niveaux de performance de r\u00e9f\u00e9rence avec style, beaut\u00e9 et puissance d\u00e9vastatrice.<\/p>\n<p>Il offre des niveaux incroyables de performances globales pour la musique et les films, donnant aux clients un aper\u00e7u de ce qu'offrent leurs mod\u00e8les de r\u00e9f\u00e9rence, et ce pour une fraction du prix.<\/p>","protected":false},"featured_media":8838,"template":"","meta":[],"product_brand":[],"product_cat":[321],"product_tag":[],"class_list":{"0":"post-8831","1":"product","2":"type-product","3":"status-publish","4":"has-post-thumbnail","6":"product_cat-subwoofers","7":"product_shipping_class-standard","9":"first","10":"instock","11":"taxable","12":"shipping-taxable","13":"purchasable","14":"product-type-variable"},"bundled_by":[],"bundle_stock_status":"instock","bundle_stock_quantity":null,"bundle_virtual":false,"bundle_layout":"","bundle_add_to_cart_form_location":"","bundle_editable_in_cart":false,"bundle_sold_individually_context":"","bundle_item_grouping":"","bundle_min_size":"","bundle_max_size":"","bundle_price":[],"bundled_items":[],"bundle_sell_ids":[],"_links":{"self":[{"href":"http:\/\/studiokoncept.se\/fr\/wp-json\/wp\/v2\/product\/8831","targetHints":{"allow":["GET"]}}],"collection":[{"href":"http:\/\/studiokoncept.se\/fr\/wp-json\/wp\/v2\/product"}],"about":[{"href":"http:\/\/studiokoncept.se\/fr\/wp-json\/wp\/v2\/types\/product"}],"version-history":[{"count":0,"href":"http:\/\/studiokoncept.se\/fr\/wp-json\/wp\/v2\/product\/8831\/revisions"}],"wp:featuredmedia":[{"embeddable":true,"href":"http:\/\/studiokoncept.se\/fr\/wp-json\/wp\/v2\/media\/8838"}],"wp:attachment":[{"href":"http:\/\/studiokoncept.se\/fr\/wp-json\/wp\/v2\/media?parent=8831"}],"wp:term":[{"taxonomy":"product_brand","embeddable":true,"href":"http:\/\/studiokoncept.se\/fr\/wp-json\/wp\/v2\/product_brand?post=8831"},{"taxonomy":"product_cat","embeddable":true,"href":"http:\/\/studiokoncept.se\/fr\/wp-json\/wp\/v2\/product_cat?post=8831"},{"taxonomy":"product_tag","embeddable":true,"href":"http:\/\/studiokoncept.se\/fr\/wp-json\/wp\/v2\/product_tag?post=8831"}],"curies":[{"name":"wp","href":"https:\/\/api.w.org\/{rel}","templated":true}]}}