{"id":8813,"date":"2020-10-12T13:12:29","date_gmt":"2020-10-12T11:12:29","guid":{"rendered":"https:\/\/studiokoncept.se\/?post_type=product&#038;p=8813"},"modified":"2025-08-02T08:38:08","modified_gmt":"2025-08-02T06:38:08","slug":"rel-carbon-special-subwoofer","status":"publish","type":"product","link":"http:\/\/studiokoncept.se\/fr\/shop\/hogtalare\/subwoofers\/rel-carbon-special-subwoofer\/","title":{"rendered":"REL Acoustics Carbon Special subwoofer"},"content":{"rendered":"<h3>PERFORMANCE DE R\u00c9F\u00c9RENCE POUR UNE TAILLE MOYENNE<\/h3>\n<p>Alors que les \u00e9ditions sp\u00e9ciales pr\u00e9c\u00e9dentes utilisaient des caissons, des haut-parleurs et des filtres existants, le Carbon Special utilise de nombreux \u00e9l\u00e9ments d\u00e9velopp\u00e9s uniquement pour lui. Ils utilisent le tout nouvel \u00e9l\u00e9ment en fibre de carbone BlackWidow 12\" (350 mm), d\u00e9velopp\u00e9 pour offrir un \u00e9quilibre dynamique sup\u00e9rieur sur toute la plage de ses importants amortisseurs avant et arri\u00e8re de 4\" (100 mm). Il est mieux \u00e0 m\u00eame de g\u00e9rer l'immense puissance n\u00e9cessaire pour offrir une dynamique explosive. REL l'a associ\u00e9 au NextGen 5, un amplificateur de 1 000 watts qui s'est av\u00e9r\u00e9 \u00eatre \u00e0 la fois une merveille sonore et une fiabilit\u00e9 absolue. Tout cela est contr\u00f4l\u00e9 par un CS PerfectFilter, une version sp\u00e9cialement con\u00e7ue du dernier d\u00e9veloppement de filtre qui am\u00e9liore les deux extr\u00e9mit\u00e9s du spectre. Il offre des cr\u00eates a\u00e9r\u00e9es et d\u00e9licates avec une plus grande port\u00e9e dans les r\u00e9gions inf\u00e9rieures de la sc\u00e8ne sonore, ainsi qu'un rendu plus vrai et plus puissant des ultra-basses. Si cela semble trop beau pour \u00eatre vrai, c'est presque le cas.<\/p>\n<p>Le ch\u00e2ssis est plus profond que les pr\u00e9c\u00e9dents ch\u00e2ssis de taille moyenne afin d'optimiser les performances de ce nouveau conducteur. Son look est raffin\u00e9 et mature, avec une utilisation subtile de d\u00e9tails en fibre de carbone parsem\u00e9s d'accents en chrome et en acier inoxydable poli. REL pense que le Carbon Special deviendra l'un des subwoofers ultra-hautes performances les plus recherch\u00e9s de tous les temps.<\/p>","protected":false},"excerpt":{"rendered":"<p>Rels Carbon Special : sonne comme un plus gros sous-marin et r\u00e9agit avec la m\u00eame vitesse qu'un plus petit. La suspension interne a \u00e9t\u00e9 r\u00e9gl\u00e9e pour tirer parti de la membrane ultra-l\u00e9g\u00e8re et rapide de la fibre de carbone, g\u00e9n\u00e9rant plus de dynamique, de vitesse et d'explosivit\u00e9, car la rigidit\u00e9 de la membrane s'att\u00e9nue \u00e9galement plus rapidement.<\/p>\n<p>Pr\u00e9par\u00e9 pour Airship.<\/p>\n<p>Enorme ressource de puissance avec ses 1 000 W.<\/p>\n<p>Ils peuvent \u00eatre plac\u00e9s les uns sur les autres.<\/p>\n<p><strong>Pour en savoir plus, consultez les onglets ci-dessous<\/strong><\/p>","protected":false},"featured_media":8821,"template":"","meta":[],"product_brand":[],"product_cat":[321],"product_tag":[],"class_list":{"0":"post-8813","1":"product","2":"type-product","3":"status-publish","4":"has-post-thumbnail","6":"product_cat-subwoofers","7":"product_shipping_class-standard","9":"first","10":"instock","11":"taxable","12":"shipping-taxable","13":"purchasable","14":"product-type-simple"},"bundled_by":[],"bundle_stock_status":"instock","bundle_stock_quantity":null,"bundle_virtual":false,"bundle_layout":"","bundle_add_to_cart_form_location":"","bundle_editable_in_cart":false,"bundle_sold_individually_context":"","bundle_item_grouping":"","bundle_min_size":"","bundle_max_size":"","bundle_price":[],"bundled_items":[],"bundle_sell_ids":[],"_links":{"self":[{"href":"http:\/\/studiokoncept.se\/fr\/wp-json\/wp\/v2\/product\/8813","targetHints":{"allow":["GET"]}}],"collection":[{"href":"http:\/\/studiokoncept.se\/fr\/wp-json\/wp\/v2\/product"}],"about":[{"href":"http:\/\/studiokoncept.se\/fr\/wp-json\/wp\/v2\/types\/product"}],"version-history":[{"count":0,"href":"http:\/\/studiokoncept.se\/fr\/wp-json\/wp\/v2\/product\/8813\/revisions"}],"wp:featuredmedia":[{"embeddable":true,"href":"http:\/\/studiokoncept.se\/fr\/wp-json\/wp\/v2\/media\/8821"}],"wp:attachment":[{"href":"http:\/\/studiokoncept.se\/fr\/wp-json\/wp\/v2\/media?parent=8813"}],"wp:term":[{"taxonomy":"product_brand","embeddable":true,"href":"http:\/\/studiokoncept.se\/fr\/wp-json\/wp\/v2\/product_brand?post=8813"},{"taxonomy":"product_cat","embeddable":true,"href":"http:\/\/studiokoncept.se\/fr\/wp-json\/wp\/v2\/product_cat?post=8813"},{"taxonomy":"product_tag","embeddable":true,"href":"http:\/\/studiokoncept.se\/fr\/wp-json\/wp\/v2\/product_tag?post=8813"}],"curies":[{"name":"wp","href":"https:\/\/api.w.org\/{rel}","templated":true}]}}