{"id":8772,"date":"2020-09-05T20:02:54","date_gmt":"2020-09-05T18:02:54","guid":{"rendered":"https:\/\/studiokoncept.se\/?post_type=product&#038;p=8772"},"modified":"2025-03-02T22:11:21","modified_gmt":"2025-03-02T21:11:21","slug":"neotech-sahara-balanserad-signalkabel-xlr","status":"publish","type":"product","link":"http:\/\/studiokoncept.se\/fr\/shop\/kablar\/analoga-kablar\/xlr-balanserade-signalkablar\/neotech-sahara-balanserad-signalkabel-xlr\/","title":{"rendered":"C\u00e2ble de signal \u00e9quilibr\u00e9 Neotech Sahara (XLR)"},"content":{"rendered":"<p><h3><\/h3><\/p>","protected":false},"excerpt":{"rendered":"<p>C\u00e2ble de signal absolument fantastique \u00e0 la fois pour la Hi-Fi et comme c\u00e2ble de microphone mod\u00e8le ultra deluxe :-). Je l'ai test\u00e9 avec le microphone Brauners mod\u00e8le VM1. Absolument inoubliable ! Suck !<\/p>","protected":false},"featured_media":6517,"template":"","meta":[],"product_brand":[],"product_cat":[686,169,630],"product_tag":[],"class_list":{"0":"post-8772","1":"product","2":"type-product","3":"status-publish","4":"has-post-thumbnail","6":"product_cat-analoga-kablar","7":"product_cat-kablar","8":"product_cat-xlr-balanserade-signalkablar","9":"product_shipping_class-standard","11":"first","12":"instock","13":"taxable","14":"shipping-taxable","15":"purchasable","16":"product-type-variable"},"bundled_by":[],"bundle_stock_status":"instock","bundle_stock_quantity":null,"bundle_virtual":false,"bundle_layout":"","bundle_add_to_cart_form_location":"","bundle_editable_in_cart":false,"bundle_sold_individually_context":"","bundle_item_grouping":"","bundle_min_size":"","bundle_max_size":"","bundle_price":[],"bundled_items":[],"bundle_sell_ids":[],"_links":{"self":[{"href":"http:\/\/studiokoncept.se\/fr\/wp-json\/wp\/v2\/product\/8772","targetHints":{"allow":["GET"]}}],"collection":[{"href":"http:\/\/studiokoncept.se\/fr\/wp-json\/wp\/v2\/product"}],"about":[{"href":"http:\/\/studiokoncept.se\/fr\/wp-json\/wp\/v2\/types\/product"}],"version-history":[{"count":0,"href":"http:\/\/studiokoncept.se\/fr\/wp-json\/wp\/v2\/product\/8772\/revisions"}],"wp:featuredmedia":[{"embeddable":true,"href":"http:\/\/studiokoncept.se\/fr\/wp-json\/wp\/v2\/media\/6517"}],"wp:attachment":[{"href":"http:\/\/studiokoncept.se\/fr\/wp-json\/wp\/v2\/media?parent=8772"}],"wp:term":[{"taxonomy":"product_brand","embeddable":true,"href":"http:\/\/studiokoncept.se\/fr\/wp-json\/wp\/v2\/product_brand?post=8772"},{"taxonomy":"product_cat","embeddable":true,"href":"http:\/\/studiokoncept.se\/fr\/wp-json\/wp\/v2\/product_cat?post=8772"},{"taxonomy":"product_tag","embeddable":true,"href":"http:\/\/studiokoncept.se\/fr\/wp-json\/wp\/v2\/product_tag?post=8772"}],"curies":[{"name":"wp","href":"https:\/\/api.w.org\/{rel}","templated":true}]}}