{"id":8761,"date":"2020-09-05T19:55:25","date_gmt":"2020-09-05T17:55:25","guid":{"rendered":"https:\/\/studiokoncept.se\/?post_type=product&#038;p=8761"},"modified":"2025-03-02T22:13:56","modified_gmt":"2025-03-02T21:13:56","slug":"neotech-natkabel-sahara","status":"publish","type":"product","link":"http:\/\/studiokoncept.se\/fr\/shop\/kablar\/natkablar\/ac-vaxelstrom\/neotech-natkabel-sahara\/","title":{"rendered":"C\u00e2ble d'alimentation Neotech Sahara"},"content":{"rendered":"<h3><\/h3>","protected":false},"excerpt":{"rendered":"<p>Un c\u00e2ble d'alimentation en cuivre exceptionnel de Neotech.<\/p>\n<p>Si vous souhaitez effectuer une mise \u00e0 niveau, testez ce qui se passe avec ce c\u00e2ble d'alimentation. Quelle libert\u00e9 musicale elle offre.<\/p>","protected":false},"featured_media":6514,"template":"","meta":[],"product_brand":[],"product_cat":[631,169,174],"product_tag":[723],"class_list":{"0":"post-8761","1":"product","2":"type-product","3":"status-publish","4":"has-post-thumbnail","6":"product_cat-ac-vaxelstrom","7":"product_cat-kablar","8":"product_cat-natkablar","9":"product_tag-neotech-stromkablar","10":"product_shipping_class-standard","12":"first","13":"instock","14":"taxable","15":"shipping-taxable","16":"purchasable","17":"product-type-variable","18":"has-default-attributes"},"bundled_by":[],"bundle_stock_status":"instock","bundle_stock_quantity":null,"bundle_virtual":false,"bundle_layout":"","bundle_add_to_cart_form_location":"","bundle_editable_in_cart":false,"bundle_sold_individually_context":"","bundle_item_grouping":"","bundle_min_size":"","bundle_max_size":"","bundle_price":[],"bundled_items":[],"bundle_sell_ids":[],"_links":{"self":[{"href":"http:\/\/studiokoncept.se\/fr\/wp-json\/wp\/v2\/product\/8761","targetHints":{"allow":["GET"]}}],"collection":[{"href":"http:\/\/studiokoncept.se\/fr\/wp-json\/wp\/v2\/product"}],"about":[{"href":"http:\/\/studiokoncept.se\/fr\/wp-json\/wp\/v2\/types\/product"}],"version-history":[{"count":0,"href":"http:\/\/studiokoncept.se\/fr\/wp-json\/wp\/v2\/product\/8761\/revisions"}],"wp:featuredmedia":[{"embeddable":true,"href":"http:\/\/studiokoncept.se\/fr\/wp-json\/wp\/v2\/media\/6514"}],"wp:attachment":[{"href":"http:\/\/studiokoncept.se\/fr\/wp-json\/wp\/v2\/media?parent=8761"}],"wp:term":[{"taxonomy":"product_brand","embeddable":true,"href":"http:\/\/studiokoncept.se\/fr\/wp-json\/wp\/v2\/product_brand?post=8761"},{"taxonomy":"product_cat","embeddable":true,"href":"http:\/\/studiokoncept.se\/fr\/wp-json\/wp\/v2\/product_cat?post=8761"},{"taxonomy":"product_tag","embeddable":true,"href":"http:\/\/studiokoncept.se\/fr\/wp-json\/wp\/v2\/product_tag?post=8761"}],"curies":[{"name":"wp","href":"https:\/\/api.w.org\/{rel}","templated":true}]}}