{"id":8185,"date":"2021-07-19T21:29:35","date_gmt":"2021-07-19T19:29:35","guid":{"rendered":"https:\/\/studiokoncept.se\/?post_type=product&#038;p=8185"},"modified":"2025-01-26T09:25:56","modified_gmt":"2025-01-26T08:25:56","slug":"gold-note-giglio-med-tillbehor","status":"publish","type":"product","link":"http:\/\/studiokoncept.se\/fr\/shop\/vinyl\/skivspelare\/gold-note-giglio-med-tillbehor\/","title":{"rendered":"Gold Note Giglio"},"content":{"rendered":"<p>Giglio est, apr\u00e8s Mediterraneo, l'une des meilleures cr\u00e9ations de Gold Note : elle red\u00e9finit la forme classique d'une platine en utilisant des mat\u00e9riaux de qualit\u00e9 et des solutions techniques qui portent la tradition et la technologie \u00e0 de nouveaux niveaux dans ces platines fabriqu\u00e9es \u00e0 la main.<\/p>\n<p>La conception du corps incurv\u00e9 en forme de cat\u00e9naire est d\u00e9riv\u00e9e de l'une des d\u00e9couvertes les plus importantes de la Renaissance, ce qui lui conf\u00e8re une rigidit\u00e9 accrue et permet au Giglio de reproduire les \u00e9v\u00e9nements musicaux avec une pr\u00e9cision \u00e9tonnante. Le cadre inf\u00e9rieur est fabriqu\u00e9 \u00e0 partir de mat\u00e9riaux sophistiqu\u00e9s et d'origine locale, tels que le noyer, choisi pour son \u00e9lasticit\u00e9 exceptionnelle, sa r\u00e9sistance et sa haute densit\u00e9. La base en bois est fermement positionn\u00e9e sur trois pointes \u00e9l\u00e9gantes et r\u00e9glables en aluminium anodis\u00e9.<\/p>\n<p>Gold Note utilise des vernis de protection respectueux de l'environnement pour tous ses lecteurs de disques en noyer.<\/p>\n<p>Le Giglio est dot\u00e9 d'un disque de 33 mm d'\u00e9paisseur et d'un syst\u00e8me de roulements et de broches de pr\u00e9cision con\u00e7u pour des tol\u00e9rances tr\u00e8s faibles. La poulie polie a une forme de sablier qui permet \u00e0 la courroie de tourner r\u00e9guli\u00e8rement, ce qui r\u00e9duit consid\u00e9rablement l'effet \"Wow &amp; Flutter\" et le grondement.<br \/>\nL'alimentation du moteur synchrone de 12 volts a \u00e9t\u00e9 sp\u00e9cialement con\u00e7ue pour garantir de bonnes conditions de reproduction musicale.<br \/>\nGr\u00e2ce \u00e0 notre syst\u00e8me exclusif de gestion de l'\u00e9nergie bas\u00e9 sur un microcontr\u00f4leur Quadral-Core, Giglio r\u00e9duit efficacement les vibrations et d\u00e9veloppe le couple \u00e9lev\u00e9 n\u00e9cessaire pour obtenir une dynamique et une r\u00e9solution musicales optimales.<br \/>\nL'unit\u00e9 d'alimentation contr\u00f4le \u00e9lectroniquement les vitesses 33\u2153rpm et 45rpm ainsi que le r\u00e9glage fin de la vitesse, et garde tous les r\u00e9glages en m\u00e9moire.<\/p>\n<p>AUGMENTER AVEC :<\/p>\n<ul>\n<li>Le bloc d'alimentation s\u00e9par\u00e9 <a href=\"https:\/\/studiokoncept.se\/fr\/shop\/elektronik\/separat-natdel\/gold-note-pst-10\/\" target=\"_blank\" rel=\"noopener\">PST-10<\/a>. Il s'agit d'une recommandation tr\u00e8s chaleureuse. Il est disponible \u00e0 l'achat \u00e0 un prix r\u00e9duit ci-dessous.<\/li>\n<li>Le meilleur bras de lecture <a href=\"https:\/\/studiokoncept.se\/fr\/shop\/vinyl\/tonarmar\/gold-note-b-7-ceramic\/\" target=\"_blank\" rel=\"noopener\">B-7 C\u00e9ramique<\/a>. Il est \u00e9galement disponible \u00e0 l'achat ci-dessous. Il remplace le bras de lecture B-5 par un bras de lecture B-7 en c\u00e9ramique.<\/li>\n<\/ul>","protected":false},"excerpt":{"rendered":"<h3>La combinaison du \"plaisir de l'oreille et de l'\u0153il\" s'est concr\u00e9tis\u00e9e !<\/h3>\n<p><a href=\"https:\/\/studiokoncept.se\/wp-content\/uploads\/Vumetrelogo.png\"><img decoding=\"async\" class=\"alignleft wp-image-6781 size-full\" src=\"https:\/\/studiokoncept.se\/wp-content\/uploads\/Vumetrelogo.png\" alt=\"\" width=\"180\" height=\"63\" srcset=\"https:\/\/studiokoncept.se\/wp-content\/uploads\/Vumetrelogo.png 200w, https:\/\/studiokoncept.se\/wp-content\/uploads\/Vumetrelogo-150x53.png 150w, https:\/\/studiokoncept.se\/wp-content\/uploads\/Vumetrelogo-50x18.png 50w\" sizes=\"(max-width: 180px) 100vw, 180px\" \/><\/a> \"Giglio est un v\u00e9ritable s\u00e9ducteur et ses belles lignes vous guideront vers de nombreuses s\u00e9ances d'\u00e9coute raffin\u00e9es. Il est difficile de r\u00e9sister \u00e0 ce miracle analogique ! \"VUm\u00e8tre Gold Notes Giglio : une combinaison de design technique raffin\u00e9 et de lignes douces et \u00e9l\u00e9gantes, un vrai gain de qualit\u00e9 de la part de Pianosa. Sans oublier une base saine. Avec le rack <a href=\"https:\/\/studiokoncept.se\/fr\/produit\/gold-note-galileo-rack\/\" target=\"_blank\" rel=\"noopener noreferrer\">Galileo<\/a> c'est aussi un r\u00eave de design. Le bras de lecture B-5.1 et la housse de protection sont inclus. Il est possible d'acheter un meilleur bras de lecture. <a href=\"https:\/\/studiokoncept.se\/fr\/shop\/vinyl\/tonarmar\/gold-note-b-7-ceramic\/\" target=\"_blank\" rel=\"noopener\">B-7 C\u00e9ramique<\/a> et le bloc d'alimentation s\u00e9par\u00e9 <a href=\"https:\/\/studiokoncept.se\/fr\/shop\/elektronik\/separat-natdel\/gold-note-pst-10\/\" target=\"_blank\" rel=\"noopener\">PST-10<\/a> ci-dessous.<\/p>","protected":false},"featured_media":6655,"template":"","meta":[],"product_brand":[],"product_cat":[320],"product_tag":[812],"class_list":{"0":"post-8185","1":"product","2":"type-product","3":"status-publish","4":"has-post-thumbnail","6":"product_cat-skivspelare","7":"product_tag-gold-note-giglio","8":"product_shipping_class-standard","10":"first","11":"instock","12":"taxable","13":"shipping-taxable","14":"purchasable","15":"product-type-simple"},"bundled_by":[],"bundle_stock_status":"instock","bundle_stock_quantity":null,"bundle_virtual":false,"bundle_layout":"","bundle_add_to_cart_form_location":"","bundle_editable_in_cart":false,"bundle_sold_individually_context":"","bundle_item_grouping":"","bundle_min_size":"","bundle_max_size":"","bundle_price":[],"bundled_items":[],"bundle_sell_ids":[],"_links":{"self":[{"href":"http:\/\/studiokoncept.se\/fr\/wp-json\/wp\/v2\/product\/8185","targetHints":{"allow":["GET"]}}],"collection":[{"href":"http:\/\/studiokoncept.se\/fr\/wp-json\/wp\/v2\/product"}],"about":[{"href":"http:\/\/studiokoncept.se\/fr\/wp-json\/wp\/v2\/types\/product"}],"version-history":[{"count":0,"href":"http:\/\/studiokoncept.se\/fr\/wp-json\/wp\/v2\/product\/8185\/revisions"}],"wp:featuredmedia":[{"embeddable":true,"href":"http:\/\/studiokoncept.se\/fr\/wp-json\/wp\/v2\/media\/6655"}],"wp:attachment":[{"href":"http:\/\/studiokoncept.se\/fr\/wp-json\/wp\/v2\/media?parent=8185"}],"wp:term":[{"taxonomy":"product_brand","embeddable":true,"href":"http:\/\/studiokoncept.se\/fr\/wp-json\/wp\/v2\/product_brand?post=8185"},{"taxonomy":"product_cat","embeddable":true,"href":"http:\/\/studiokoncept.se\/fr\/wp-json\/wp\/v2\/product_cat?post=8185"},{"taxonomy":"product_tag","embeddable":true,"href":"http:\/\/studiokoncept.se\/fr\/wp-json\/wp\/v2\/product_tag?post=8185"}],"curies":[{"name":"wp","href":"https:\/\/api.w.org\/{rel}","templated":true}]}}