{"id":7250,"date":"2021-07-19T22:49:48","date_gmt":"2021-07-19T20:49:48","guid":{"rendered":"https:\/\/studiokoncept.se\/?post_type=product&#038;p=7250"},"modified":"2025-01-26T13:27:28","modified_gmt":"2025-01-26T12:27:28","slug":"gold-note-ds-1000-mkii","status":"publish","type":"product","link":"http:\/\/studiokoncept.se\/fr\/shop\/elektronik\/dac\/gold-note-ds-1000-mkii\/","title":{"rendered":"Gold Note DS-1000 EVO"},"content":{"rendered":"<p><strong>Source num\u00e9rique Gold Notes pour syst\u00e8mes haut de gamme DS-1000 EVO<\/strong> est la nouvelle g\u00e9n\u00e9ration de Streamer\/DAC de Gold Note, con\u00e7u pour repousser les limites de l'audio num\u00e9rique vers de nouveaux sommets. Il s'agit sans aucun doute d'une source audio num\u00e9rique pour un syst\u00e8me haut de gamme ! Le DS-1000 EVO est dot\u00e9 d'un double DAC mono qui utilise un circuit DAC par canal pour offrir une qualit\u00e9 sonore, une s\u00e9paration des canaux, une diaphonie et une dynamique optimales. L'\u00e9tage de sortie \u00e0 composants discrets de classe A garantit une musicalit\u00e9 et un r\u00e9alisme exceptionnels. La derni\u00e8re technologie en mati\u00e8re d'audio num\u00e9rique permet \u00e9galement une r\u00e9solution extr\u00eamement \u00e9lev\u00e9e, jusqu'\u00e0 DSD512 et PCM 32bit\/384kHz. Vous pouvez ainsi profiter des d\u00e9tails les plus fins lors de la diffusion en continu \u00e0 partir de Tidal (et Tidal Connect), Qobuz, Spotify Connect, vTuner et des serveurs multim\u00e9dias UPnP\/DLNA. Le DS-1000 EVO est \u00e9galement compatible avec Roon et offre Airplay 2 et Bluetooth. Il est disponible en deux mod\u00e8les : le DS-1000 EVO et le DS-1000 EVO LINE. Le mod\u00e8le EVO LINE poss\u00e8de un \u00e9tage pr\u00e9amplificateur de classe A int\u00e9gr\u00e9, une version miniature du grand pr\u00e9amplificateur. <a href=\"https:\/\/studiokoncept.se\/fr\/shop\/elektronik\/forsteg\/gold-note-p-1000-forsteg\/\" target=\"_blank\" rel=\"noopener\">P-1000<\/a>Il est \u00e9quip\u00e9 d'une paire d'entr\u00e9es RCA asym\u00e9triques et d'une paire d'entr\u00e9es XLR sym\u00e9triques.<\/p>\n<h4>Mise \u00e0 niveau avec :<\/h4>\n<ol>\n<li><a href=\"https:\/\/studiokoncept.se\/fr\/shop\/elektronik\/separat-natdel\/gold-note-psu-1000psu-1000-serien-externa-natdelar\/\" target=\"_blank\" rel=\"noopener\">Gold Note PSU-1000 <\/a> des blocs d'alimentation s\u00e9par\u00e9s pour encore plus de contour et de calme, qui sont \u00e9galement propos\u00e9es \u00e0 prix r\u00e9duit ci-dessous.<\/li>\n<li><a href=\"https:\/\/studiokoncept.se\/fr\/shop\/elektronik\/forsteg\/gold-note-tube-1012linjesteg-med-ror\/\" target=\"_blank\" rel=\"noopener\">Gold Note TUBE <\/a>Le coup de g\u00e9nie de Gold Note : \u00e9tages de sortie \u00e1 tubes; pour plus de nuances, de r\u00e9alisme, de fluidit\u00e9.....<\/li>\n<\/ol>","protected":false},"excerpt":{"rendered":"<p>Le Gold Note DS-1000 EVO est la nouvelle combinaison haut de gamme de DAC et de streamer de Gold Note. Il d\u00e9livre un son de qualit\u00e9 audiophile \u00e0 partir d'un DAC et d'un streamer d\u00e9di\u00e9s. <strong>Conception d'un double DAC mono<\/strong><br \/>\net poss\u00e8de des fonctions de lecteur r\u00e9seau pour vous aider \u00e0 profiter de votre musique pr\u00e9f\u00e9r\u00e9e \u00e0 partir de services de streaming haute d\u00e9finition, radio, LAN et Wifi, cl\u00e9s USB et disques durs, toujours avec la meilleure qualit\u00e9 sonore. Il est dot\u00e9 d'un grand \u00e9cran TFT de 3,5 pouces qui affiche toutes les informations relatives \u00e0 l'appareil dans un menu clair et facile \u00e0 parcourir, indiquant toutes les options : entr\u00e9es num\u00e9riques USB, stations de radio, serveur multim\u00e9dia. Il est \u00e9galement disponible avec un \u00e9tage pr\u00e9amplificateur, l'EVO LINE, une version plus petite de l'\u00e9tage pr\u00e9amplificateur. <a href=\"https:\/\/studiokoncept.se\/fr\/shop\/elektronik\/forsteg\/gold-note-p-1000-forsteg\/\" target=\"_blank\" rel=\"noopener\">P-1000<\/a>. Voir \u00e9galement l'onglet ci-dessous pour les options de mise \u00e0 niveau.<\/p>","protected":false},"featured_media":19326,"template":"","meta":[],"product_brand":[],"product_cat":[164,160,681],"product_tag":[817],"class_list":{"0":"post-7250","1":"product","2":"type-product","3":"status-publish","4":"has-post-thumbnail","6":"product_cat-dac","7":"product_cat-forsteg","8":"product_cat-streaming","9":"product_tag-gold-note-ds-1000","10":"product_shipping_class-standard","12":"first","13":"instock","14":"taxable","15":"shipping-taxable","16":"purchasable","17":"product-type-variable","18":"has-default-attributes"},"bundled_by":["7335","7336","17237","17585","19284"],"bundle_stock_status":"instock","bundle_stock_quantity":null,"bundle_virtual":false,"bundle_layout":"","bundle_add_to_cart_form_location":"","bundle_editable_in_cart":false,"bundle_sold_individually_context":"","bundle_item_grouping":"","bundle_min_size":"","bundle_max_size":"","bundle_price":[],"bundled_items":[],"bundle_sell_ids":[],"_links":{"self":[{"href":"http:\/\/studiokoncept.se\/fr\/wp-json\/wp\/v2\/product\/7250","targetHints":{"allow":["GET"]}}],"collection":[{"href":"http:\/\/studiokoncept.se\/fr\/wp-json\/wp\/v2\/product"}],"about":[{"href":"http:\/\/studiokoncept.se\/fr\/wp-json\/wp\/v2\/types\/product"}],"version-history":[{"count":0,"href":"http:\/\/studiokoncept.se\/fr\/wp-json\/wp\/v2\/product\/7250\/revisions"}],"wp:featuredmedia":[{"embeddable":true,"href":"http:\/\/studiokoncept.se\/fr\/wp-json\/wp\/v2\/media\/19326"}],"wp:attachment":[{"href":"http:\/\/studiokoncept.se\/fr\/wp-json\/wp\/v2\/media?parent=7250"}],"wp:term":[{"taxonomy":"product_brand","embeddable":true,"href":"http:\/\/studiokoncept.se\/fr\/wp-json\/wp\/v2\/product_brand?post=7250"},{"taxonomy":"product_cat","embeddable":true,"href":"http:\/\/studiokoncept.se\/fr\/wp-json\/wp\/v2\/product_cat?post=7250"},{"taxonomy":"product_tag","embeddable":true,"href":"http:\/\/studiokoncept.se\/fr\/wp-json\/wp\/v2\/product_tag?post=7250"}],"curies":[{"name":"wp","href":"https:\/\/api.w.org\/{rel}","templated":true}]}}