{"id":6978,"date":"2021-07-19T23:29:23","date_gmt":"2021-07-19T21:29:23","guid":{"rendered":"https:\/\/studiokoncept.se\/?post_type=product&#038;p=6978"},"modified":"2025-01-26T09:34:38","modified_gmt":"2025-01-26T08:34:38","slug":"gold-note-ph-10-phono-forsteg","status":"publish","type":"product","link":"http:\/\/studiokoncept.se\/fr\/shop\/vinyl\/riaa\/gold-note-ph-10-phono-forsteg\/","title":{"rendered":"Pr\u00e9amplificateur phono Gold Note PH-10"},"content":{"rendered":"<p>L'amplificateur phono polyvalent PH-10 est richement \u00e9quip\u00e9 de fonctions telles que des courbes d'\u00e9galisation, des r\u00e9glages de charge et de gain, et une construction enti\u00e8rement analogique, con\u00e7ue avec des composants haut de gamme pour recr\u00e9er la musique de la mani\u00e8re la plus naturelle qui soit. Il est \u00e9quip\u00e9 d'un bouton de contr\u00f4le simple et convivial qui permet des r\u00e9glages en temps r\u00e9el pendant la lecture. L'amplificateur vous permet de choisir la courbe d'\u00e9galisation la plus appropri\u00e9e pour chaque disque, et chaque courbe peut \u00eatre appr\u00e9ci\u00e9e au maximum gr\u00e2ce \u00e0 la technologie propri\u00e9taire de Gold Note. Avec neuf options de charge diff\u00e9rentes et quatre options de gain, le PH-10 peut \u00eatre r\u00e9gl\u00e9 pour obtenir la meilleure qualit\u00e9 sonore possible.<br \/>\nAvec deux entr\u00e9es RCA s\u00e9par\u00e9es, le PH-10 peut \u00e9galement \u00eatre connect\u00e9 \u00e0 deux bras diff\u00e9rents, en gardant les r\u00e9glages en m\u00e9moire m\u00eame lorsque l'unit\u00e9 est \u00e9teinte. Pour maximiser ses performances, le PSU-10, une alimentation externe d\u00e9di\u00e9e, peut \u00eatre utilis\u00e9 avec le PH-10 pour obtenir le son le plus r\u00e9aliste avec une meilleure dynamique et une meilleure sc\u00e8ne sonore. Dans l'ensemble, le PH-10 offre une facilit\u00e9 d'utilisation et une flexibilit\u00e9 impressionnantes pour une qualit\u00e9 sonore et un r\u00e9alisme musical excellents.<\/p>\n<h4>Mise \u00e0 niveau :<\/h4>\n<p><a href=\"https:\/\/studiokoncept.se\/fr\/shop\/elektronik\/separat-natdel\/gold-note-psu-10-induktiv-natdel\/\" target=\"_blank\" rel=\"noopener\">PSU-10,<\/a> l'alimentation s\u00e9par\u00e9e pour le PH-10, est une am\u00e9lioration \u00e9vidente et peut \u00eatre achet\u00e9e \u00e0 un prix r\u00e9duit ci-dessous.<\/p>","protected":false},"excerpt":{"rendered":"<p>Le PH-10 est un amplificateur \u00e0 \u00e9tage phono tr\u00e8s polyvalent et flexible qui offre des fonctions telles que les courbes d'\u00e9galisation, les r\u00e9glages LOAD et GAIN dans une conception enti\u00e8rement analogique qui recr\u00e9e la musique de mani\u00e8re naturelle. Pour contr\u00f4ler le PH-10, Gold Note a mis au point une commande \u00e0 bouton unique (SKC) conviviale, dot\u00e9e d'un \u00e9cran couleur, qui permet d'effectuer des r\u00e9glages en temps r\u00e9el pendant la lecture de la musique. Le PH-10 vous permet de s\u00e9lectionner la courbe d'\u00e9galisation appropri\u00e9e pour chaque disque : RIAA, DECCA LONDON ou AMERICAN COLUMBIA, et chaque courbe peut \u00eatre am\u00e9lior\u00e9e gr\u00e2ce \u00e0 une technologie de pointe. Le PH-10 dispose de neuf options de charge et de quatre options de gain, parfaites pour les micros MM et MC. Le PH-10 poss\u00e8de \u00e9galement deux entr\u00e9es RCA s\u00e9par\u00e9es qui permettent de connecter deux bras de lecture diff\u00e9rents, avec des r\u00e9glages stock\u00e9s en m\u00e9moire. Je recommande vivement d'ajouter l'alimentation externe PSU-10. Il s'agit d'une alimentation externe d\u00e9di\u00e9e au PH-10 qui offre encore plus de r\u00e9alisme musical, une meilleure dynamique et un son plus tridimensionnel.<\/p>\n<p>En savoir plus et voir l'option de mise \u00e0 niveau ci-dessous.<\/p>","protected":false},"featured_media":6992,"template":"","meta":[],"product_brand":[],"product_cat":[162],"product_tag":[821],"class_list":{"0":"post-6978","1":"product","2":"type-product","3":"status-publish","4":"has-post-thumbnail","6":"product_cat-riaa","7":"product_tag-gold-note-ph-10","8":"product_shipping_class-standard","10":"first","11":"instock","12":"taxable","13":"shipping-taxable","14":"purchasable","15":"product-type-variable","16":"has-default-attributes"},"bundled_by":[],"bundle_stock_status":"instock","bundle_stock_quantity":null,"bundle_virtual":false,"bundle_layout":"","bundle_add_to_cart_form_location":"","bundle_editable_in_cart":false,"bundle_sold_individually_context":"","bundle_item_grouping":"","bundle_min_size":"","bundle_max_size":"","bundle_price":[],"bundled_items":[],"bundle_sell_ids":[],"_links":{"self":[{"href":"http:\/\/studiokoncept.se\/fr\/wp-json\/wp\/v2\/product\/6978","targetHints":{"allow":["GET"]}}],"collection":[{"href":"http:\/\/studiokoncept.se\/fr\/wp-json\/wp\/v2\/product"}],"about":[{"href":"http:\/\/studiokoncept.se\/fr\/wp-json\/wp\/v2\/types\/product"}],"version-history":[{"count":0,"href":"http:\/\/studiokoncept.se\/fr\/wp-json\/wp\/v2\/product\/6978\/revisions"}],"wp:featuredmedia":[{"embeddable":true,"href":"http:\/\/studiokoncept.se\/fr\/wp-json\/wp\/v2\/media\/6992"}],"wp:attachment":[{"href":"http:\/\/studiokoncept.se\/fr\/wp-json\/wp\/v2\/media?parent=6978"}],"wp:term":[{"taxonomy":"product_brand","embeddable":true,"href":"http:\/\/studiokoncept.se\/fr\/wp-json\/wp\/v2\/product_brand?post=6978"},{"taxonomy":"product_cat","embeddable":true,"href":"http:\/\/studiokoncept.se\/fr\/wp-json\/wp\/v2\/product_cat?post=6978"},{"taxonomy":"product_tag","embeddable":true,"href":"http:\/\/studiokoncept.se\/fr\/wp-json\/wp\/v2\/product_tag?post=6978"}],"curies":[{"name":"wp","href":"https:\/\/api.w.org\/{rel}","templated":true}]}}