{"id":4943,"date":"2016-12-14T17:00:50","date_gmt":"2016-12-14T16:00:50","guid":{"rendered":"http:\/\/dev.kaliberonline.se\/?post_type=product&#038;p=4943"},"modified":"2023-07-11T22:32:25","modified_gmt":"2023-07-11T20:32:25","slug":"lm-150ia-integrerad-rorforstarkare-push-pull-kt150-2x100w","status":"publish","type":"product","link":"http:\/\/studiokoncept.se\/fr\/shop\/elektronik\/integrerade-forstarkare\/lm-150ia-integrerad-rorforstarkare-push-pull-kt150-2x100w\/","title":{"rendered":"Line Magnetic LM-150IA Amplificateur int\u00e9gr\u00e9 \u00e0 tubes - PUSH PULL KT150 - 2X100W"},"content":{"rendered":"<p><\/br><br \/>\nLe Line Magnetic LM-150iA est un amplificateur int\u00e9gr\u00e9 \u00e0 tubes de haute qualit\u00e9. Il utilise 4x tubes KT150 dans son \u00e9tage de puissance, polaris\u00e9 en classe AB et d\u00e9livre une puissance de 2x100W RMS. Les tubes utilis\u00e9s sont Shuguang 12AX7, Shuguang 12AU7, Electro Harmonix 6SN7 et Tung-sol KT150. Line Magnetic s\u00e9lectionne soigneusement les tubes les mieux adapt\u00e9s, qu'il s'agisse du pr\u00e9amplificateur ou de l'\u00e9tage de puissance, afin d'obtenir la meilleure qualit\u00e9 sonore de chaque amplificateur.<\/p>\n<p>L'amplificateur se caract\u00e9rise par une conception haut de gamme, un c\u00e2blage point \u00e0 point, des composants de haute qualit\u00e9 et une puissance \u00e9lev\u00e9e. Il est \u00e9galement construit \u00e0 la main avec le meilleur c\u00e2blage point \u00e0 point, et le contr\u00f4le de la polarisation est facilement accessible sur le dessus du panneau de l'amplificateur avec un v\u00e9ritable amp\u00e8rem\u00e8tre. Il dispose de trois entr\u00e9es ligne, d'une entr\u00e9e bypass et d'une imp\u00e9dance de charge de 4\/8\/16\u03a9. En outre, il dispose d'un circuit SoftStart et d'une temporisation (30 secondes), d'un transformateur EI sp\u00e9cialement con\u00e7u pour l'alimentation et de deux transformateurs de sortie EI \u00e0 large bande passante. En outre, le contr\u00f4le du volume ALPS et les condensateurs Realcap sont utilis\u00e9s.<\/p>\n<p>L'amplificateur est livr\u00e9 avec une grille de protection m\u00e9tallique et amovible et une t\u00e9l\u00e9commande infrarouge.<\/p>","protected":false},"excerpt":{"rendered":"<h3>L'amplificateur \u00e0 tubes pour une vraie puissance ; 2x100W !<\/h3>\n<p>L'amplificateur pour ceux qui recherchent vraiment beaucoup de puissance. Avec 4 KT150 de classe AB fournissant 2 x 100W.<\/p>\n<p>Des composants de haute qualit\u00e9 assurent une durabilit\u00e9 exemplaire.<\/p>\n<p>T\u00e9l\u00e9commande et protection de la grille incluses.<\/p>\n<p>Finition : Noir<\/p>","protected":false},"featured_media":6180,"template":"","meta":[],"product_brand":[],"product_cat":[159,275],"product_tag":[],"class_list":{"0":"post-4943","1":"product","2":"type-product","3":"status-publish","4":"has-post-thumbnail","6":"product_cat-integrerade-forstarkare","7":"product_cat-rorforstarkare","8":"product_shipping_class-standard","10":"first","11":"instock","12":"taxable","13":"shipping-taxable","14":"purchasable","15":"product-type-simple"},"bundled_by":[],"bundle_stock_status":"instock","bundle_stock_quantity":null,"bundle_virtual":false,"bundle_layout":"","bundle_add_to_cart_form_location":"","bundle_editable_in_cart":false,"bundle_sold_individually_context":"","bundle_item_grouping":"","bundle_min_size":"","bundle_max_size":"","bundle_price":[],"bundled_items":[],"bundle_sell_ids":[],"_links":{"self":[{"href":"http:\/\/studiokoncept.se\/fr\/wp-json\/wp\/v2\/product\/4943","targetHints":{"allow":["GET"]}}],"collection":[{"href":"http:\/\/studiokoncept.se\/fr\/wp-json\/wp\/v2\/product"}],"about":[{"href":"http:\/\/studiokoncept.se\/fr\/wp-json\/wp\/v2\/types\/product"}],"version-history":[{"count":0,"href":"http:\/\/studiokoncept.se\/fr\/wp-json\/wp\/v2\/product\/4943\/revisions"}],"wp:featuredmedia":[{"embeddable":true,"href":"http:\/\/studiokoncept.se\/fr\/wp-json\/wp\/v2\/media\/6180"}],"wp:attachment":[{"href":"http:\/\/studiokoncept.se\/fr\/wp-json\/wp\/v2\/media?parent=4943"}],"wp:term":[{"taxonomy":"product_brand","embeddable":true,"href":"http:\/\/studiokoncept.se\/fr\/wp-json\/wp\/v2\/product_brand?post=4943"},{"taxonomy":"product_cat","embeddable":true,"href":"http:\/\/studiokoncept.se\/fr\/wp-json\/wp\/v2\/product_cat?post=4943"},{"taxonomy":"product_tag","embeddable":true,"href":"http:\/\/studiokoncept.se\/fr\/wp-json\/wp\/v2\/product_tag?post=4943"}],"curies":[{"name":"wp","href":"https:\/\/api.w.org\/{rel}","templated":true}]}}