{"id":3544,"date":"2012-08-23T08:43:26","date_gmt":"2012-08-23T06:43:26","guid":{"rendered":"https:\/\/studiokoncept.se\/?post_type=product&#038;p=3544"},"modified":"2023-09-06T14:52:18","modified_gmt":"2023-09-06T12:52:18","slug":"ifi-isilencer3-0","status":"publish","type":"product","link":"http:\/\/studiokoncept.se\/fr\/shop\/signalrening\/ifi-isilencer3-0\/","title":{"rendered":"IFI Audio iSilencer3.0"},"content":{"rendered":"<p><h3><\/h3><\/p>","protected":false},"excerpt":{"rendered":"<p>Id\u00e9al pour les produits connect\u00e9s au port USB tels que les serveurs de donn\u00e9es, les disques durs, les tables de mixage, etc.<\/p>\n<p>1. r\u00e9duit le bruit RFI\/EMI jusqu'\u00e0 40 fois.<br \/>\n2. r\u00e9duit la gigue et les erreurs d'information<br \/>\n3. r\u00e9\u00e9quilibrer le signal USB<br \/>\n4. USB3.0 (r\u00e9trocompatible)<\/p>\n<p>&nbsp;<\/p>","protected":false},"featured_media":13416,"template":"","meta":[],"product_brand":[],"product_cat":[237],"product_tag":[],"class_list":{"0":"post-3544","1":"product","2":"type-product","3":"status-publish","4":"has-post-thumbnail","6":"product_cat-signalrening","7":"product_shipping_class-standard","9":"first","10":"instock","11":"taxable","12":"shipping-taxable","13":"purchasable","14":"product-type-simple"},"bundled_by":[],"bundle_stock_status":"instock","bundle_stock_quantity":null,"bundle_virtual":false,"bundle_layout":"","bundle_add_to_cart_form_location":"","bundle_editable_in_cart":false,"bundle_sold_individually_context":"","bundle_item_grouping":"","bundle_min_size":"","bundle_max_size":"","bundle_price":[],"bundled_items":[],"bundle_sell_ids":[],"_links":{"self":[{"href":"http:\/\/studiokoncept.se\/fr\/wp-json\/wp\/v2\/product\/3544","targetHints":{"allow":["GET"]}}],"collection":[{"href":"http:\/\/studiokoncept.se\/fr\/wp-json\/wp\/v2\/product"}],"about":[{"href":"http:\/\/studiokoncept.se\/fr\/wp-json\/wp\/v2\/types\/product"}],"version-history":[{"count":0,"href":"http:\/\/studiokoncept.se\/fr\/wp-json\/wp\/v2\/product\/3544\/revisions"}],"wp:featuredmedia":[{"embeddable":true,"href":"http:\/\/studiokoncept.se\/fr\/wp-json\/wp\/v2\/media\/13416"}],"wp:attachment":[{"href":"http:\/\/studiokoncept.se\/fr\/wp-json\/wp\/v2\/media?parent=3544"}],"wp:term":[{"taxonomy":"product_brand","embeddable":true,"href":"http:\/\/studiokoncept.se\/fr\/wp-json\/wp\/v2\/product_brand?post=3544"},{"taxonomy":"product_cat","embeddable":true,"href":"http:\/\/studiokoncept.se\/fr\/wp-json\/wp\/v2\/product_cat?post=3544"},{"taxonomy":"product_tag","embeddable":true,"href":"http:\/\/studiokoncept.se\/fr\/wp-json\/wp\/v2\/product_tag?post=3544"}],"curies":[{"name":"wp","href":"https:\/\/api.w.org\/{rel}","templated":true}]}}