{"id":3078,"date":"2016-12-12T02:00:25","date_gmt":"2016-12-12T01:00:25","guid":{"rendered":"https:\/\/studiokoncept.se\/?post_type=product&#038;p=3078"},"modified":"2024-11-11T07:50:32","modified_gmt":"2024-11-11T06:50:32","slug":"entreq-vibbeaters","status":"publish","type":"product","link":"http:\/\/studiokoncept.se\/fr\/shop\/ovrigt\/entreq-vibbeaters\/","title":{"rendered":"Vibrateurs Entreq"},"content":{"rendered":"<p>Le produit \"Vibbeaters\" de la soci\u00e9t\u00e9 Entreq est con\u00e7u pour am\u00e9liorer la qualit\u00e9 sonore des haut-parleurs et des \u00e9quipements \u00e9lectroniques en convertissant l'\u00e9nergie ind\u00e9sirable en chaleur. Ces dispositifs utilisent un m\u00e9lange min\u00e9ral sp\u00e9cial qui pr\u00e9sente des propri\u00e9t\u00e9s int\u00e9ressantes en termes de champ magn\u00e9tique, d'effets de champ et de traitement des vibrations physiques et de l'\u00e9nergie de surface. Lorsqu'un \"Vibb eater\" est plac\u00e9 sur un haut-parleur ou un \u00e9quipement \u00e9lectronique, les vibrations et divers champs magn\u00e9tiques sont absorb\u00e9s par l'appareil. Gr\u00e2ce \u00e0 la friction m\u00e9canique entre les grains \u00e0 base de cuivre, cette \u00e9nergie exc\u00e9dentaire est convertie en une tr\u00e8s faible chaleur.<\/p>\n<p>L'utilisation de \"Vibbeaters\" sur les haut-parleurs signifie ce qui suit :<\/p>\n<ol>\n<li>Par leur poids, ils apportent une stabilit\u00e9 suppl\u00e9mentaire \u00e0 l'enceinte.<\/li>\n<li>Ils absorbent les vibrations et les champs g\u00e9n\u00e9r\u00e9s dans le haut-parleur, \u00e9tendant ainsi la \"bo\u00eete\" du haut-parleur \u00e0 l'ext\u00e9rieur de l'enceinte elle-m\u00eame et convertissant l'\u00e9nergie en chaleur.<\/li>\n<li>Leurs propri\u00e9t\u00e9s magn\u00e9tiques influencent positivement les champs g\u00e9n\u00e9r\u00e9s dans et autour du haut-parleur.<\/li>\n<\/ol>\n<p>Il en r\u00e9sulte des aigus plus nets, des basses plus rapides et plus serr\u00e9es, ainsi qu'un son plus profond et plus textur\u00e9. En outre, la sc\u00e8ne sonore est \u00e9largie, ce qui donne une position plus pr\u00e9cise en largeur, en profondeur et en hauteur, ainsi qu'un son plus calme et plus fluide.<\/p>\n<p>Dans le cas des \u00e9quipements \u00e9lectroniques, les \"Vibbeaters\" offrent une plus grande stabilit\u00e9 au ch\u00e2ssis tout en absorbant les vibrations. Ils neutralisent aussi partiellement le champ magn\u00e9tique provenant de l'\u00e9quipement \u00e9lectronique. La position optimale des Vibbeaters varie, mais un bon point de d\u00e9part se situe g\u00e9n\u00e9ralement pr\u00e8s de l'entr\u00e9e du c\u00e2ble d'alimentation ou du transformateur du produit.<\/p>","protected":false},"excerpt":{"rendered":"<p>Les vibrateurs sont utilis\u00e9s au-dessus des haut-parleurs :<\/p>\n<ol>\n<li>Par leur poids, ils apportent une stabilit\u00e9 suppl\u00e9mentaire \u00e0 l'enceinte. Il existe une r\u00e8gle de base selon laquelle le poids de l'enceinte est li\u00e9 au poids du Vibbeater. Voir le Vibbeater individuel.<\/li>\n<li>Ils absorbent les vibrations et les champs magn\u00e9tiques g\u00e9n\u00e9r\u00e9s dans le haut-parleur, \u00e9tendant ainsi la \"bo\u00eete\" du haut-parleur \u00e0 l'ext\u00e9rieur de l'enceinte elle-m\u00eame et convertissant l'\u00e9nergie en chaleur.<\/li>\n<li>Leurs propri\u00e9t\u00e9s magn\u00e9tiques influencent positivement les champs g\u00e9n\u00e9r\u00e9s dans et autour du haut-parleur.<\/li>\n<li>Sur les appareils \u00e9lectroniques, il est g\u00e9n\u00e9ralement plac\u00e9 sur le ch\u00e2ssis, sur ou pr\u00e8s de l'alimentation (l\u00e0 o\u00f9 le c\u00e2ble d'alimentation entre). L\u00e0 encore, il apporte une stabilit\u00e9 suppl\u00e9mentaire et r\u00e9duit les champs magn\u00e9tiques.<\/li>\n<\/ol>\n<p>Plus d'informations dans la description du produit<\/p>","protected":false},"featured_media":6232,"template":"","meta":[],"product_brand":[],"product_cat":[177],"product_tag":[],"class_list":{"0":"post-3078","1":"product","2":"type-product","3":"status-publish","4":"has-post-thumbnail","6":"product_cat-ovrigt","7":"product_shipping_class-standard","9":"first","10":"instock","11":"taxable","12":"shipping-taxable","13":"purchasable","14":"product-type-variable","15":"has-default-attributes"},"bundled_by":[],"bundle_stock_status":"instock","bundle_stock_quantity":null,"bundle_virtual":false,"bundle_layout":"","bundle_add_to_cart_form_location":"","bundle_editable_in_cart":false,"bundle_sold_individually_context":"","bundle_item_grouping":"","bundle_min_size":"","bundle_max_size":"","bundle_price":[],"bundled_items":[],"bundle_sell_ids":[],"_links":{"self":[{"href":"http:\/\/studiokoncept.se\/fr\/wp-json\/wp\/v2\/product\/3078","targetHints":{"allow":["GET"]}}],"collection":[{"href":"http:\/\/studiokoncept.se\/fr\/wp-json\/wp\/v2\/product"}],"about":[{"href":"http:\/\/studiokoncept.se\/fr\/wp-json\/wp\/v2\/types\/product"}],"version-history":[{"count":0,"href":"http:\/\/studiokoncept.se\/fr\/wp-json\/wp\/v2\/product\/3078\/revisions"}],"wp:featuredmedia":[{"embeddable":true,"href":"http:\/\/studiokoncept.se\/fr\/wp-json\/wp\/v2\/media\/6232"}],"wp:attachment":[{"href":"http:\/\/studiokoncept.se\/fr\/wp-json\/wp\/v2\/media?parent=3078"}],"wp:term":[{"taxonomy":"product_brand","embeddable":true,"href":"http:\/\/studiokoncept.se\/fr\/wp-json\/wp\/v2\/product_brand?post=3078"},{"taxonomy":"product_cat","embeddable":true,"href":"http:\/\/studiokoncept.se\/fr\/wp-json\/wp\/v2\/product_cat?post=3078"},{"taxonomy":"product_tag","embeddable":true,"href":"http:\/\/studiokoncept.se\/fr\/wp-json\/wp\/v2\/product_tag?post=3078"}],"curies":[{"name":"wp","href":"https:\/\/api.w.org\/{rel}","templated":true}]}}