{"id":21212,"date":"2025-08-30T07:08:04","date_gmt":"2025-08-30T05:08:04","guid":{"rendered":"https:\/\/studiokoncept.se\/?post_type=product&#038;p=21212"},"modified":"2026-02-28T09:09:17","modified_gmt":"2026-02-28T08:09:17","slug":"final-touch-audio-sinope-se-special-edition","status":"publish","type":"product","link":"http:\/\/studiokoncept.se\/fr\/shop\/kablar\/digitala-kablar\/usb-kablar\/final-touch-audio-sinope-se-special-edition\/","title":{"rendered":"Final Touch Audio Sinope SE (Special Edition)"},"content":{"rendered":"","protected":false},"excerpt":{"rendered":"<p>Final Touch Audios nya Special Edition av den redan fantastiska Sinope, USB-kabeln.<\/p>\n<p>Special Edition \u00e4r en helt ny version av Final Touch Audios digitala kablar, Themisto serien, med h\u00f6gre kvalit\u00e9 p\u00e5 ledarna och b\u00e4ttre geometri som nu \u00e4n mer n\u00e4rmar sig vinylens analoga kvalit\u00e9 och erbjuder nu \u00e4nnu b\u00e4ttre \u00f6vre register och en n\u00e5got fastare bas. Allt med det underbara flyt den besitter.<\/p>\n<p>Finns f\u00f6r test.<\/p>","protected":false},"featured_media":21244,"template":"","meta":[],"product_brand":[],"product_cat":[172],"product_tag":[],"class_list":{"0":"post-21212","1":"product","2":"type-product","3":"status-publish","4":"has-post-thumbnail","6":"product_cat-usb-kablar","7":"product_shipping_class-standard","9":"first","10":"instock","11":"taxable","12":"shipping-taxable","13":"purchasable","14":"product-type-variable"},"bundled_by":[],"bundle_stock_status":"instock","bundle_stock_quantity":null,"bundle_virtual":false,"bundle_layout":"","bundle_add_to_cart_form_location":"","bundle_editable_in_cart":false,"bundle_sold_individually_context":"","bundle_item_grouping":"","bundle_min_size":"","bundle_max_size":"","bundle_price":[],"bundled_items":[],"bundle_sell_ids":[],"_links":{"self":[{"href":"http:\/\/studiokoncept.se\/fr\/wp-json\/wp\/v2\/product\/21212","targetHints":{"allow":["GET"]}}],"collection":[{"href":"http:\/\/studiokoncept.se\/fr\/wp-json\/wp\/v2\/product"}],"about":[{"href":"http:\/\/studiokoncept.se\/fr\/wp-json\/wp\/v2\/types\/product"}],"version-history":[{"count":0,"href":"http:\/\/studiokoncept.se\/fr\/wp-json\/wp\/v2\/product\/21212\/revisions"}],"wp:featuredmedia":[{"embeddable":true,"href":"http:\/\/studiokoncept.se\/fr\/wp-json\/wp\/v2\/media\/21244"}],"wp:attachment":[{"href":"http:\/\/studiokoncept.se\/fr\/wp-json\/wp\/v2\/media?parent=21212"}],"wp:term":[{"taxonomy":"product_brand","embeddable":true,"href":"http:\/\/studiokoncept.se\/fr\/wp-json\/wp\/v2\/product_brand?post=21212"},{"taxonomy":"product_cat","embeddable":true,"href":"http:\/\/studiokoncept.se\/fr\/wp-json\/wp\/v2\/product_cat?post=21212"},{"taxonomy":"product_tag","embeddable":true,"href":"http:\/\/studiokoncept.se\/fr\/wp-json\/wp\/v2\/product_tag?post=21212"}],"curies":[{"name":"wp","href":"https:\/\/api.w.org\/{rel}","templated":true}]}}