{"id":20287,"date":"2024-11-09T07:58:36","date_gmt":"2024-11-09T06:58:36","guid":{"rendered":"https:\/\/studiokoncept.se\/?post_type=product&#038;p=20287"},"modified":"2024-11-09T08:00:53","modified_gmt":"2024-11-09T07:00:53","slug":"entreq-sudoku-bnc","status":"publish","type":"product","link":"http:\/\/studiokoncept.se\/fr\/shop\/kablar\/digitala-kablar\/bnc-digitalkablar\/entreq-sudoku-bnc\/","title":{"rendered":"Entreq Sudoku BNC"},"content":{"rendered":"<p>Le c\u00e2ble num\u00e9rique avec connecteurs BNC fait partie de la nouvelle s\u00e9rie de c\u00e2bles. <strong>Sudoku<\/strong>Le c\u00e2ble EEDS (External Earth Drain System) pour la connexion \u00e0 la bo\u00eete de mise \u00e0 la terre permet de porter la qualit\u00e9 sonore de la gamme Revelation \u00e0 un niveau sup\u00e9rieur.<\/p>\n<p>La s\u00e9rie Sudoku s'appuie sur la longue exp\u00e9rience d'Entreq dans la cr\u00e9ation de c\u00e2bles de haute performance avec des solutions uniques pour \u00e9liminer le bruit \u00e9lectrique et optimiser la transmission des signaux.<\/p>\n<p>La nouvelle s\u00e9rie utilise une combinaison innovante de conducteurs de haute qualit\u00e9 et de mat\u00e9riaux d'isolation soigneusement s\u00e9lectionn\u00e9s pour minimiser les interf\u00e9rences et garantir que le signal est transmis avec une int\u00e9grit\u00e9 maximale. En outre, les c\u00e2bles sont \u00e9quip\u00e9s du syst\u00e8me de mise \u00e0 la terre et de filtrage brevet\u00e9 d'Entreq, qui r\u00e9duit consid\u00e9rablement les interf\u00e9rences \u00e9lectriques et am\u00e9liore ainsi l'exp\u00e9rience audio globale.<\/p>\n<p>Les c\u00e2bles Sudoku se caract\u00e9risent par une <strong>un son exceptionnellement naturel<\/strong>Ils offrent des d\u00e9tails am\u00e9lior\u00e9s et une reproduction ouverte et dynamique. Ils offrent non seulement puissance et pr\u00e9cision, mais capturent \u00e9galement les nuances les plus fines de la musique, ce qui en fait un choix id\u00e9al pour les audiophiles et les m\u00e9lomanes qui exigent ce qu'il y a de mieux.<\/p>\n<p>Disponibles en diff\u00e9rentes longueurs et configurations, les c\u00e2bles Sudoku peuvent \u00eatre personnalis\u00e9s pour s'adapter \u00e0 diff\u00e9rents syst\u00e8mes et pr\u00e9f\u00e9rences afin de garantir une installation optimale. Comme pour tous les produits Entreq, la fabrication et le contr\u00f4le de la qualit\u00e9 sont du plus haut niveau, garantissant \u00e0 la fois la durabilit\u00e9 et des performances exceptionnelles au fil du temps.<\/p>","protected":false},"excerpt":{"rendered":"<p>Le c\u00e2ble num\u00e9rique d'Entreq avec connecteurs BNC de la s\u00e9rie Sudoku est une \u00e9volution de la s\u00e9rie Revelation, la diff\u00e9rence \u00e9tant que la s\u00e9rie Sudoku comprend un EEDS. La s\u00e9rie Sudoku combine des mat\u00e9riaux de haute qualit\u00e9 et une technologie innovante pour maximiser les performances audio. Avec une conception bas\u00e9e sur le syst\u00e8me brevet\u00e9 de mise \u00e0 la terre et de filtrage d'Entreq, les c\u00e2bles Sudoku offrent une capacit\u00e9 \u00e9tonnante \u00e0 r\u00e9duire le bruit et \u00e0 am\u00e9liorer la puret\u00e9 du signal. Le r\u00e9sultat est un son naturel et transparent avec plus de d\u00e9tails et de dynamique.<\/p>\n<p>Livr\u00e9 avec un c\u00e2ble de drainage (EEDS) de 55 cm en standard pour la connexion \u00e0 la bo\u00eete de mise \u00e0 la terre.  Veuillez nous contacter pour d'autres longueurs.<\/p>","protected":false},"featured_media":0,"template":"","meta":[],"product_brand":[],"product_cat":[633],"product_tag":[],"class_list":{"0":"post-20287","1":"product","2":"type-product","3":"status-publish","5":"product_cat-bnc-digitalkablar","6":"product_shipping_class-standard","8":"first","9":"instock","10":"taxable","11":"shipping-taxable","12":"purchasable","13":"product-type-variable","14":"has-default-attributes"},"bundled_by":[],"bundle_stock_status":"instock","bundle_stock_quantity":null,"bundle_virtual":false,"bundle_layout":"","bundle_add_to_cart_form_location":"","bundle_editable_in_cart":false,"bundle_sold_individually_context":"","bundle_item_grouping":"","bundle_min_size":"","bundle_max_size":"","bundle_price":[],"bundled_items":[],"bundle_sell_ids":[],"_links":{"self":[{"href":"http:\/\/studiokoncept.se\/fr\/wp-json\/wp\/v2\/product\/20287","targetHints":{"allow":["GET"]}}],"collection":[{"href":"http:\/\/studiokoncept.se\/fr\/wp-json\/wp\/v2\/product"}],"about":[{"href":"http:\/\/studiokoncept.se\/fr\/wp-json\/wp\/v2\/types\/product"}],"version-history":[{"count":0,"href":"http:\/\/studiokoncept.se\/fr\/wp-json\/wp\/v2\/product\/20287\/revisions"}],"wp:attachment":[{"href":"http:\/\/studiokoncept.se\/fr\/wp-json\/wp\/v2\/media?parent=20287"}],"wp:term":[{"taxonomy":"product_brand","embeddable":true,"href":"http:\/\/studiokoncept.se\/fr\/wp-json\/wp\/v2\/product_brand?post=20287"},{"taxonomy":"product_cat","embeddable":true,"href":"http:\/\/studiokoncept.se\/fr\/wp-json\/wp\/v2\/product_cat?post=20287"},{"taxonomy":"product_tag","embeddable":true,"href":"http:\/\/studiokoncept.se\/fr\/wp-json\/wp\/v2\/product_tag?post=20287"}],"curies":[{"name":"wp","href":"https:\/\/api.w.org\/{rel}","templated":true}]}}