{"id":20141,"date":"2024-09-23T15:49:39","date_gmt":"2024-09-23T13:49:39","guid":{"rendered":"https:\/\/studiokoncept.se\/?post_type=product&#038;p=20141"},"modified":"2025-01-26T09:29:54","modified_gmt":"2025-01-26T08:29:54","slug":"gold-note-giotto","status":"publish","type":"product","link":"http:\/\/studiokoncept.se\/fr\/shop\/vinyl\/pickuper\/gold-note-giotto\/","title":{"rendered":"Gold Note Giotto"},"content":{"rendered":"<p>Le Gold Note Giotto est un micro MC de haute qualit\u00e9 qui rend hommage au l\u00e9gendaire artiste italien Giotto en combinant pr\u00e9cision technique et expression artistique. Ce micro est dot\u00e9 d'une conception avanc\u00e9e qui comprend une pointe de diamant ultra-microelliptique (5\u00d7150 \u03bcm) mont\u00e9e sur un cantilever en bore. Cela lui permet d'offrir une r\u00e9ponse en fr\u00e9quence \u00e9tendue de 10 \u00e0 40 000 Hz, permettant de reproduire les nuances les plus fines de la musique.<\/p>\n<p>Le corps est en Duralumin 7000, un mat\u00e9riau l\u00e9ger et extr\u00eamement durable qui contribue \u00e0 minimiser la r\u00e9sonance et \u00e0 am\u00e9liorer la qualit\u00e9 du son. Avec une imp\u00e9dance interne de 8 ohms et une s\u00e9paration des canaux de plus de 30 dB, Giotto garantit une large sc\u00e8ne sonore avec une s\u00e9paration et des d\u00e9tails excellents. Le poids recommand\u00e9 pour la piste est de 2 grammes, ce qui la rend compatible avec la plupart des bras de lecture et des platines de haute qualit\u00e9.<\/p>\n<p>Pour les amateurs de vinyles qui appr\u00e9cient \u00e0 la fois la qualit\u00e9 du son et le design, Giotto est un composant id\u00e9al. Il offre une exp\u00e9rience d'\u00e9coute dynamique et engageante, \u00e0 la fois luxueuse et pr\u00e9cise, ce qui en fait un excellent choix pour ceux qui exigent le meilleur de leur collection de vinyles.<\/p>","protected":false},"excerpt":{"rendered":"<p>Le Gold Note Giotto est un micro \u00e0 bobine mobile (MC) con\u00e7u pour offrir une grande exp\u00e9rience musicale. Avec une sensibilit\u00e9 de 0,35 mV et une r\u00e9ponse en fr\u00e9quence de 10 \u00e0 40 000 Hz, il offre un son dynamique et d\u00e9taill\u00e9. Le corps du micro est fabriqu\u00e9 en Duralumin 7000, un mat\u00e9riau de haute qualit\u00e9 qui allie r\u00e9sistance et l\u00e9g\u00e8ret\u00e9. Il est \u00e9quip\u00e9 d'une pointe de diamant ultramicroelliptique et d'un cantilever en bore qui assure un suivi pr\u00e9cis et une distorsion minimale. Avec un poids de 2 grammes et une charge recommand\u00e9e de 100 \u03a9, le Giotto est id\u00e9al pour l'amateur de vinyle exigeant qui recherche un produit de haute qualit\u00e9 en termes d'esth\u00e9tique et d'acoustique.<\/p>","protected":false},"featured_media":20142,"template":"","meta":[],"product_brand":[],"product_cat":[317],"product_tag":[],"class_list":{"0":"post-20141","1":"product","2":"type-product","3":"status-publish","4":"has-post-thumbnail","6":"product_cat-pickuper","7":"product_shipping_class-standard","9":"first","10":"instock","11":"taxable","12":"shipping-taxable","13":"purchasable","14":"product-type-simple"},"bundled_by":[],"bundle_stock_status":"instock","bundle_stock_quantity":null,"bundle_virtual":false,"bundle_layout":"","bundle_add_to_cart_form_location":"","bundle_editable_in_cart":false,"bundle_sold_individually_context":"","bundle_item_grouping":"","bundle_min_size":"","bundle_max_size":"","bundle_price":[],"bundled_items":[],"bundle_sell_ids":[],"_links":{"self":[{"href":"http:\/\/studiokoncept.se\/fr\/wp-json\/wp\/v2\/product\/20141","targetHints":{"allow":["GET"]}}],"collection":[{"href":"http:\/\/studiokoncept.se\/fr\/wp-json\/wp\/v2\/product"}],"about":[{"href":"http:\/\/studiokoncept.se\/fr\/wp-json\/wp\/v2\/types\/product"}],"version-history":[{"count":0,"href":"http:\/\/studiokoncept.se\/fr\/wp-json\/wp\/v2\/product\/20141\/revisions"}],"wp:featuredmedia":[{"embeddable":true,"href":"http:\/\/studiokoncept.se\/fr\/wp-json\/wp\/v2\/media\/20142"}],"wp:attachment":[{"href":"http:\/\/studiokoncept.se\/fr\/wp-json\/wp\/v2\/media?parent=20141"}],"wp:term":[{"taxonomy":"product_brand","embeddable":true,"href":"http:\/\/studiokoncept.se\/fr\/wp-json\/wp\/v2\/product_brand?post=20141"},{"taxonomy":"product_cat","embeddable":true,"href":"http:\/\/studiokoncept.se\/fr\/wp-json\/wp\/v2\/product_cat?post=20141"},{"taxonomy":"product_tag","embeddable":true,"href":"http:\/\/studiokoncept.se\/fr\/wp-json\/wp\/v2\/product_tag?post=20141"}],"curies":[{"name":"wp","href":"https:\/\/api.w.org\/{rel}","templated":true}]}}