{"id":20067,"date":"2024-08-05T09:37:09","date_gmt":"2024-08-05T07:37:09","guid":{"rendered":"https:\/\/studiokoncept.se\/?post_type=product&#038;p=20067"},"modified":"2025-01-26T13:48:20","modified_gmt":"2025-01-26T12:48:20","slug":"fezz-equinox-dac-by-lampizator","status":"publish","type":"product","link":"http:\/\/studiokoncept.se\/fr\/shop\/elektronik\/dac\/fezz-equinox-dac-by-lampizator\/","title":{"rendered":"Fezz Equinox DAC de Lampizator"},"content":{"rendered":"<p>Le DAC Fezz Equinox de Lampizator est un convertisseur num\u00e9rique-analogique de haute qualit\u00e9 qui b\u00e9n\u00e9ficie de la collaboration de deux des noms les plus respect\u00e9s de l'industrie audio : Fezz Audio et Lampizator. Cette collaboration a donn\u00e9 naissance \u00e0 un convertisseur num\u00e9rique-analogique brillant, alliant la qualit\u00e9 d'un convertisseur num\u00e9rique-analogique au design \u00e9l\u00e9gant et moderne de Fezz Audio.<\/p>\n<p>Le Fezz Equinox DAC est capable de g\u00e9rer des formats audio haute r\u00e9solution tels que PCM jusqu'\u00e0 32-bit\/768kHz et DSD jusqu'\u00e0 DSD512. Cela signifie que l'appareil peut reproduire m\u00eame les formats audio les plus complexes avec des d\u00e9tails et une clart\u00e9 incroyables. DAC<br \/>\nest \u00e9quip\u00e9 de plusieurs entr\u00e9es, notamment USB, coaxiales et optiques, ce qui le rend compatible avec un large \u00e9ventail de sources et de syst\u00e8mes audio.<\/p>\n<p>L'une des caract\u00e9ristiques les plus marquantes du Fezz Equinox DAC est son architecture \u00e0 tubes. Les tubes de l'\u00e9tage de sortie apportent une chaleur caract\u00e9ristique et un timbre musical qui donne au son une exp\u00e9rience plus vivante et plus engageante. Lampizator a soigneusement s\u00e9lectionn\u00e9 des composants de haute qualit\u00e9 pour s'assurer que le chemin du signal est aussi propre et sans distorsion que possible. La section d'alimentation avanc\u00e9e minimise le bruit \u00e9lectrique et fournit une alimentation stable, am\u00e9liorant \u00e0 la fois les performances et la qualit\u00e9 du son.<\/p>\n<p>Sur le plan du design, le Fezz Equinox DAC combine une esth\u00e9tique moderne et classique avec une construction robuste qui minimise les vibrations et les interf\u00e9rences externes. Des mat\u00e9riaux tels que l'aluminium et l'acier inoxydable sont utilis\u00e9s pour donner \u00e0 l'appareil un aspect luxueux et accro\u00eetre sa durabilit\u00e9. Ce DAC est de conception modulaire, ce qui permet aux utilisateurs de personnaliser et d'am\u00e9liorer l'appareil en fonction de leurs pr\u00e9f\u00e9rences personnelles. Il est notamment possible de remplacer les tubes et d'autres composants pour affiner le profil sonore.<\/p>\n<p>Fezz Equinox DAC<br \/>\nLe caract\u00e8re sonore est exceptionnellement d\u00e9taill\u00e9, ce qui le rend id\u00e9al pour reproduire des morceaux de musique complexes. La r\u00e9ponse dynamique donne vie et profondeur \u00e0 la musique, des passages de piano les plus calmes aux crescendos les plus puissants. Le son naturel du tube est particuli\u00e8rement favorable aux enregistrements acoustiques et vocaux pour lesquels l'authenticit\u00e9 du son est importante.<\/p>","protected":false},"excerpt":{"rendered":"<p>Le convertisseur num\u00e9rique-analogique Fezz Equinox est le r\u00e9sultat d'une collaboration entre Fezz Audio et Lampizator, deux grands noms de l'industrie audio. Ce convertisseur num\u00e9rique-analogique combine l'ing\u00e9nierie innovante et le design moderne de Fezz Audio avec l'expertise reconnue de Lampizator en mati\u00e8re de technologie \u00e0 tubes et de reproduction audio analogique. Enfin, un convertisseur num\u00e9rique-analogique avec un son et un design de haute qualit\u00e9. Fait pour votre salon.<\/p>","protected":false},"featured_media":20069,"template":"","meta":[],"product_brand":[],"product_cat":[164],"product_tag":[],"class_list":{"0":"post-20067","1":"product","2":"type-product","3":"status-publish","4":"has-post-thumbnail","6":"product_cat-dac","7":"product_shipping_class-standard","9":"first","10":"instock","11":"taxable","12":"shipping-taxable","13":"purchasable","14":"product-type-variable"},"bundled_by":[],"bundle_stock_status":"instock","bundle_stock_quantity":null,"bundle_virtual":false,"bundle_layout":"","bundle_add_to_cart_form_location":"","bundle_editable_in_cart":false,"bundle_sold_individually_context":"","bundle_item_grouping":"","bundle_min_size":"","bundle_max_size":"","bundle_price":[],"bundled_items":[],"bundle_sell_ids":[],"_links":{"self":[{"href":"http:\/\/studiokoncept.se\/fr\/wp-json\/wp\/v2\/product\/20067","targetHints":{"allow":["GET"]}}],"collection":[{"href":"http:\/\/studiokoncept.se\/fr\/wp-json\/wp\/v2\/product"}],"about":[{"href":"http:\/\/studiokoncept.se\/fr\/wp-json\/wp\/v2\/types\/product"}],"version-history":[{"count":0,"href":"http:\/\/studiokoncept.se\/fr\/wp-json\/wp\/v2\/product\/20067\/revisions"}],"wp:featuredmedia":[{"embeddable":true,"href":"http:\/\/studiokoncept.se\/fr\/wp-json\/wp\/v2\/media\/20069"}],"wp:attachment":[{"href":"http:\/\/studiokoncept.se\/fr\/wp-json\/wp\/v2\/media?parent=20067"}],"wp:term":[{"taxonomy":"product_brand","embeddable":true,"href":"http:\/\/studiokoncept.se\/fr\/wp-json\/wp\/v2\/product_brand?post=20067"},{"taxonomy":"product_cat","embeddable":true,"href":"http:\/\/studiokoncept.se\/fr\/wp-json\/wp\/v2\/product_cat?post=20067"},{"taxonomy":"product_tag","embeddable":true,"href":"http:\/\/studiokoncept.se\/fr\/wp-json\/wp\/v2\/product_tag?post=20067"}],"curies":[{"name":"wp","href":"https:\/\/api.w.org\/{rel}","templated":true}]}}