{"id":20046,"date":"2024-08-01T18:48:12","date_gmt":"2024-08-01T16:48:12","guid":{"rendered":"https:\/\/studiokoncept.se\/?post_type=product&#038;p=20046"},"modified":"2024-08-01T19:21:05","modified_gmt":"2024-08-01T17:21:05","slug":"ifi-audio-dc-blocker-2","status":"publish","type":"product","link":"http:\/\/studiokoncept.se\/fr\/shop\/stromhantering\/stromrening\/ifi-audio-dc-blocker-2\/","title":{"rendered":"Ifi Audio DC Blocker+ (en anglais)"},"content":{"rendered":"<p><strong>iFi Audio DC Blocker<\/strong> est un appareil innovant con\u00e7u pour am\u00e9liorer la qualit\u00e9 sonore de votre syst\u00e8me audio en \u00e9liminant le d\u00e9calage CC (courant continu) dans le secteur CA. La polarisation CC se produit lorsqu'il y a une petite quantit\u00e9 de courant continu dans le courant alternatif fourni \u00e0 vos appareils audio. Cela peut entra\u00eener divers probl\u00e8mes, notamment le ronflement des transformateurs, la surchauffe et un fonctionnement inefficace de l'alimentation.<\/p>\n<h4>Fonctionnement du bloqueur de courant continu<\/h4>\n<p>Le DC Blocker fonctionne en filtrant la composante CC du secteur CA avant qu'elle n'atteigne vos appareils audio. Il utilise une technologie avanc\u00e9e pour s'assurer que seule une alimentation CA propre est fournie, r\u00e9duisant ainsi le ronflement du transformateur et am\u00e9liorant les performances de l'ensemble de votre syst\u00e8me audio.<\/p>\n<ul>\n<li><strong>Suppression de la polarisation en courant continu<\/strong>L'appareil utilise un circuit soigneusement con\u00e7u pour d\u00e9tecter et \u00e9liminer la tension continue dans l'alimentation, garantissant ainsi que seul un courant alternatif propre atteindra votre \u00e9quipement.<\/li>\n<li><strong>Am\u00e9lioration de la qualit\u00e9 du son<\/strong>Le DC Blocker : En \u00e9liminant la polarisation du courant continu, le DC Blocker r\u00e9duit le bourdonnement et les autres interf\u00e9rences qui peuvent affecter n\u00e9gativement la qualit\u00e9 du son. Il en r\u00e9sulte une reproduction sonore plus silencieuse et plus pr\u00e9cise.<\/li>\n<li><strong>Protection et efficacit\u00e9<\/strong>DC Blocker : DC Blocker prot\u00e8ge vos appareils contre les dommages potentiels caus\u00e9s par la surchauffe et le fonctionnement inefficace d\u00fb au d\u00e9calage de courant continu, prolongeant ainsi la dur\u00e9e de vie de votre \u00e9quipement.<\/li>\n<\/ul>\n<h4>Avantages de DC Blocker<\/h4>\n<ol>\n<li><strong>\u00c9limine le ronflement du transformateur<\/strong>L'un des principaux avantages du DC Blocker est sa capacit\u00e9 \u00e0 \u00e9liminer le ronflement du transformateur, qui peut \u00eatre particuli\u00e8rement g\u00eanant dans les grands amplificateurs et les syst\u00e8mes de sonorisation. Il en r\u00e9sulte une exp\u00e9rience d'\u00e9coute plus claire et plus agr\u00e9able.<\/li>\n<li><strong>Am\u00e9lioration de la qualit\u00e9 du son<\/strong>Le DC Blocker : En s'assurant que seul le courant alternatif pur atteint votre \u00e9quipement, le DC Blocker contribue \u00e0 am\u00e9liorer la qualit\u00e9 g\u00e9n\u00e9rale du son, ce qui se traduit par un son plus d\u00e9taill\u00e9 et plus dynamique.<\/li>\n<li><strong>Efficacit\u00e9 accrue<\/strong>En \u00e9liminant le d\u00e9calage de courant continu, vos appareils audio peuvent fonctionner plus efficacement, ce qui r\u00e9duit le risque de surchauffe et prolonge la dur\u00e9e de vie de votre \u00e9quipement.<\/li>\n<li><strong>Protection contre la surchauffe<\/strong>DC Blocker : DC Blocker prot\u00e8ge \u00e9galement contre la surchauffe, ce qui est essentiel pour \u00e9viter d'endommager vos appareils audio et assurer leur durabilit\u00e9 \u00e0 long terme.<\/li>\n<\/ol>","protected":false},"excerpt":{"rendered":"<p><strong>iFi Audio DC Blocker<\/strong> est un dispositif qui \u00e9limine le d\u00e9calage CC (courant continu) de l'alimentation en courant alternatif, qui peut provoquer des bruits de ronflement et de bourdonnement dans les syst\u00e8mes audio. En \u00e9liminant cette composante CC, le DC Blocker am\u00e9liore la qualit\u00e9 du son en r\u00e9duisant le ronflement du transformateur et en augmentant l'efficacit\u00e9 de l'alimentation. Il est particuli\u00e8rement utile dans les syst\u00e8mes \u00e9quip\u00e9s de gros amplificateurs et de composants audio sensibles, o\u00f9 le ronflement peut affecter l'exp\u00e9rience audio.<\/p>\n<p>Il est plac\u00e9 dans le connecteur d'alimentation de votre produit. Le c\u00e2ble d'alimentation est ensuite branch\u00e9 sur le DC Blocker+.<\/p>","protected":false},"featured_media":20048,"template":"","meta":[],"product_brand":[],"product_cat":[294],"product_tag":[],"class_list":{"0":"post-20046","1":"product","2":"type-product","3":"status-publish","4":"has-post-thumbnail","6":"product_cat-stromrening","7":"product_shipping_class-standard","9":"first","10":"instock","11":"taxable","12":"shipping-taxable","13":"purchasable","14":"product-type-simple"},"bundled_by":[],"bundle_stock_status":"instock","bundle_stock_quantity":null,"bundle_virtual":false,"bundle_layout":"","bundle_add_to_cart_form_location":"","bundle_editable_in_cart":false,"bundle_sold_individually_context":"","bundle_item_grouping":"","bundle_min_size":"","bundle_max_size":"","bundle_price":[],"bundled_items":[],"bundle_sell_ids":[],"_links":{"self":[{"href":"http:\/\/studiokoncept.se\/fr\/wp-json\/wp\/v2\/product\/20046","targetHints":{"allow":["GET"]}}],"collection":[{"href":"http:\/\/studiokoncept.se\/fr\/wp-json\/wp\/v2\/product"}],"about":[{"href":"http:\/\/studiokoncept.se\/fr\/wp-json\/wp\/v2\/types\/product"}],"version-history":[{"count":0,"href":"http:\/\/studiokoncept.se\/fr\/wp-json\/wp\/v2\/product\/20046\/revisions"}],"wp:featuredmedia":[{"embeddable":true,"href":"http:\/\/studiokoncept.se\/fr\/wp-json\/wp\/v2\/media\/20048"}],"wp:attachment":[{"href":"http:\/\/studiokoncept.se\/fr\/wp-json\/wp\/v2\/media?parent=20046"}],"wp:term":[{"taxonomy":"product_brand","embeddable":true,"href":"http:\/\/studiokoncept.se\/fr\/wp-json\/wp\/v2\/product_brand?post=20046"},{"taxonomy":"product_cat","embeddable":true,"href":"http:\/\/studiokoncept.se\/fr\/wp-json\/wp\/v2\/product_cat?post=20046"},{"taxonomy":"product_tag","embeddable":true,"href":"http:\/\/studiokoncept.se\/fr\/wp-json\/wp\/v2\/product_tag?post=20046"}],"curies":[{"name":"wp","href":"https:\/\/api.w.org\/{rel}","templated":true}]}}