{"id":20039,"date":"2024-08-01T14:32:53","date_gmt":"2024-08-01T12:32:53","guid":{"rendered":"https:\/\/studiokoncept.se\/?post_type=product&#038;p=20039"},"modified":"2024-08-01T18:03:11","modified_gmt":"2024-08-01T16:03:11","slug":"ifi-audio-zen-one-signature","status":"publish","type":"product","link":"http:\/\/studiokoncept.se\/fr\/shop\/elektronik\/dac\/ifi-audio-zen-one-signature\/","title":{"rendered":"Ifi Audio Zen One Signature"},"content":{"rendered":"<ul>\n<li><strong>Prise en charge de l'audio haute r\u00e9solution<\/strong>ZEN One Signature : Le ZEN One Signature g\u00e8re une vari\u00e9t\u00e9 de formats audio haute r\u00e9solution, y compris le PCM jusqu'\u00e0 32 bits\/384 kHz et le DSD256. Il offre \u00e9galement un d\u00e9codage MQA complet, ce qui vous permet d'\u00e9couter la musique telle que l'artiste l'a con\u00e7ue.<\/li>\n<li><strong>Technologie Bluetooth avanc\u00e9e<\/strong>Bluetooth HD : L'appareil est dot\u00e9 d'un Bluetooth HD de nouvelle g\u00e9n\u00e9ration prenant en charge des codecs tels que aptX Adaptive, aptX HD, LDAC et HWA\/LHDC. L'antenne \u00e0 gain \u00e9lev\u00e9 offre une port\u00e9e Bluetooth \u00e9tendue et garantit une qualit\u00e9 audio \u00e9lev\u00e9e, quelle que soit la source.<\/li>\n<li><strong>Conception de circuits \u00e9quilibr\u00e9s<\/strong>Le ZEN One Signature utilise un circuit \u00e9quilibr\u00e9 avec des composants de qualit\u00e9 Signature tels que des condensateurs TDK C0G et des r\u00e9sistances Vishay MELF, offrant une distorsion ultra-faible et une puret\u00e9 audio exceptionnelle.<\/li>\n<li><strong>Puissant processeur XMOS<\/strong>Le processeur XMOS \u00e0 16 c\u0153urs traite les donn\u00e9es audio et effectue un d\u00e9codage MQA complet, ce qui am\u00e9liore la qualit\u00e9 du son en \u00e9liminant la gigue et la distorsion num\u00e9rique.<\/li>\n<li><strong>Connectivit\u00e9 \u00e9tendue<\/strong>Le ZEN One Signature offre des sorties num\u00e9riques S\/PDIF coaxiales et optiques, ainsi que des sorties analogiques telles que 4,4 mm et RCA sym\u00e9triques. Il est donc compatible avec un large \u00e9ventail d'appareils audio.<\/li>\n<li><strong>Puret\u00e9 du design<\/strong>Contrairement \u00e0 d'autres mod\u00e8les de la gamme, le ZEN One Signature n'a pas d'amplificateur de casque int\u00e9gr\u00e9 ni de contr\u00f4le du volume, ce qui en fait le meilleur DAC pour envoyer des signaux audio propres \u00e0 votre syst\u00e8me audio.<span class=\"\" data-state=\"closed\"><span class=\"text-token-text-secondary\"> (<\/span><a class=\"text-green-600 !no-underline\" href=\"https:\/\/ifi-audio.com\/products\/zen-one-signature\/\" target=\"_blank\" rel=\"noopener noreferrer\">iFi audio<\/a><span class=\"text-token-text-secondary\">)<\/span><\/span>\u200b\u200b<span class=\"\" data-state=\"closed\"><span class=\"text-token-text-secondary\"> (<\/span><a class=\"text-green-600 !no-underline\" href=\"https:\/\/staging.ifi-audio.com\/products\/zen-one-signature\/#:~:text=URL%3A%20https%3A%2F%2Fstaging.ifi,100\" target=\"_blank\" rel=\"noopener noreferrer\">iFi audio<\/a><span class=\"text-token-text-secondary\">)<\/span><\/span>.<\/li>\n<\/ul>\n<h4>Qualit\u00e9 du son et performances<\/h4>\n<p>Le ZEN One Signature est con\u00e7u pour offrir une reproduction sonore d'une clart\u00e9 cristalline. Le circuit \u00e9quilibr\u00e9 r\u00e9duit le bruit et la diaphonie, ce qui permet d'obtenir une image sonore plus nette et plus pr\u00e9cise. La technologie Bluetooth avanc\u00e9e avec prise en charge des codecs haute r\u00e9solution garantit que m\u00eame les connexions sans fil offrent la meilleure qualit\u00e9 sonore possible.<\/p>\n<p>L'horloge GMT am\u00e9lior\u00e9e \u00e0 cinq pr\u00e9cisions et les filtres num\u00e9riques sur mesure garantissent que la distorsion num\u00e9rique est minimis\u00e9e, ce qui se traduit par une exp\u00e9rience d'\u00e9coute \u00e0 la fois d\u00e9taill\u00e9e et dynamique. Le ZEN One Signature est particuli\u00e8rement efficace pour les utilisateurs qui accordent plus d'importance \u00e0 la qualit\u00e9 du son qu'aux r\u00e9glages du volume et aux capacit\u00e9s de l'amplificateur.<\/p>","protected":false},"excerpt":{"rendered":"<p>iFi Audio's <strong>ZEN One Signature<\/strong> est un convertisseur num\u00e9rique-analogique (DAC) avanc\u00e9 qui agit comme un hub central pour votre syst\u00e8me audio domestique. Il est con\u00e7u pour d\u00e9livrer un son de haute qualit\u00e9 \u00e0 partir de toutes vos sources num\u00e9riques, y compris les smartphones, les ordinateurs, les t\u00e9l\u00e9viseurs et les consoles de jeux.<\/p>","protected":false},"featured_media":20041,"template":"","meta":[],"product_brand":[],"product_cat":[164,163],"product_tag":[],"class_list":{"0":"post-20039","1":"product","2":"type-product","3":"status-publish","4":"has-post-thumbnail","6":"product_cat-dac","7":"product_cat-horlursforstarkare","8":"product_shipping_class-standard","10":"first","11":"instock","12":"taxable","13":"shipping-taxable","14":"purchasable","15":"product-type-simple"},"bundled_by":[],"bundle_stock_status":"instock","bundle_stock_quantity":null,"bundle_virtual":false,"bundle_layout":"","bundle_add_to_cart_form_location":"","bundle_editable_in_cart":false,"bundle_sold_individually_context":"","bundle_item_grouping":"","bundle_min_size":"","bundle_max_size":"","bundle_price":[],"bundled_items":[],"bundle_sell_ids":[],"_links":{"self":[{"href":"http:\/\/studiokoncept.se\/fr\/wp-json\/wp\/v2\/product\/20039","targetHints":{"allow":["GET"]}}],"collection":[{"href":"http:\/\/studiokoncept.se\/fr\/wp-json\/wp\/v2\/product"}],"about":[{"href":"http:\/\/studiokoncept.se\/fr\/wp-json\/wp\/v2\/types\/product"}],"version-history":[{"count":0,"href":"http:\/\/studiokoncept.se\/fr\/wp-json\/wp\/v2\/product\/20039\/revisions"}],"wp:featuredmedia":[{"embeddable":true,"href":"http:\/\/studiokoncept.se\/fr\/wp-json\/wp\/v2\/media\/20041"}],"wp:attachment":[{"href":"http:\/\/studiokoncept.se\/fr\/wp-json\/wp\/v2\/media?parent=20039"}],"wp:term":[{"taxonomy":"product_brand","embeddable":true,"href":"http:\/\/studiokoncept.se\/fr\/wp-json\/wp\/v2\/product_brand?post=20039"},{"taxonomy":"product_cat","embeddable":true,"href":"http:\/\/studiokoncept.se\/fr\/wp-json\/wp\/v2\/product_cat?post=20039"},{"taxonomy":"product_tag","embeddable":true,"href":"http:\/\/studiokoncept.se\/fr\/wp-json\/wp\/v2\/product_tag?post=20039"}],"curies":[{"name":"wp","href":"https:\/\/api.w.org\/{rel}","templated":true}]}}