{"id":20033,"date":"2024-08-01T10:04:33","date_gmt":"2024-08-01T08:04:33","guid":{"rendered":"https:\/\/studiokoncept.se\/?post_type=product&#038;p=20033"},"modified":"2024-08-01T12:47:39","modified_gmt":"2024-08-01T10:47:39","slug":"ifi-audio-zen-can-signature","status":"publish","type":"product","link":"http:\/\/studiokoncept.se\/fr\/shop\/elektronik\/horlursforstarkare\/ifi-audio-zen-can-signature\/","title":{"rendered":"Ifi Audio ZEN CAN Signature"},"content":{"rendered":"<p>iFi Audio's <strong>Signature ZEN CAN<\/strong> est un amplificateur de casque de haute qualit\u00e9 qui associe une technologie audio avanc\u00e9e \u00e0 un design convivial. Con\u00e7u pour offrir des performances audio optimales, il est id\u00e9al pour les m\u00e9lomanes et les utilisateurs professionnels \u00e0 la recherche d'une exp\u00e9rience d'\u00e9coute de qualit\u00e9.<\/p>\n<h4>Caract\u00e9ristiques et sp\u00e9cifications<\/h4>\n<ul>\n<li><strong>Circuit discret de classe A<\/strong>Le ZEN CAN Signature utilise un circuit discret de classe A, inspir\u00e9 de l'amplificateur haute performance Pro iCAN. Cette conception permet d'obtenir une reproduction sonore chaleureuse et naturelle avec une distorsion minimale.<\/li>\n<li><strong>ActivEQ Customisations<\/strong>L'appareil offre des r\u00e9glages d'\u00e9galisation personnalis\u00e9s pour diff\u00e9rents mod\u00e8les de casques, notamment le Sennheiser HD 6XX, les casques planaires HIFIMAN et le Meze 99 Classics. Chaque r\u00e9glage optimise des fr\u00e9quences sp\u00e9cifiques pour faire ressortir les meilleures caract\u00e9ristiques du casque.<\/li>\n<li><strong>Connexions polyvalentes<\/strong>Le ZEN CAN Signature dispose de plusieurs entr\u00e9es et sorties, dont des entr\u00e9es st\u00e9r\u00e9o RCA, 3,5 mm asym\u00e9triques et 4,4 mm sym\u00e9triques. Pour les sorties, il y a une sortie sym\u00e9trique de 4,4 mm pour les casques avec des connexions sym\u00e9triques et un jack de 6,3 mm pour les casques standard.<\/li>\n<li><strong>Sortie audio puissante<\/strong>ZEN CAN Signature : Avec une puissance de sortie allant jusqu'\u00e0 1 600 mW, le ZEN CAN Signature peut alimenter les casques les plus exigeants. La fonction PowerMatch offre quatre r\u00e9glages de gain pour optimiser le gain en fonction de la sensibilit\u00e9 du casque.<\/li>\n<li><strong>Traitement des signaux analogiques<\/strong>La fonction XSpace \u00e9largit la sc\u00e8ne sonore pour cr\u00e9er une exp\u00e9rience d'\u00e9coute plus naturelle, tandis que la fonction XBass am\u00e9liore la r\u00e9ponse des basses pour les casques qui manquent de profondeur dans les basses fr\u00e9quences.<\/li>\n<li><strong>Composants de qualit\u00e9<\/strong>L'unit\u00e9 est construite avec des composants de premi\u00e8re qualit\u00e9 tels que les condensateurs ELNA Silmic II et les amplificateurs iFi\/AMR OV-op afin de garantir un faible niveau de bruit et une qualit\u00e9 sonore \u00e9lev\u00e9e.<\/li>\n<\/ul>\n<h4>Qualit\u00e9 du son et performances<\/h4>\n<p>Le ZEN CAN Signature offre une qualit\u00e9 sonore exceptionnelle, \u00e0 la fois profonde et d\u00e9taill\u00e9e. La conception \u00e9quilibr\u00e9e du circuit r\u00e9duit le bruit et les interf\u00e9rences, ce qui se traduit par une reproduction sonore plus nette. Gr\u00e2ce aux r\u00e9glages personnalis\u00e9s de l'\u00e9galiseur, les utilisateurs peuvent b\u00e9n\u00e9ficier d'un profil sonore adapt\u00e9 aux diff\u00e9rents mod\u00e8les de casques, ce qui en fait l'outil id\u00e9al pour les audiophiles \u00e0 la recherche d'une exp\u00e9rience d'\u00e9coute personnalis\u00e9e.<\/p>\n<p>Le traitement analogique du signal signifie que le son conserve son caract\u00e8re naturel sans \u00eatre affect\u00e9 par des artefacts de conversion num\u00e9rique. La fonction XBass garantit que m\u00eame les casques ouverts, qui souffrent souvent de fuites dans les basses, ont une r\u00e9ponse riche et bien \u00e9quilibr\u00e9e dans les basses.<\/p>","protected":false},"excerpt":{"rendered":"<p>iFi Audio's <strong>Signature ZEN CAN<\/strong> est un amplificateur de casque haut de gamme con\u00e7u pour d\u00e9livrer un son puissant et d\u00e9taill\u00e9 \u00e0 votre casque. Il est dot\u00e9 d'un circuit enti\u00e8rement \u00e9quilibr\u00e9 et de r\u00e9glages audio uniques tels que l'ActivEQ, qui est personnalis\u00e9 pour maximiser les performances de mod\u00e8les de casques sp\u00e9cifiques. Avec sa connectivit\u00e9 polyvalente et son profil sonore personnalisable, le ZEN CAN Signature est un excellent choix pour les audiophiles.<\/p>","protected":false},"featured_media":20035,"template":"","meta":[],"product_brand":[],"product_cat":[163],"product_tag":[],"class_list":{"0":"post-20033","1":"product","2":"type-product","3":"status-publish","4":"has-post-thumbnail","6":"product_cat-horlursforstarkare","7":"product_shipping_class-standard","9":"first","10":"instock","11":"taxable","12":"shipping-taxable","13":"purchasable","14":"product-type-simple"},"bundled_by":[],"bundle_stock_status":"instock","bundle_stock_quantity":null,"bundle_virtual":false,"bundle_layout":"","bundle_add_to_cart_form_location":"","bundle_editable_in_cart":false,"bundle_sold_individually_context":"","bundle_item_grouping":"","bundle_min_size":"","bundle_max_size":"","bundle_price":[],"bundled_items":[],"bundle_sell_ids":[],"_links":{"self":[{"href":"http:\/\/studiokoncept.se\/fr\/wp-json\/wp\/v2\/product\/20033","targetHints":{"allow":["GET"]}}],"collection":[{"href":"http:\/\/studiokoncept.se\/fr\/wp-json\/wp\/v2\/product"}],"about":[{"href":"http:\/\/studiokoncept.se\/fr\/wp-json\/wp\/v2\/types\/product"}],"version-history":[{"count":0,"href":"http:\/\/studiokoncept.se\/fr\/wp-json\/wp\/v2\/product\/20033\/revisions"}],"wp:featuredmedia":[{"embeddable":true,"href":"http:\/\/studiokoncept.se\/fr\/wp-json\/wp\/v2\/media\/20035"}],"wp:attachment":[{"href":"http:\/\/studiokoncept.se\/fr\/wp-json\/wp\/v2\/media?parent=20033"}],"wp:term":[{"taxonomy":"product_brand","embeddable":true,"href":"http:\/\/studiokoncept.se\/fr\/wp-json\/wp\/v2\/product_brand?post=20033"},{"taxonomy":"product_cat","embeddable":true,"href":"http:\/\/studiokoncept.se\/fr\/wp-json\/wp\/v2\/product_cat?post=20033"},{"taxonomy":"product_tag","embeddable":true,"href":"http:\/\/studiokoncept.se\/fr\/wp-json\/wp\/v2\/product_tag?post=20033"}],"curies":[{"name":"wp","href":"https:\/\/api.w.org\/{rel}","templated":true}]}}