{"id":20021,"date":"2024-08-01T08:48:16","date_gmt":"2024-08-01T06:48:16","guid":{"rendered":"https:\/\/studiokoncept.se\/?post_type=product&#038;p=20021"},"modified":"2024-08-01T09:46:09","modified_gmt":"2024-08-01T07:46:09","slug":"ifi-audio-zen-dac-3","status":"publish","type":"product","link":"http:\/\/studiokoncept.se\/fr\/shop\/elektronik\/dac\/ifi-audio-zen-dac-3\/","title":{"rendered":"Ifi Audio ZEN DAC 3"},"content":{"rendered":"<p>Le ZEN DAC V3 d'iFi Audio est un convertisseur num\u00e9rique-analogique (DAC) et un amplificateur de casque polyvalents et abordables, con\u00e7us pour porter votre exp\u00e9rience audio vers de nouveaux sommets. Avec son design \u00e9l\u00e9gant et compact, il combine une technologie avanc\u00e9e avec des fonctions conviviales, ce qui le rend id\u00e9al pour les environnements domestiques et professionnels.<\/p>\n<h4>Principales caract\u00e9ristiques et sp\u00e9cifications<\/h4>\n<ul>\n<li><strong>Audio haute d\u00e9finition<\/strong>Le ZEN DAC V3 prend en charge le PCM jusqu'\u00e0 32 bits\/768 kHz, le DSD512 et le d\u00e9codage MQA complet, offrant une clart\u00e9 et des d\u00e9tails in\u00e9gal\u00e9s dans la reproduction audio.<\/li>\n<li><strong>Connexion USB-C<\/strong>Pour une gestion ais\u00e9e des c\u00e2bles et une protection contre les surintensit\u00e9s, prot\u00e9geant ainsi l'appareil de tout dommage potentiel.<\/li>\n<li><strong>Sorties sym\u00e9triques et asym\u00e9triques<\/strong>Sortie casque : \u00c9quip\u00e9e de sorties casque de 4,4 mm sym\u00e9triques et de 6,3 mm asym\u00e9triques, elle permet d'utiliser diff\u00e9rents types de casques.<\/li>\n<li><strong>XBass+ et PowerMatch<\/strong>XBass+ : XBass+ est une fonction analogique d'amplification des basses qui am\u00e9liore la r\u00e9ponse des basses sans affecter les m\u00e9diums. PowerMatch ajuste le gain pour s'adapter parfaitement \u00e0 la sensibilit\u00e9 des diff\u00e9rents casques.<\/li>\n<li><strong>Rendement variable et fixe<\/strong>Le syst\u00e8me peut \u00eatre utilis\u00e9 comme pr\u00e9amplificateur pour des enceintes actives ou comme convertisseur num\u00e9rique-analogique pur lorsqu'il est connect\u00e9 \u00e0 un amplificateur externe.<\/li>\n<li><strong>Am\u00e9lioration de la qualit\u00e9 du son<\/strong>ZEN DAC V3 : Gr\u00e2ce \u00e0 la puce Burr-Brown True Native DAC et \u00e0 la puce XMOS \u00e0 16 c\u0153urs pour le traitement audio avanc\u00e9, le ZEN DAC V3 garantit que le signal audio reste propre et pr\u00e9cis lors de la conversion num\u00e9rique-analogique.<\/li>\n<\/ul>\n<p>Le ZEN DAC V3 est un produit exceptionnel qui offre une technologie audio avanc\u00e9e \u00e0 un prix abordable. Que vous soyez un audiophile s\u00e9rieux ou que vous cherchiez simplement \u00e0 am\u00e9liorer votre exp\u00e9rience d'\u00e9coute quotidienne, le ZEN DAC V3 offre un son cristallin et des performances puissantes dans un bo\u00eetier compact et \u00e9l\u00e9gant.<span class=\"\" data-state=\"closed\"><span class=\"text-token-text-secondary\"> (<\/span><a class=\"text-green-600 !no-underline\" href=\"https:\/\/ifi-audio.com\/products\/zen-dac-3\/\" target=\"_blank\" rel=\"noopener noreferrer\">iFi audio<\/a><span class=\"text-token-text-secondary\">)<\/span><\/span>.<\/p>","protected":false},"excerpt":{"rendered":"<p>Le ZEN DAC V3 d'iFi Audio est un convertisseur DAC\/amplificateur de casque abordable et performant, dot\u00e9 d'une connectivit\u00e9 USB-C. Il prend en charge l'audio haute r\u00e9solution jusqu'\u00e0 32 bits\/768 kHz et offre des sorties casque sym\u00e9triques et asym\u00e9triques. Avec des fonctionnalit\u00e9s telles que XBass+ et PowerMatch, il est parfait pour les amateurs de musique qui souhaitent am\u00e9liorer leur exp\u00e9rience d'\u00e9coute \u00e0 la maison ou au bureau.<\/p>","protected":false},"featured_media":20027,"template":"","meta":[],"product_brand":[],"product_cat":[164,163],"product_tag":[],"class_list":{"0":"post-20021","1":"product","2":"type-product","3":"status-publish","4":"has-post-thumbnail","6":"product_cat-dac","7":"product_cat-horlursforstarkare","9":"first","10":"instock","11":"taxable","12":"shipping-taxable","13":"purchasable","14":"product-type-simple"},"bundled_by":[],"bundle_stock_status":"instock","bundle_stock_quantity":null,"bundle_virtual":false,"bundle_layout":"","bundle_add_to_cart_form_location":"","bundle_editable_in_cart":false,"bundle_sold_individually_context":"","bundle_item_grouping":"","bundle_min_size":"","bundle_max_size":"","bundle_price":[],"bundled_items":[],"bundle_sell_ids":[],"_links":{"self":[{"href":"http:\/\/studiokoncept.se\/fr\/wp-json\/wp\/v2\/product\/20021","targetHints":{"allow":["GET"]}}],"collection":[{"href":"http:\/\/studiokoncept.se\/fr\/wp-json\/wp\/v2\/product"}],"about":[{"href":"http:\/\/studiokoncept.se\/fr\/wp-json\/wp\/v2\/types\/product"}],"version-history":[{"count":0,"href":"http:\/\/studiokoncept.se\/fr\/wp-json\/wp\/v2\/product\/20021\/revisions"}],"wp:featuredmedia":[{"embeddable":true,"href":"http:\/\/studiokoncept.se\/fr\/wp-json\/wp\/v2\/media\/20027"}],"wp:attachment":[{"href":"http:\/\/studiokoncept.se\/fr\/wp-json\/wp\/v2\/media?parent=20021"}],"wp:term":[{"taxonomy":"product_brand","embeddable":true,"href":"http:\/\/studiokoncept.se\/fr\/wp-json\/wp\/v2\/product_brand?post=20021"},{"taxonomy":"product_cat","embeddable":true,"href":"http:\/\/studiokoncept.se\/fr\/wp-json\/wp\/v2\/product_cat?post=20021"},{"taxonomy":"product_tag","embeddable":true,"href":"http:\/\/studiokoncept.se\/fr\/wp-json\/wp\/v2\/product_tag?post=20021"}],"curies":[{"name":"wp","href":"https:\/\/api.w.org\/{rel}","templated":true}]}}