{"id":19760,"date":"2024-07-10T18:45:38","date_gmt":"2024-07-10T16:45:38","guid":{"rendered":"https:\/\/studiokoncept.se\/?post_type=product&#038;p=19760"},"modified":"2026-01-25T06:33:48","modified_gmt":"2026-01-25T05:33:48","slug":"verum-audio-verum-i","status":"publish","type":"product","link":"http:\/\/studiokoncept.se\/fr\/shop\/horlurar\/verum-audio-verum-i\/","title":{"rendered":"Verum Audio, Verum I"},"content":{"rendered":"<p>Le Verum 1 de Verum Audio est un casque circumaural ouvert avec un design planar-magn\u00e9tique qui combine l'innovation high-tech avec une esth\u00e9tique distinctive. Dot\u00e9 d'un double aimant et d'un haut-parleur de 82 mm enferm\u00e9 dans une oreillette de 107 mm, ce casque offre un son exceptionnel avec une surface ouverte d'environ 70% pour une exp\u00e9rience sonore plus naturelle. Sa construction robuste avec des grilles en aluminium frais\u00e9es CNC et un cardan r\u00e9glable en aluminium avec renforcement en titane, ainsi qu'une coque attrayante en polycaprolactame avec une finition imitant le bois, promet \u00e0 la fois la durabilit\u00e9 et le style.<\/p>\n<p>Ce mod\u00e8le offre un confort exceptionnel gr\u00e2ce \u00e0 des coussinets \u00e9pais et souples en cuir v\u00e9ritable et \u00e0 un bandeau bien \u00e9quilibr\u00e9 qui r\u00e9partit efficacement le poids. Le syst\u00e8me de r\u00e9glage est tr\u00e8s flexible, ce qui permet d'adapter parfaitement le casque \u00e0 la forme et \u00e0 la taille de la t\u00eate de l'utilisateur. Le syst\u00e8me magn\u00e9tique des oreillettes permet de les mettre et de les enlever facilement, ce qui est tr\u00e8s pratique.<\/p>\n<p>Le Verum 1 est non seulement confortable \u00e0 porter pendant de longues p\u00e9riodes, mais il est aussi relativement facile \u00e0 utiliser par rapport \u00e0 des mod\u00e8les similaires d'autres marques. Avec 96 dB et 12 ohms, ce casque allie l'efficacit\u00e9 \u00e0 une sc\u00e8ne sonore puissante et d\u00e9taill\u00e9e difficile \u00e0 battre. Le Verum 1 est un excellent investissement pour le passionn\u00e9 d'audio s\u00e9rieux qui recherche des performances optimales sans faire de compromis sur le style et le confort.<\/p>\n<p>Verum 1 est disponible en 3 finitions diff\u00e9rentes. Il ne s'agit pas d'un mat\u00e9riau diff\u00e9rent mais d'une surface peinte.<\/p>\n<p>Malheureusement, toutes les couleurs de Verum 1 sont maintenant \u00e9puis\u00e9es. Je n'ai toujours pas d'information sur la date \u00e0 laquelle Verum sera en mesure de livrer le Verum 1. Pour ceux qui sont int\u00e9ress\u00e9s, veuillez \u00e9crire une ligne et je vous mettrai sur la liste d'attente.<\/p>","protected":false},"excerpt":{"rendered":"<p>\u00c4ntligen alla modeller i lager!<\/p>\n<p>Verum I ; casque magn\u00e9tique planaire ouvert \u00e0 un prix imbattable.<\/p>\n<p>Ne vous laissez pas tromper par le prix ! Il s'agit d'un casque destin\u00e9 aux audiophiles \u00e0 la recherche d'une qualit\u00e9 sup\u00e9rieure. L'a\u00e9ration, la r\u00e9solution, la reproduction musicale et le confort sont merveilleux. Et, compte tenu du prix, je me demande s'il n'est pas imbattable !<\/p>\n<p>C\u00e2ble de casque de 2 m inclus : 3,5 mm - 2 connecteurs de 3,5 mm.<\/p>","protected":false},"featured_media":19757,"template":"","meta":[],"product_brand":[],"product_cat":[157],"product_tag":[],"class_list":{"0":"post-19760","1":"product","2":"type-product","3":"status-publish","4":"has-post-thumbnail","6":"product_cat-horlurar","7":"product_shipping_class-standard","9":"first","10":"instock","11":"taxable","12":"shipping-taxable","13":"purchasable","14":"product-type-variable","15":"has-default-attributes"},"bundled_by":[],"bundle_stock_status":"instock","bundle_stock_quantity":null,"bundle_virtual":false,"bundle_layout":"","bundle_add_to_cart_form_location":"","bundle_editable_in_cart":false,"bundle_sold_individually_context":"","bundle_item_grouping":"","bundle_min_size":"","bundle_max_size":"","bundle_price":[],"bundled_items":[],"bundle_sell_ids":[],"_links":{"self":[{"href":"http:\/\/studiokoncept.se\/fr\/wp-json\/wp\/v2\/product\/19760","targetHints":{"allow":["GET"]}}],"collection":[{"href":"http:\/\/studiokoncept.se\/fr\/wp-json\/wp\/v2\/product"}],"about":[{"href":"http:\/\/studiokoncept.se\/fr\/wp-json\/wp\/v2\/types\/product"}],"version-history":[{"count":0,"href":"http:\/\/studiokoncept.se\/fr\/wp-json\/wp\/v2\/product\/19760\/revisions"}],"wp:featuredmedia":[{"embeddable":true,"href":"http:\/\/studiokoncept.se\/fr\/wp-json\/wp\/v2\/media\/19757"}],"wp:attachment":[{"href":"http:\/\/studiokoncept.se\/fr\/wp-json\/wp\/v2\/media?parent=19760"}],"wp:term":[{"taxonomy":"product_brand","embeddable":true,"href":"http:\/\/studiokoncept.se\/fr\/wp-json\/wp\/v2\/product_brand?post=19760"},{"taxonomy":"product_cat","embeddable":true,"href":"http:\/\/studiokoncept.se\/fr\/wp-json\/wp\/v2\/product_cat?post=19760"},{"taxonomy":"product_tag","embeddable":true,"href":"http:\/\/studiokoncept.se\/fr\/wp-json\/wp\/v2\/product_tag?post=19760"}],"curies":[{"name":"wp","href":"https:\/\/api.w.org\/{rel}","templated":true}]}}