{"id":18789,"date":"2023-10-19T11:25:38","date_gmt":"2023-10-19T09:25:38","guid":{"rendered":"https:\/\/studiokoncept.se\/?post_type=product&#038;p=18789"},"modified":"2023-10-19T13:16:46","modified_gmt":"2023-10-19T11:16:46","slug":"entreq-max-t","status":"publish","type":"product","link":"http:\/\/studiokoncept.se\/fr\/shop\/jordning\/entreq-jordlador\/jordbox-tweak\/entreq-max-t\/","title":{"rendered":"Entreq Max T"},"content":{"rendered":"","protected":false},"excerpt":{"rendered":"<p>Entreq Max T visse le connecteur du c\u00e2ble Eartha \u00e0 l'arri\u00e8re de la bo\u00eete de mise \u00e0 la terre.<\/p>\n<p>Max T est une \u00e9volution significative de Peak 4 et offre une am\u00e9lioration significative des performances des bo\u00eetes de terre anciennes et r\u00e9centes.<\/p>\n<p>Max T s'adapte \u00e9galement tr\u00e8s bien \u00e0 l'Everest et au Peak 4.<\/p>","protected":false},"featured_media":18790,"template":"","meta":[],"product_brand":[],"product_cat":[598,689],"product_tag":[],"class_list":{"0":"post-18789","1":"product","2":"type-product","3":"status-publish","4":"has-post-thumbnail","6":"product_cat-jordbox-tweak","7":"product_cat-jordning","8":"product_shipping_class-standard","10":"first","11":"instock","12":"taxable","13":"shipping-taxable","14":"purchasable","15":"product-type-simple"},"bundled_by":[],"bundle_stock_status":"instock","bundle_stock_quantity":null,"bundle_virtual":false,"bundle_layout":"","bundle_add_to_cart_form_location":"","bundle_editable_in_cart":false,"bundle_sold_individually_context":"","bundle_item_grouping":"","bundle_min_size":"","bundle_max_size":"","bundle_price":[],"bundled_items":[],"bundle_sell_ids":[],"_links":{"self":[{"href":"http:\/\/studiokoncept.se\/fr\/wp-json\/wp\/v2\/product\/18789","targetHints":{"allow":["GET"]}}],"collection":[{"href":"http:\/\/studiokoncept.se\/fr\/wp-json\/wp\/v2\/product"}],"about":[{"href":"http:\/\/studiokoncept.se\/fr\/wp-json\/wp\/v2\/types\/product"}],"version-history":[{"count":0,"href":"http:\/\/studiokoncept.se\/fr\/wp-json\/wp\/v2\/product\/18789\/revisions"}],"wp:featuredmedia":[{"embeddable":true,"href":"http:\/\/studiokoncept.se\/fr\/wp-json\/wp\/v2\/media\/18790"}],"wp:attachment":[{"href":"http:\/\/studiokoncept.se\/fr\/wp-json\/wp\/v2\/media?parent=18789"}],"wp:term":[{"taxonomy":"product_brand","embeddable":true,"href":"http:\/\/studiokoncept.se\/fr\/wp-json\/wp\/v2\/product_brand?post=18789"},{"taxonomy":"product_cat","embeddable":true,"href":"http:\/\/studiokoncept.se\/fr\/wp-json\/wp\/v2\/product_cat?post=18789"},{"taxonomy":"product_tag","embeddable":true,"href":"http:\/\/studiokoncept.se\/fr\/wp-json\/wp\/v2\/product_tag?post=18789"}],"curies":[{"name":"wp","href":"https:\/\/api.w.org\/{rel}","templated":true}]}}