{"id":18739,"date":"2023-10-05T20:43:14","date_gmt":"2023-10-05T18:43:14","guid":{"rendered":"https:\/\/studiokoncept.se\/?post_type=product&#038;p=18739"},"modified":"2025-01-26T13:28:12","modified_gmt":"2025-01-26T12:28:12","slug":"gold-note-is-10","status":"publish","type":"product","link":"http:\/\/studiokoncept.se\/fr\/shop\/elektronik\/streaming\/streamers\/gold-note-is-10\/","title":{"rendered":"Gold Note IS-10"},"content":{"rendered":"<p>Gold Note IS-10 :<\/p>\n<p>Vue d'ensemble :<br \/>\nLe Gold Note IS-10 repr\u00e9sente le summum de la technologie audio moderne de haute qualit\u00e9 dans un format compact. Il est con\u00e7u pour offrir aux audiophiles une v\u00e9ritable exp\u00e9rience d'\u00e9coute sans compromis sur l'esth\u00e9tique ou la fonctionnalit\u00e9.<\/p>\n<p>Fonctions essentielles :<\/p>\n<p>- Amplificateur int\u00e9gr\u00e9 : L'IS-10 est dot\u00e9 d'un puissant amplificateur int\u00e9gr\u00e9 qui d\u00e9livre une puissance de 90W @ 8\u03a9 en st\u00e9r\u00e9o. Il peut \u00e9galement fonctionner comme monobloc lorsqu'il est associ\u00e9 \u00e0 un amplificateur de puissance PA-10 EVO, augmentant ainsi la puissance de sortie \u00e0 280 W @ 8\u03a9.<\/p>\n<p>- Streaming haute r\u00e9solution : Gr\u00e2ce \u00e0 son convertisseur N\/A int\u00e9gr\u00e9, l'IS-10 prend en charge les fichiers haute r\u00e9solution jusqu'\u00e0 PCM 32bit\/768kHz et DSD256. Il est \u00e9galement compatible avec les services de streaming les plus populaires tels que Tidal, Qobuz, Spotify et Deezer.<\/p>\n<p>- Amplificateur de casque : pour ceux qui pr\u00e9f\u00e8rent l'\u00e9coute priv\u00e9e, l'IS-10 dispose d'un amplificateur de casque audiophile avec une connexion de 6,3 mm, lui permettant d'alimenter n'importe quel type de casque.<\/p>\n<p>- Streaming multi-pi\u00e8ces et r\u00e9seau : l'IS-10 est enti\u00e8rement compatible avec les syst\u00e8mes multi-pi\u00e8ces. Les utilisateurs peuvent diffuser de la musique via Roon, Airplay, Tidal, MQA, Qobuz, Spotify, vTuner et Deezer. Il peut \u00e9galement se connecter \u00e0 la musique num\u00e9rique stock\u00e9e localement sur un NAS ou une cl\u00e9 USB.<\/p>\n<p>- Flexibilit\u00e9 : l'IS-10 peut \u00eatre contr\u00f4l\u00e9 \u00e0 l'aide d'une t\u00e9l\u00e9commande, d'un SKC ou via l'appli GN Control. Il dispose \u00e9galement d'un menu intuitif \u00e0 l'\u00e9cran pour des r\u00e9glages rapides.<\/p>\n<p>Caract\u00e9ristiques techniques :<\/p>\n<p>- Convertisseur D\/A : AKM AK4493 supportant jusqu'\u00e0 32bit\/768kHz et DSD512.<br \/>\n- R\u00e9ponse en fr\u00e9quence : 20Hz-20kHz +\/-0,1dB.<br \/>\n- THD (Distorsion harmonique totale) : 0,001%.<br \/>\n- Rapport signal\/bruit : &gt;125dB.<br \/>\n- Plage dynamique : 120 dB.<br \/>\n- Connectivit\u00e9 r\u00e9seau : LAN &amp; Wi-Fi 802.11a\/b\/g\/n\/ac Dual Band et Bluetooth High-Definition 5.0.<br \/>\n- Entr\u00e9es : num\u00e9riques (TOS-Link, RCA coaxiales, USB-A) et analogiques (RCA asym\u00e9triques).<br \/>\n- Sorties : Connecteurs de haut-parleurs, sortie de l'amplificateur et sortie du casque.<\/p>\n<p>Conclusion :<br \/>\nLe Gold Notes IS-10 est une solution tout-en-un qui associe un son de haute qualit\u00e9 \u00e0 une technologie moderne et \u00e0 un design \u00e9l\u00e9gant. Elle est id\u00e9ale pour ceux qui recherchent une solution audio sophistiqu\u00e9e et performante pour leur salon.<\/p>","protected":false},"excerpt":{"rendered":"<p><strong>Gold Notes IS-10 est la derni\u00e8re solution tout-en-un de leur gamme d'appareils \u00e9lectroniques compacts. <\/strong><\/p>\n<p>Ce syst\u00e8me st\u00e9r\u00e9o de haute qualit\u00e9 est \u00e9quip\u00e9 d'un puissant amplificateur int\u00e9gr\u00e9 de 90 W @ 8\u03a9, d'un amplificateur de casque avec connexion 6,3 mm et d'un convertisseur N\/A avec streaming haute d\u00e9finition. Prenant en charge les fichiers haute r\u00e9solution pour garantir la meilleure qualit\u00e9 sonore possible, l'IS-10 n'est pas seulement un appareil technologiquement avanc\u00e9, mais aussi une solution \u00e9l\u00e9gante et raffin\u00e9e qui s'int\u00e8gre parfaitement dans le salon. Prenant en charge des services de streaming tels que Tidal, Qobuz et Spotify, il offre une exp\u00e9rience musicale polyvalente \u00e0 tous les audiophiles.<\/p>","protected":false},"featured_media":18743,"template":"","meta":[],"product_brand":[],"product_cat":[428,164,163,159,682],"product_tag":[],"class_list":{"0":"post-18739","1":"product","2":"type-product","3":"status-publish","4":"has-post-thumbnail","6":"product_cat-bluetooth","7":"product_cat-dac","8":"product_cat-horlursforstarkare","9":"product_cat-integrerade-forstarkare","10":"product_cat-streamers","11":"product_shipping_class-standard","13":"first","14":"instock","15":"taxable","16":"shipping-taxable","17":"purchasable","18":"product-type-variable"},"bundled_by":[],"bundle_stock_status":"instock","bundle_stock_quantity":null,"bundle_virtual":false,"bundle_layout":"","bundle_add_to_cart_form_location":"","bundle_editable_in_cart":false,"bundle_sold_individually_context":"","bundle_item_grouping":"","bundle_min_size":"","bundle_max_size":"","bundle_price":[],"bundled_items":[],"bundle_sell_ids":[],"_links":{"self":[{"href":"http:\/\/studiokoncept.se\/fr\/wp-json\/wp\/v2\/product\/18739","targetHints":{"allow":["GET"]}}],"collection":[{"href":"http:\/\/studiokoncept.se\/fr\/wp-json\/wp\/v2\/product"}],"about":[{"href":"http:\/\/studiokoncept.se\/fr\/wp-json\/wp\/v2\/types\/product"}],"version-history":[{"count":0,"href":"http:\/\/studiokoncept.se\/fr\/wp-json\/wp\/v2\/product\/18739\/revisions"}],"wp:featuredmedia":[{"embeddable":true,"href":"http:\/\/studiokoncept.se\/fr\/wp-json\/wp\/v2\/media\/18743"}],"wp:attachment":[{"href":"http:\/\/studiokoncept.se\/fr\/wp-json\/wp\/v2\/media?parent=18739"}],"wp:term":[{"taxonomy":"product_brand","embeddable":true,"href":"http:\/\/studiokoncept.se\/fr\/wp-json\/wp\/v2\/product_brand?post=18739"},{"taxonomy":"product_cat","embeddable":true,"href":"http:\/\/studiokoncept.se\/fr\/wp-json\/wp\/v2\/product_cat?post=18739"},{"taxonomy":"product_tag","embeddable":true,"href":"http:\/\/studiokoncept.se\/fr\/wp-json\/wp\/v2\/product_tag?post=18739"}],"curies":[{"name":"wp","href":"https:\/\/api.w.org\/{rel}","templated":true}]}}