{"id":18728,"date":"2023-10-01T07:24:55","date_gmt":"2023-10-01T05:24:55","guid":{"rendered":"https:\/\/studiokoncept.se\/?post_type=product&#038;p=18728"},"modified":"2023-10-01T08:34:15","modified_gmt":"2023-10-01T06:34:15","slug":"rel-acoustics-classic-98","status":"publish","type":"product","link":"http:\/\/studiokoncept.se\/fr\/shop\/hogtalare\/subwoofers\/rel-acoustics-classic-98\/","title":{"rendered":"Rel Acoustics Classic 98"},"content":{"rendered":"<p>Le Classic 98 de REL Acoustics est un m\u00e9lange parfait de charme r\u00e9tro et de technologie moderne. Inspir\u00e9 par l'\u00e2ge d'or des cha\u00eenes st\u00e9r\u00e9o, ce caisson de basses allie l'esth\u00e9tique des g\u00e9n\u00e9rations pr\u00e9c\u00e9dentes aux avanc\u00e9es technologiques d'aujourd'hui.<\/p>\n<p>Conception :<br \/>\nCe subwoofer de REL Acoustics refl\u00e8te le c\u00e9l\u00e8bre design de 10 pouces de l'entreprise dans les ann\u00e9es 90. Avec son riche placage en noyer, il donne une impression de st\u00e9r\u00e9o vintage. La courbe radiale et la ligne subtile soulignent la qualit\u00e9 de fabrication moderne.<\/p>\n<p>\u00c9l\u00e9ment :<br \/>\nLe haut-parleur de 10 pouces \u00e0 tirant vers le bas de la Classic 98, fabriqu\u00e9 avec la technologie traditionnelle de c\u00f4ne en papier de REL Acoustics, produit le son caract\u00e9ristique de REL. Malgr\u00e9 son design r\u00e9tro, ce haut-parleur d\u00e9livre un son puissant et propre gr\u00e2ce \u00e0 la technologie moderne qui le sous-tend.<\/p>\n<p>Amplificateurs :<br \/>\nREL Acoustics a d\u00e9velopp\u00e9 un amplificateur moderne de classe D pour le Classic 98, qui est \u00e0 la fois puissant et rapide. Cet amplificateur t\u00e9moigne de l'engagement de l'entreprise \u00e0 fournir des performances de haute qualit\u00e9 \u00e0 un prix abordable.<\/p>\n<p>Technologie sans fil :<br \/>\nREL Acoustics est connu pour repousser les limites, et sa technologie sans fil ne fait pas exception. Pour le Classic 98, ils proposent deux options sans fil avanc\u00e9es : AirShip II et HT-Air MKII Wireless.<\/p>\n<p>Position dans la gamme REL :<br \/>\nDans la gamme REL Acoustics, le Classic 98 occupe une position unique, son prix se situant juste en dessous de celui du T9\/x. Bien que les deux mod\u00e8les soient des exemples de performances de pointe, ils offrent des exp\u00e9riences diff\u00e9rentes \u00e0 l'utilisateur.<\/p>\n<p>&nbsp;<\/p>","protected":false},"excerpt":{"rendered":"<p>Le Classic 98 de REL Acoustics est un m\u00e9lange parfait de charme r\u00e9tro et de technologie moderne. Inspir\u00e9 par l'\u00e2ge d'or des cha\u00eenes st\u00e9r\u00e9o, ce caisson de basses allie l'esth\u00e9tique des g\u00e9n\u00e9rations pr\u00e9c\u00e9dentes aux avanc\u00e9es technologiques d'aujourd'hui.<\/p>\n<p><a href=\"https:\/\/www.youtube.com\/watch?v=6BWKJHyY0KY&amp;t=3s\" target=\"_blank\" rel=\"noopener\">Regardez la vid\u00e9o d'introduction sur Youtube<\/a><\/p>","protected":false},"featured_media":18731,"template":"","meta":[],"product_brand":[],"product_cat":[321],"product_tag":[],"class_list":{"0":"post-18728","1":"product","2":"type-product","3":"status-publish","4":"has-post-thumbnail","6":"product_cat-subwoofers","7":"product_shipping_class-standard","9":"first","10":"instock","11":"taxable","12":"shipping-taxable","13":"purchasable","14":"product-type-simple"},"bundled_by":[],"bundle_stock_status":"instock","bundle_stock_quantity":null,"bundle_virtual":false,"bundle_layout":"","bundle_add_to_cart_form_location":"","bundle_editable_in_cart":false,"bundle_sold_individually_context":"","bundle_item_grouping":"","bundle_min_size":"","bundle_max_size":"","bundle_price":[],"bundled_items":[],"bundle_sell_ids":[],"_links":{"self":[{"href":"http:\/\/studiokoncept.se\/fr\/wp-json\/wp\/v2\/product\/18728","targetHints":{"allow":["GET"]}}],"collection":[{"href":"http:\/\/studiokoncept.se\/fr\/wp-json\/wp\/v2\/product"}],"about":[{"href":"http:\/\/studiokoncept.se\/fr\/wp-json\/wp\/v2\/types\/product"}],"version-history":[{"count":0,"href":"http:\/\/studiokoncept.se\/fr\/wp-json\/wp\/v2\/product\/18728\/revisions"}],"wp:featuredmedia":[{"embeddable":true,"href":"http:\/\/studiokoncept.se\/fr\/wp-json\/wp\/v2\/media\/18731"}],"wp:attachment":[{"href":"http:\/\/studiokoncept.se\/fr\/wp-json\/wp\/v2\/media?parent=18728"}],"wp:term":[{"taxonomy":"product_brand","embeddable":true,"href":"http:\/\/studiokoncept.se\/fr\/wp-json\/wp\/v2\/product_brand?post=18728"},{"taxonomy":"product_cat","embeddable":true,"href":"http:\/\/studiokoncept.se\/fr\/wp-json\/wp\/v2\/product_cat?post=18728"},{"taxonomy":"product_tag","embeddable":true,"href":"http:\/\/studiokoncept.se\/fr\/wp-json\/wp\/v2\/product_tag?post=18728"}],"curies":[{"name":"wp","href":"https:\/\/api.w.org\/{rel}","templated":true}]}}