{"id":18667,"date":"2023-09-26T09:42:27","date_gmt":"2023-09-26T07:42:27","guid":{"rendered":"https:\/\/studiokoncept.se\/?post_type=product&#038;p=18667"},"modified":"2023-09-30T11:48:41","modified_gmt":"2023-09-30T09:48:41","slug":"rel-acoustics-t-5x","status":"publish","type":"product","link":"http:\/\/studiokoncept.se\/fr\/shop\/hogtalare\/subwoofers\/rel-acoustics-t-5x\/","title":{"rendered":"REL Acoustics T\/5x"},"content":{"rendered":"<p>REL parle d'une mise \u00e0 niveau \u00e0 360 degr\u00e9s.<\/p>\n<p>Chez REL, le lien entre performance et conception est profond et souvent m\u00e9connu. Ici, ce sont les performances qui d\u00e9terminent les r\u00e9visions de conception. Lorsque les ing\u00e9nieurs identifient un besoin de volume acoustique plus important pour une fluidit\u00e9 et une puissance accrues, le processus de conception cr\u00e9e l'illusion d'un encombrement plus faible, m\u00eame si le volume de l'enceinte augmente en r\u00e9alit\u00e9, gr\u00e2ce \u00e0 l'utilisation de coins l\u00e9g\u00e8rement arrondis. Le r\u00e9sultat final est \u00e0 la fois moderne et familier, sans fioritures inutiles.<\/p>\n<p>Unit\u00e9 de base innovante<br \/>\nLe T\/5x est \u00e9quip\u00e9 d'une simple unit\u00e9 de base de 8 pouces (200 mm) \u00e0 longue port\u00e9e, emprunt\u00e9e \u00e0 son grand fr\u00e8re, le T\/7x. Ce c\u00f4ne, fabriqu\u00e9 \u00e0 partir d'un composite d'aluminium et de papier l\u00e9ger, capture les d\u00e9tails qui impressionnent et d\u00e9livre suffisamment d'\u00e9nergie pour atteindre des profondeurs surprenantes pour sa taille. Dans le T\/5x, la longueur de course - la capacit\u00e9 \u00e0 jouer plus fort - a \u00e9t\u00e9 augment\u00e9e. Les am\u00e9liorations internes ont transform\u00e9 les performances, les faisant passer de celles d'une voiture familiale \u00e0 celles d'une v\u00e9ritable voiture de sport. Plus de puissance, plus de finesse.<\/p>\n<p>Puissance et fiabilit\u00e9<br \/>\nLe T\/5x reprend l\u00e0 o\u00f9 son pr\u00e9d\u00e9cesseur s'est arr\u00eat\u00e9, avec des amplificateurs de classe A\/B fiables et puissants de 125 W. Plusieurs composants internes essentiels ont \u00e9t\u00e9 mis \u00e0 niveau pour am\u00e9liorer la transparence et la rapidit\u00e9, sans compromettre la fiabilit\u00e9 reconnue de REL. Plusieurs composants internes essentiels ont \u00e9t\u00e9 mis \u00e0 niveau pour am\u00e9liorer la transparence et la vitesse, sans compromettre la fiabilit\u00e9 reconnue de REL. Avec des entr\u00e9es haut et bas niveau s\u00e9par\u00e9es, il permet une transition transparente entre l'enceinte et le caisson de basse. De plus, une entr\u00e9e .1\/LFE s\u00e9par\u00e9e et d\u00e9di\u00e9e au home cin\u00e9ma offre une transition automatique entre la musique et les films, sans qu'il soit n\u00e9cessaire de modifier les r\u00e9glages. Est-ce de la magie ? Non, c'est plut\u00f4t l'expression d'une ing\u00e9nierie sup\u00e9rieure.<\/p>\n<p>Pour ceux qui utilisent des appareils de 220 V, un interrupteur de mode veille est ajout\u00e9, ce qui facilite l'utilisation et l'adaptabilit\u00e9 aux diff\u00e9rents march\u00e9s.<br \/>\n!<\/p>","protected":false},"excerpt":{"rendered":"<p>Rel Acoustics a am\u00e9lior\u00e9 le mod\u00e8le T\/5 en T\/5X. Il est l\u00e9g\u00e8rement plus grand que son pr\u00e9d\u00e9cesseur et dispose d'une suspension am\u00e9lior\u00e9e.<\/p>\n<p>Il s'agit d'un subwoofer avec un \u00e9l\u00e9ment de 8\u2033 orient\u00e9 vers le bas dans une construction en caisson ferm\u00e9, aliment\u00e9 par un amplificateur de classe A\/B de 125W. Il offre un filtre r\u00e9glable jusqu'\u00e0 30Hz et un filtre de 12dB pour une personnalisation optimale du son.<\/p>\n<p>Il dispose d'une entr\u00e9e haut et bas niveau avec des volumes s\u00e9par\u00e9s et comprend un c\u00e2ble haut niveau de 10m.<\/p>\n<p>Finition en noir et blanc.<\/p>\n<p>&nbsp;<\/p>","protected":false},"featured_media":18669,"template":"","meta":[],"product_brand":[],"product_cat":[321],"product_tag":[],"class_list":{"0":"post-18667","1":"product","2":"type-product","3":"status-publish","4":"has-post-thumbnail","6":"product_cat-subwoofers","8":"first","9":"instock","10":"taxable","11":"shipping-taxable","12":"purchasable","13":"product-type-variable"},"bundled_by":[],"bundle_stock_status":"instock","bundle_stock_quantity":null,"bundle_virtual":false,"bundle_layout":"","bundle_add_to_cart_form_location":"","bundle_editable_in_cart":false,"bundle_sold_individually_context":"","bundle_item_grouping":"","bundle_min_size":"","bundle_max_size":"","bundle_price":[],"bundled_items":[],"bundle_sell_ids":[],"_links":{"self":[{"href":"http:\/\/studiokoncept.se\/fr\/wp-json\/wp\/v2\/product\/18667","targetHints":{"allow":["GET"]}}],"collection":[{"href":"http:\/\/studiokoncept.se\/fr\/wp-json\/wp\/v2\/product"}],"about":[{"href":"http:\/\/studiokoncept.se\/fr\/wp-json\/wp\/v2\/types\/product"}],"version-history":[{"count":0,"href":"http:\/\/studiokoncept.se\/fr\/wp-json\/wp\/v2\/product\/18667\/revisions"}],"wp:featuredmedia":[{"embeddable":true,"href":"http:\/\/studiokoncept.se\/fr\/wp-json\/wp\/v2\/media\/18669"}],"wp:attachment":[{"href":"http:\/\/studiokoncept.se\/fr\/wp-json\/wp\/v2\/media?parent=18667"}],"wp:term":[{"taxonomy":"product_brand","embeddable":true,"href":"http:\/\/studiokoncept.se\/fr\/wp-json\/wp\/v2\/product_brand?post=18667"},{"taxonomy":"product_cat","embeddable":true,"href":"http:\/\/studiokoncept.se\/fr\/wp-json\/wp\/v2\/product_cat?post=18667"},{"taxonomy":"product_tag","embeddable":true,"href":"http:\/\/studiokoncept.se\/fr\/wp-json\/wp\/v2\/product_tag?post=18667"}],"curies":[{"name":"wp","href":"https:\/\/api.w.org\/{rel}","templated":true}]}}