{"id":18168,"date":"2023-07-02T21:58:22","date_gmt":"2023-07-02T19:58:22","guid":{"rendered":"https:\/\/studiokoncept.se\/?post_type=product&#038;p=18168"},"modified":"2023-07-06T19:15:56","modified_gmt":"2023-07-06T17:15:56","slug":"pylon-audio-jasper-monitor-18","status":"publish","type":"product","link":"http:\/\/studiokoncept.se\/fr\/shop\/hogtalare\/stativhogtalare\/pylon-audio-jasper-monitor-18\/","title":{"rendered":"Pylon Audio Jasper Monitor 18"},"content":{"rendered":"<p>Le Jasper Monitor 18 est un repr\u00e9sentant sur pied de la ligne Jasper. Comme ses grands fr\u00e8res, il conserve un son avanc\u00e9 et mature, pr\u00e9sent\u00e9 de mani\u00e8re agr\u00e9able et efficace.<\/p>\n<p>Les transducteurs sp\u00e9cialement s\u00e9lectionn\u00e9s sur la base de param\u00e8tres techniques proviennent de la soci\u00e9t\u00e9 danoise Scan-Speak. Le Revelator de 18 cm est responsable de la reproduction des sons graves et moyens, reconnaissable \u00e0 son diaphragme unique et d\u00e9coup\u00e9. Cette proc\u00e9dure a \u00e9t\u00e9 mise au point pour r\u00e9duire la distorsion et les \"conmodes\", ce qui se traduit par un contr\u00f4le et une \u00e9lasticit\u00e9 in\u00e9gal\u00e9s des basses, une expressivit\u00e9 et des efforts vocaux bien d\u00e9finis. Nous avons confi\u00e9 le sommet de la bande au tweeter, qui utilise l'un des syst\u00e8mes vibratoires les plus l\u00e9gers - un d\u00f4me pesant seulement 0,18 g reproduit facilement les nuances et les d\u00e9tails les plus infimes des enregistrements.<br \/>\nL'effet de ces solutions est un son pr\u00e9cis, color\u00e9 et fid\u00e8le.<\/p>\n<p>Les composants sont enferm\u00e9s dans une structure solide qui pr\u00e9sente une forme originale avec des plans incurv\u00e9s pour \u00e9viter la formation d'ondes stationnaires dans l'enceinte, ainsi qu'une inclinaison appropri\u00e9e de la face avant. Une t\u00e2che suppl\u00e9mentaire d'un tel corps est d'ajuster les centres acoustiques des haut-parleurs, traduisant la coh\u00e9rence des pr\u00e9sentations et des sc\u00e8nes.<\/p>\n<p>Jasper Monitor 18 - Des colonnes discr\u00e8tes mais matures, d'une musicalit\u00e9, d'une st\u00e9r\u00e9o et d'une ampleur surprenantes, avec une forme innovante et sophistiqu\u00e9e.<\/p>\n<p>Les colonnes sont con\u00e7ues pour des pi\u00e8ces de 15 \u00e0 32 m2.<\/p>\n<p>Les sets sont livr\u00e9s avec des supports de marque qui constituent une offre attrayante pour les personnes qui souhaitent utiliser tout le potentiel des colonnes dans leurs capacit\u00e9s spatiales.<\/p>","protected":false},"excerpt":{"rendered":"<p>Enceinte extr\u00eamement agr\u00e9able. Joue avec un m\u00e9lange particulier de propret\u00e9 et de clart\u00e9 en termes de nuances, de taille et de basses.<br \/>\nIl est tr\u00e8s facile de l'aimer !<br \/>\nLe design est \u00e9galement riche en id\u00e9es et donne une impression de modernit\u00e9 tout en \u00e9tant l\u00e9g\u00e8rement \u00e9pur\u00e9 gr\u00e2ce aux lignes courbes.<br \/>\nSur commande sp\u00e9ciale, tous les <a href=\"http:\/\/www.ralcolor.co\" rel=\"noopener\" target=\"_blank\">Couleurs RAL<\/a> \u00eatre propos\u00e9s. <\/p>\n<p>Prix par paire. <\/p>","protected":false},"featured_media":18170,"template":"","meta":[],"product_brand":[],"product_cat":[155],"product_tag":[],"class_list":{"0":"post-18168","1":"product","2":"type-product","3":"status-publish","4":"has-post-thumbnail","6":"product_cat-stativhogtalare","7":"product_shipping_class-standard","9":"first","10":"instock","11":"taxable","12":"shipping-taxable","13":"purchasable","14":"product-type-variable","15":"has-default-attributes"},"bundled_by":[],"bundle_stock_status":"instock","bundle_stock_quantity":null,"bundle_virtual":false,"bundle_layout":"","bundle_add_to_cart_form_location":"","bundle_editable_in_cart":false,"bundle_sold_individually_context":"","bundle_item_grouping":"","bundle_min_size":"","bundle_max_size":"","bundle_price":[],"bundled_items":[],"bundle_sell_ids":[],"_links":{"self":[{"href":"http:\/\/studiokoncept.se\/fr\/wp-json\/wp\/v2\/product\/18168","targetHints":{"allow":["GET"]}}],"collection":[{"href":"http:\/\/studiokoncept.se\/fr\/wp-json\/wp\/v2\/product"}],"about":[{"href":"http:\/\/studiokoncept.se\/fr\/wp-json\/wp\/v2\/types\/product"}],"version-history":[{"count":0,"href":"http:\/\/studiokoncept.se\/fr\/wp-json\/wp\/v2\/product\/18168\/revisions"}],"wp:featuredmedia":[{"embeddable":true,"href":"http:\/\/studiokoncept.se\/fr\/wp-json\/wp\/v2\/media\/18170"}],"wp:attachment":[{"href":"http:\/\/studiokoncept.se\/fr\/wp-json\/wp\/v2\/media?parent=18168"}],"wp:term":[{"taxonomy":"product_brand","embeddable":true,"href":"http:\/\/studiokoncept.se\/fr\/wp-json\/wp\/v2\/product_brand?post=18168"},{"taxonomy":"product_cat","embeddable":true,"href":"http:\/\/studiokoncept.se\/fr\/wp-json\/wp\/v2\/product_cat?post=18168"},{"taxonomy":"product_tag","embeddable":true,"href":"http:\/\/studiokoncept.se\/fr\/wp-json\/wp\/v2\/product_tag?post=18168"}],"curies":[{"name":"wp","href":"https:\/\/api.w.org\/{rel}","templated":true}]}}