{"id":18160,"date":"2023-07-02T09:30:17","date_gmt":"2023-07-02T07:30:17","guid":{"rendered":"https:\/\/studiokoncept.se\/?post_type=product&#038;p=18160"},"modified":"2023-09-06T14:29:07","modified_gmt":"2023-09-06T12:29:07","slug":"ifi-audio-adapter-25-44-pentaconn","status":"publish","type":"product","link":"http:\/\/studiokoncept.se\/fr\/shop\/horlurar\/ifi-audio-adapter-25-44-pentaconn\/","title":{"rendered":"Adaptateur audio Ifi 2.5 - 4.4 (Pentaconn)"},"content":{"rendered":"<p>L'adaptateur de casque Ifi Audio 2,5mm \u00e0 4,4mm (Pentaconn) est un adaptateur sp\u00e9cialis\u00e9 qui convertit vos casques avec des connecteurs de 2,5mm pour travailler avec une sortie \u00e9quilibr\u00e9e de 4,4mm. L'utilisation de sorties sym\u00e9triques de 4,4 mm est de plus en plus courante, et pas seulement dans les produits Ifi. Si vous en avez assez de ne pas pouvoir utiliser vos chers \u00e9couteurs \u00e0 connecteur unique de 2,5 mm avec des appareils dot\u00e9s d'une sortie sym\u00e9trique de 4,4 mm, cet adaptateur r\u00e9sout facilement le probl\u00e8me.<\/p>\n<p>Remarque : les signaux sym\u00e9triques n\u00e9gatifs ne sont pas reli\u00e9s \u00e0 la masse dans l'adaptateur, ce qui permet de convertir une fiche de casque de 2,5 mm asym\u00e9trique pour l'utiliser avec une sortie sym\u00e9trique de 4,4 mm sans risquer d'endommager l'amplificateur. Cet adaptateur ne convertit pas une fiche asym\u00e9trique en fiche sym\u00e9trique - la connexion reste asym\u00e9trique.<\/p>\n<p>L'adaptateur est fabriqu\u00e9 en cuivre OFHC, qui signifie Oxygen-Free High Thermal Conductivity (haute conductivit\u00e9 thermique sans oxyg\u00e8ne). Le cuivre OFHC, \u00e9galement connu sous le nom de cuivre sans oxyg\u00e8ne (OFC), conduit tr\u00e8s bien les signaux. Le cuivre OFHC se caract\u00e9rise par une plus grande ductilit\u00e9, une conductivit\u00e9 thermique et \u00e9lectrique \u00e9lev\u00e9e, une grande r\u00e9sistance aux chocs, une plus grande r\u00e9sistance et un processus de soudage plus facile. La conductivit\u00e9 des m\u00e9taux courants, tels que le cuivre ou l'argent, est limit\u00e9e par la pr\u00e9sence d'impuret\u00e9s et d'autres d\u00e9fauts. En r\u00e9duisant le niveau extr\u00eamement bas d'impuret\u00e9s, les propri\u00e9t\u00e9s inh\u00e9rentes du cuivre sont consid\u00e9rablement am\u00e9lior\u00e9es. Les m\u00e9taux OFHC ainsi obtenus ont une teneur en cuivre de 99,99%.<\/p>","protected":false},"excerpt":{"rendered":"<p>Un produit pour ceux qui ont des \u00e9couteurs avec une prise de 2,5 mm et qui veulent les connecter \u00e0 un produit avec une prise de 4,4 mm (Pentaconn). <\/p>\n<p>Remarque : les signaux sym\u00e9triques n\u00e9gatifs ne sont pas reli\u00e9s \u00e0 la masse dans l'adaptateur, ce qui permet de convertir une fiche de casque de 2,5 mm \u00e0 extr\u00e9mit\u00e9 unique pour l'utiliser avec une sortie sym\u00e9trique de 4,4 mm sans risquer d'endommager l'amplificateur. Cet adaptateur ne convertit pas une fiche asym\u00e9trique en fiche sym\u00e9trique - la connexion reste asym\u00e9trique.<\/p>\n<p>Plus d'informations ci-dessous. <\/p>","protected":false},"featured_media":18161,"template":"","meta":[],"product_brand":[],"product_cat":[157,177],"product_tag":[],"class_list":{"0":"post-18160","1":"product","2":"type-product","3":"status-publish","4":"has-post-thumbnail","6":"product_cat-horlurar","7":"product_cat-ovrigt","9":"first","10":"instock","11":"taxable","12":"shipping-taxable","13":"purchasable","14":"product-type-simple"},"bundled_by":[],"bundle_stock_status":"instock","bundle_stock_quantity":null,"bundle_virtual":false,"bundle_layout":"","bundle_add_to_cart_form_location":"","bundle_editable_in_cart":false,"bundle_sold_individually_context":"","bundle_item_grouping":"","bundle_min_size":"","bundle_max_size":"","bundle_price":[],"bundled_items":[],"bundle_sell_ids":[],"_links":{"self":[{"href":"http:\/\/studiokoncept.se\/fr\/wp-json\/wp\/v2\/product\/18160","targetHints":{"allow":["GET"]}}],"collection":[{"href":"http:\/\/studiokoncept.se\/fr\/wp-json\/wp\/v2\/product"}],"about":[{"href":"http:\/\/studiokoncept.se\/fr\/wp-json\/wp\/v2\/types\/product"}],"version-history":[{"count":0,"href":"http:\/\/studiokoncept.se\/fr\/wp-json\/wp\/v2\/product\/18160\/revisions"}],"wp:featuredmedia":[{"embeddable":true,"href":"http:\/\/studiokoncept.se\/fr\/wp-json\/wp\/v2\/media\/18161"}],"wp:attachment":[{"href":"http:\/\/studiokoncept.se\/fr\/wp-json\/wp\/v2\/media?parent=18160"}],"wp:term":[{"taxonomy":"product_brand","embeddable":true,"href":"http:\/\/studiokoncept.se\/fr\/wp-json\/wp\/v2\/product_brand?post=18160"},{"taxonomy":"product_cat","embeddable":true,"href":"http:\/\/studiokoncept.se\/fr\/wp-json\/wp\/v2\/product_cat?post=18160"},{"taxonomy":"product_tag","embeddable":true,"href":"http:\/\/studiokoncept.se\/fr\/wp-json\/wp\/v2\/product_tag?post=18160"}],"curies":[{"name":"wp","href":"https:\/\/api.w.org\/{rel}","templated":true}]}}