{"id":17627,"date":"2023-06-15T08:00:13","date_gmt":"2023-06-15T06:00:13","guid":{"rendered":"https:\/\/studiokoncept.se\/?post_type=product&#038;p=17627"},"modified":"2025-05-31T20:04:10","modified_gmt":"2025-05-31T18:04:10","slug":"hifiman-audivina","status":"publish","type":"product","link":"http:\/\/studiokoncept.se\/fr\/shop\/horlurar\/hifiman-audivina\/","title":{"rendered":"Hifiman Audivina"},"content":{"rendered":"<p>HIFIMAN Audivina est une paire d'\u00e9couteurs planaires magn\u00e9tiques ferm\u00e9s, de taille normale, dot\u00e9s de la derni\u00e8re technologie d'aimant furtif. HIFIMAN a utilis\u00e9 un nouveau diaphragme Neo Supernano, qui, selon l'entreprise, est un tout nouveau NsD 80% plus fin que les versions pr\u00e9c\u00e9dentes, offrant un niveau de d\u00e9tail \u00e9lev\u00e9 et une tonalit\u00e9 r\u00e9aliste, ainsi qu'une sc\u00e8ne sonore plus large et plus pr\u00e9cise que la moyenne.<\/p>\n<p>Conception : Audivina a de grands d\u00f4mes, qui sont beaux mais pro\u00e9minents. Ils semblent \u00eatre en bois de h\u00eatre et utilisent la nouvelle conception de la chambre de r\u00e9sonance interne de HIFIMAN. La connexion aux enceintes se fait par le connecteur habituel de 3,5 mm, mais cette fois-ci, HIFIMAN semble avoir trouv\u00e9 une nouvelle fa\u00e7on de construire les connecteurs et vous pouvez sentir la diff\u00e9rence. Les connecteurs sont bien ajust\u00e9s et offrent une connexion solide.<\/p>\n<p>Confort : La premi\u00e8re chose que l'on remarque avec HIFIMAN Audivina, c'est la l\u00e9g\u00e8ret\u00e9 de la force de serrage, qui est nettement inf\u00e9rieure \u00e0 celle de la variante Sundara et \u00e0 celle de l'Edition X. Cette caract\u00e9ristique, associ\u00e9e \u00e0 des bonnets et des coussinets de grande taille, assure un grand confort. Cette caract\u00e9ristique, associ\u00e9e \u00e0 des coupelles et des coussinets de grande taille, cr\u00e9e un niveau de confort \u00e9lev\u00e9. Ces \u00e9couteurs sont \u00e0 peine perceptibles, \u00e0 l'exception d'une l\u00e9g\u00e8re pression sur les bonnets et l'arceau.<\/p>\n<p>HIFIMAN a utilis\u00e9 un nouveau diaphragme Neo Supernano, qui, selon eux, est un tout nouveau NsD qui est 80% plus fin qu'auparavant. Cela am\u00e9liore th\u00e9oriquement la r\u00e9ponse transitoire et la vitesse, car il n'est mince que de 1 \u00e0 2 microns et aussi l\u00e9ger que l'air.<\/p>\n<p>Sp\u00e9cifications : En termes de sp\u00e9cifications techniques, Audivina a une imp\u00e9dance de 20 ohms, une sensibilit\u00e9 de 97 dB, un poids de 470 grammes et une r\u00e9ponse en fr\u00e9quence de 5 Hz \u00e0 55 kHz.<\/p>","protected":false},"excerpt":{"rendered":"<p>HIFIMAN Audivina est une paire d'\u00e9couteurs planaires magn\u00e9tiques ferm\u00e9s de taille normale qui introduit la derni\u00e8re technologie d'aimant furtif avec des membranes 80% plus fines que les versions pr\u00e9c\u00e9dentes. Il offre un niveau \u00e9lev\u00e9 de d\u00e9tails et une tonalit\u00e9 r\u00e9aliste, ainsi qu'une sc\u00e8ne sonore plus large et plus pr\u00e9cise que la moyenne.<br \/>\nTr\u00e8s bon confort. \t\t\t<link rel=\"stylesheet\" id=\"elementor-post-17634-css\" href=\"http:\/\/studiokoncept.se\/wp-content\/uploads\/elementor\/css\/post-17634.css?ver=1774542751\" type=\"text\/css\" media=\"all\">\n<div data-elementor-type=\"wp-post\" data-elementor-id=\"17634\" class=\"elementor elementor-17634\" data-elementor-post-type=\"cms_block\">\n<section class=\"wd-negative-gap elementor-section elementor-top-section elementor-element elementor-element-a3c1ea9 elementor-section-boxed elementor-section-height-default elementor-section-height-default\" data-id=\"a3c1ea9\" data-element_type=\"section\" data-e-type=\"section\">\n<div class=\"elementor-container elementor-column-gap-default\">\n<div class=\"elementor-column elementor-col-100 elementor-top-column elementor-element elementor-element-3453722\" data-id=\"3453722\" data-element_type=\"column\" data-e-type=\"column\">\n<div class=\"elementor-widget-wrap elementor-element-populated\">\n<div class=\"elementor-element elementor-element-e3aa083 elementor-widget elementor-widget-wd_popup\" data-id=\"e3aa083\" data-element_type=\"widget\" data-e-type=\"widget\" data-widget_type=\"wd_popup.default\">\n<div class=\"elementor-widget-container\">\n<div class=\"wd-button-wrapper text-center\" >\n\t\t\t<a class=\"btn btn-style-3d btn-shape-semi-round btn-size-default wd-open-popup btn-color-custom btn-icon-pos-right\"  href=\"#popup-648aa778c66a6\"><br \/>\n\t\t\t\t<span class=\"wd-btn-text\" data-elementor-setting-key=\"text\"><br \/>\n\t\t\t\t\tSp\u00e9cifications\t\t\t\t<\/span><\/p>\n<p>\t\t\t\t\t\t\t<\/a>\n\t\t<\/div>\n<div id=\"popup-648aa778c66a6\" class=\"wd-popup wd-popup-element wd-entry-content mfp-hide\" style=\"--wd-popup-width:500px;\">\n<p>&nbsp;<\/p>\n<style>\n tbody {  box-shadow: 0 0 0 1px rgb(155,129,67);  border-radius: 40px;}   td { text-align: center; } .right-border-colored { border-right: 1px solid rgb(155,129,67); \/* \u00c4ndra #f00 till den f\u00e4rg du vill ha och 2px till den tjocklek du vill ha p\u00e5 kanten *\/} \n     ul, ol {\n    list-style-type: none;\n}<\/style>\n<p>&nbsp;<\/p>\n<table>\n<tbody>\n<tr>\n<th style=\"text-align: center; color: #9b8143; border-bottom-color: #9b8143\" colspan=\"2\">CARACT\u00c9RISTIQUES TECHNIQUES<\/th>\n<\/tr>\n<tr>\n<td class=\"right-border-colored\">Type<\/td>\n<td>Plan magn\u00e9tique ferm\u00e9<\/td>\n<\/tr>\n<tr>\n<td class=\"right-border-colored\">Unit\u00e9 d'entra\u00eenement<\/td>\n<td>magn\u00e9tique planaire<\/td>\n<\/tr>\n<tr>\n<td class=\"right-border-colored\">R\u00e9ponse en fr\u00e9quence<\/td>\n<td>5 Hz \u00e0 55 kHz<\/td>\n<\/tr>\n<tr>\n<td class=\"right-border-colored\">Imp\u00e9dance<\/td>\n<td>20 \u03a9<\/td>\n<\/tr>\n<tr>\n<td class=\"right-border-colored\">Sensibilit\u00e9<\/td>\n<td>97 dB<\/td>\n<\/tr>\n<tr>\n<td class=\"right-border-colored\">c\u00e2ble<\/td>\n<td>\n<ul>\n<li>1 pi\u00e8ce de 1,5 m avec fiche de 3,5 mm<\/li>\n<li>1 pc 3m avec connecteur XLR<\/li>\n<li>1 pc 3m avec fiche de 6,35 mm<\/li>\n<\/ul>\n<\/td>\n<\/tr>\n<\/tbody>\n<\/table><\/div>\n<\/p><\/div>\n<\/p><\/div>\n<\/p><\/div>\n<\/p><\/div>\n<\/p><\/div>\n<\/section><\/div>\n<p>&nbsp;<\/p>","protected":false},"featured_media":17628,"template":"","meta":[],"product_brand":[],"product_cat":[157],"product_tag":[],"class_list":{"0":"post-17627","1":"product","2":"type-product","3":"status-publish","4":"has-post-thumbnail","6":"product_cat-horlurar","7":"product_shipping_class-standard","9":"first","10":"instock","11":"taxable","12":"shipping-taxable","13":"purchasable","14":"product-type-simple"},"bundled_by":[],"bundle_stock_status":"instock","bundle_stock_quantity":null,"bundle_virtual":false,"bundle_layout":"","bundle_add_to_cart_form_location":"","bundle_editable_in_cart":false,"bundle_sold_individually_context":"","bundle_item_grouping":"","bundle_min_size":"","bundle_max_size":"","bundle_price":[],"bundled_items":[],"bundle_sell_ids":[],"_links":{"self":[{"href":"http:\/\/studiokoncept.se\/fr\/wp-json\/wp\/v2\/product\/17627","targetHints":{"allow":["GET"]}}],"collection":[{"href":"http:\/\/studiokoncept.se\/fr\/wp-json\/wp\/v2\/product"}],"about":[{"href":"http:\/\/studiokoncept.se\/fr\/wp-json\/wp\/v2\/types\/product"}],"version-history":[{"count":0,"href":"http:\/\/studiokoncept.se\/fr\/wp-json\/wp\/v2\/product\/17627\/revisions"}],"wp:featuredmedia":[{"embeddable":true,"href":"http:\/\/studiokoncept.se\/fr\/wp-json\/wp\/v2\/media\/17628"}],"wp:attachment":[{"href":"http:\/\/studiokoncept.se\/fr\/wp-json\/wp\/v2\/media?parent=17627"}],"wp:term":[{"taxonomy":"product_brand","embeddable":true,"href":"http:\/\/studiokoncept.se\/fr\/wp-json\/wp\/v2\/product_brand?post=17627"},{"taxonomy":"product_cat","embeddable":true,"href":"http:\/\/studiokoncept.se\/fr\/wp-json\/wp\/v2\/product_cat?post=17627"},{"taxonomy":"product_tag","embeddable":true,"href":"http:\/\/studiokoncept.se\/fr\/wp-json\/wp\/v2\/product_tag?post=17627"}],"curies":[{"name":"wp","href":"https:\/\/api.w.org\/{rel}","templated":true}]}}