{"id":15545,"date":"2023-03-07T19:54:48","date_gmt":"2023-03-07T18:54:48","guid":{"rendered":"https:\/\/studiokoncept.se\/?post_type=product&#038;p=15545"},"modified":"2025-09-04T10:44:18","modified_gmt":"2025-09-04T08:44:18","slug":"final-touch-audio-themisto-rca-digitalkabel","status":"publish","type":"product","link":"http:\/\/studiokoncept.se\/fr\/shop\/kablar\/digitala-kablar\/rca-digitalkablar\/final-touch-audio-themisto-rca-digitalkabel\/","title":{"rendered":"Final Touch Audio Themisto C\u00e2ble num\u00e9rique RCA"},"content":{"rendered":"<p><h3><\/h3><\/p>","protected":false},"excerpt":{"rendered":"<h3>C\u00e2ble num\u00e9rique RCA de Final Touch Audio<\/h3>\n<p>Final Touch Audio fabrique ses c\u00e2bles num\u00e9riques dans une s\u00e9rie qu'ils appellent themisto. Voici la version avec connecteurs RCA.<\/p>\n<p>Le c\u00e2ble num\u00e9rique excelle \u00e9galement dans sa capacit\u00e9 \u00e0 reproduire un flux musical avec une richesse de couleurs sans pr\u00e9c\u00e9dent.\u00a0<\/p>\n<p>Veuillez noter que le c\u00e2ble a besoin d'au moins 100 heures d'enregistrement.\u00a0<\/p>\n<p><strong>Prix par pi\u00e8ce<\/strong><\/p>","protected":false},"featured_media":15538,"template":"","meta":[],"product_brand":[],"product_cat":[637],"product_tag":[845],"class_list":{"0":"post-15545","1":"product","2":"type-product","3":"status-publish","4":"has-post-thumbnail","6":"product_cat-rca-digitalkablar","7":"product_tag-final-touch-audio-themisto-rca","8":"product_shipping_class-standard","10":"first","11":"instock","12":"taxable","13":"shipping-taxable","14":"purchasable","15":"product-type-variable","16":"has-default-attributes"},"bundled_by":[],"bundle_stock_status":"instock","bundle_stock_quantity":null,"bundle_virtual":false,"bundle_layout":"","bundle_add_to_cart_form_location":"","bundle_editable_in_cart":false,"bundle_sold_individually_context":"","bundle_item_grouping":"","bundle_min_size":"","bundle_max_size":"","bundle_price":[],"bundled_items":[],"bundle_sell_ids":[],"_links":{"self":[{"href":"http:\/\/studiokoncept.se\/fr\/wp-json\/wp\/v2\/product\/15545","targetHints":{"allow":["GET"]}}],"collection":[{"href":"http:\/\/studiokoncept.se\/fr\/wp-json\/wp\/v2\/product"}],"about":[{"href":"http:\/\/studiokoncept.se\/fr\/wp-json\/wp\/v2\/types\/product"}],"version-history":[{"count":0,"href":"http:\/\/studiokoncept.se\/fr\/wp-json\/wp\/v2\/product\/15545\/revisions"}],"wp:featuredmedia":[{"embeddable":true,"href":"http:\/\/studiokoncept.se\/fr\/wp-json\/wp\/v2\/media\/15538"}],"wp:attachment":[{"href":"http:\/\/studiokoncept.se\/fr\/wp-json\/wp\/v2\/media?parent=15545"}],"wp:term":[{"taxonomy":"product_brand","embeddable":true,"href":"http:\/\/studiokoncept.se\/fr\/wp-json\/wp\/v2\/product_brand?post=15545"},{"taxonomy":"product_cat","embeddable":true,"href":"http:\/\/studiokoncept.se\/fr\/wp-json\/wp\/v2\/product_cat?post=15545"},{"taxonomy":"product_tag","embeddable":true,"href":"http:\/\/studiokoncept.se\/fr\/wp-json\/wp\/v2\/product_tag?post=15545"}],"curies":[{"name":"wp","href":"https:\/\/api.w.org\/{rel}","templated":true}]}}