{"id":15393,"date":"2023-02-21T14:57:11","date_gmt":"2023-02-21T13:57:11","guid":{"rendered":"https:\/\/studiokoncept.se\/?post_type=product&#038;p=15393"},"modified":"2023-09-06T14:31:57","modified_gmt":"2023-09-06T12:31:57","slug":"ifi-audio-neo-stream","status":"publish","type":"product","link":"http:\/\/studiokoncept.se\/fr\/shop\/elektronik\/streaming\/streamers\/ifi-audio-neo-stream\/","title":{"rendered":"Ifi Audio Neo Stream"},"content":{"rendered":"<p>iFi Audio NEO Stream est un streamer r\u00e9seau et un DAC int\u00e9gr\u00e9 \u00e9quilibr\u00e9 \u00e0 la perfection dans un format tr\u00e8s fin et un style \u00e9l\u00e9gant qui convient parfaitement au salon et aux situations o\u00f9 l'espace est restreint.<\/p>\n<p>Le NEO Stream est dot\u00e9 d'un circuit de d\u00e9codage Burr-Brown et d'un module XMOS \u00e0 16 c\u0153urs, qui fonctionnent ensemble pour des performances optimales avec le DAC install\u00e9. Il prend en charge MQA 8X et offre une compatibilit\u00e9 sans perte jusqu'\u00e0 PCM 768 kHz et DSD512, mais il est important de noter qu'il n'est pas \u00e9quip\u00e9 de la fonction Bluetooth. NEO Stream est \u00e9galement compatible avec Roon, ce qui signifie qu'il peut \u00eatre contr\u00f4l\u00e9 et lu \u00e0 partir du logiciel Roon, avec ou sans fil.<\/p>\n<p>L'une des caract\u00e9ristiques uniques de NEO Stream est l'OptiBox, un dispositif qui utilise la fibre optique pour le signal Ethernet. L'OptiBox peut r\u00e9g\u00e9n\u00e9rer, re-clocker et \u00e9quilibrer le signal, en pr\u00e9servant l'information de toute r\u00e9action potentielle aux interf\u00e9rences \u00e9lectriques. Cela peut \u00eatre particuli\u00e8rement utile pour ceux qui souhaitent optimiser la qualit\u00e9 de leur signal audio sur de longues distances, car l'OptiBox permet une d\u00e9gradation minimale du signal jusqu'\u00e0 1 km.<\/p>\n<p>En termes de design, NEO Stream partage une plateforme avec NEO iDSD. Il dispose d'un \u00e9cran TFT de qualit\u00e9 r\u00e9tina qui peut afficher les informations sur les chansons et les pochettes d'album en couleur, une caract\u00e9ristique qui l'aide \u00e0 se d\u00e9marquer en tant qu'appareil de streaming d\u00e9di\u00e9. Le design est \u00e9l\u00e9gant et pr\u00e9cis et peut \u00eatre utilis\u00e9 avec le support en aluminium inclus ou avec les quatre pieds en caoutchouc collants inclus dans la bo\u00eete.<\/p>\n<p>En termes de connectivit\u00e9 et d'alimentation, le NEO Stream peut fonctionner avec des blocs d'alimentation 9V-15V, mais il est livr\u00e9 avec un iPower X appropri\u00e9. Il peut se connecter \u00e0 Internet par c\u00e2ble avec les options c\u00e2bl\u00e9es comprenant un port RJ45, un port M12 et un port LAN optique, ou sans fil. L'option sans fil est une antenne bibande qui couvre les connexions 2,4 GHz et 5 GHz. Pour une meilleure qualit\u00e9 sonore, iFi recommande d'utiliser le LAN optique avec l'OptiBox. Les fichiers locaux peuvent \u00eatre connect\u00e9s via un port USB-A \u00e0 l'arri\u00e8re, et un port USB-C \u00e0 double action \u00e0 l'avant peut \u00e0 la fois lire les p\u00e9riph\u00e9riques et envoyer des signaux num\u00e9riques \u00e0 un DAC externe.<\/p>","protected":false},"excerpt":{"rendered":"<p><h4>Transformez votre salon en zone d'\u00e9coute audiophile avec le iFi Audio NEO Stream !<\/h4><br \/>\nAvec son design \u00e9l\u00e9gant et ses performances audio de haute qualit\u00e9, cet appareil compact offre une v\u00e9ritable exp\u00e9rience musicale dans votre maison. Un produit tr\u00e8s astucieux, par exemple dans un salon ou dans toute autre situation o\u00f9 l'on dispose de peu d'espace et o\u00f9 l'on a besoin de quelque chose d'ordonn\u00e9 et de pratique. Peut \u00eatre plac\u00e9 horizontalement ou verticalement. <\/p>\n<p>REMARQUE ! Contrairement au Neo iDSD, ce mod\u00e8le n'a pas d'amplificateur de casque ni de Bluetooth. <\/p>\n<p>Plus d'informations ci-dessous. <\/p>","protected":false},"featured_media":15387,"template":"","meta":[],"product_brand":[],"product_cat":[164,682],"product_tag":[],"class_list":{"0":"post-15393","1":"product","2":"type-product","3":"status-publish","4":"has-post-thumbnail","6":"product_cat-dac","7":"product_cat-streamers","8":"product_shipping_class-standard","10":"first","11":"instock","12":"taxable","13":"shipping-taxable","14":"purchasable","15":"product-type-simple"},"bundled_by":[],"bundle_stock_status":"instock","bundle_stock_quantity":null,"bundle_virtual":false,"bundle_layout":"","bundle_add_to_cart_form_location":"","bundle_editable_in_cart":false,"bundle_sold_individually_context":"","bundle_item_grouping":"","bundle_min_size":"","bundle_max_size":"","bundle_price":[],"bundled_items":[],"bundle_sell_ids":[],"_links":{"self":[{"href":"http:\/\/studiokoncept.se\/fr\/wp-json\/wp\/v2\/product\/15393","targetHints":{"allow":["GET"]}}],"collection":[{"href":"http:\/\/studiokoncept.se\/fr\/wp-json\/wp\/v2\/product"}],"about":[{"href":"http:\/\/studiokoncept.se\/fr\/wp-json\/wp\/v2\/types\/product"}],"version-history":[{"count":0,"href":"http:\/\/studiokoncept.se\/fr\/wp-json\/wp\/v2\/product\/15393\/revisions"}],"wp:featuredmedia":[{"embeddable":true,"href":"http:\/\/studiokoncept.se\/fr\/wp-json\/wp\/v2\/media\/15387"}],"wp:attachment":[{"href":"http:\/\/studiokoncept.se\/fr\/wp-json\/wp\/v2\/media?parent=15393"}],"wp:term":[{"taxonomy":"product_brand","embeddable":true,"href":"http:\/\/studiokoncept.se\/fr\/wp-json\/wp\/v2\/product_brand?post=15393"},{"taxonomy":"product_cat","embeddable":true,"href":"http:\/\/studiokoncept.se\/fr\/wp-json\/wp\/v2\/product_cat?post=15393"},{"taxonomy":"product_tag","embeddable":true,"href":"http:\/\/studiokoncept.se\/fr\/wp-json\/wp\/v2\/product_tag?post=15393"}],"curies":[{"name":"wp","href":"https:\/\/api.w.org\/{rel}","templated":true}]}}