{"id":14950,"date":"2023-02-12T00:49:18","date_gmt":"2023-02-11T23:49:18","guid":{"rendered":"https:\/\/studiokoncept.se\/?post_type=product&#038;p=14950"},"modified":"2024-07-09T08:35:53","modified_gmt":"2024-07-09T06:35:53","slug":"entreq-olympus-infinity-usb-kabel","status":"publish","type":"product","link":"http:\/\/studiokoncept.se\/fr\/shop\/kablar\/digitala-kablar\/usb-kablar\/entreq-olympus-infinity-usb-kabel\/","title":{"rendered":"Entreq Olympus infinity USB cable"},"content":{"rendered":"<p><strong>Options :<\/strong><\/p>\n<p>Vous choisissez ce qui suit :<\/p>\n<ol>\n<li>Longueur du c\u00e2ble num\u00e9rique.<\/li>\n<li>Le c\u00e2ble de drainage (un c\u00e2ble Eartha) a deux possibilit\u00e9s :\n<ol style=\"list-style-type: lower-alpha;\">\n<li>Si vous avez une distance sup\u00e9rieure \u00e0 55 cm jusqu'\u00e0 la bo\u00eete de terre, vous aurez besoin d'un c\u00e2ble de drainage plus long.  Vous pouvez le choisir ici.<\/li>\n<li>Le c\u00e2ble de drainage est muni d'un connecteur \u00e0 crochet \u00e0 l'extr\u00e9mit\u00e9 qui peut \u00eatre mont\u00e9 de 2 fa\u00e7ons :\n<ol>\n<li>un crochet fixe<\/li>\n<li>ou le syst\u00e8me \u00e0 ba\u00efonnette. Un syst\u00e8me femelle-femelle perfectionn\u00e9 qui, dans ce cas, offre la possibilit\u00e9 d'ajouter un c\u00e2ble d'extension.<\/li>\n<\/ol>\n<\/li>\n<\/ol>\n<\/li>\n<\/ol>","protected":false},"excerpt":{"rendered":"<h4>Le meilleur c\u00e2ble USB d'Entreq.<\/h4>\n<p>Un c\u00e2ble USB Olympus infinity series, le meilleur que fabrique Entreq.<\/p>\n<p>Le c\u00e2ble se compose de 2 parties :<\/p>\n<ol>\n<li>Le c\u00e2ble USB lui-m\u00eame, dont vous choisissez la longueur ci-dessous.<\/li>\n<li>Le c\u00e2ble de drainage, qui sert \u00e9galement d'isolation. L'extr\u00e9mit\u00e9 d\u00e9passe comme un c\u00e2ble parall\u00e8le et a une longueur standard de 55 cm avec un crochet \u00e0 l'extr\u00e9mit\u00e9 pour le raccordement \u00e0 une bo\u00eete de terre. La longueur et le type de montage du crochet sont s\u00e9lectionn\u00e9s ci-dessous.<\/li>\n<\/ol>\n<p>Vous trouverez ci-dessous une explication plus d\u00e9taill\u00e9e des diff\u00e9rentes options.<\/p>\n<p>Veuillez nous contacter pour toute demande ou clarification.<\/p>","protected":false},"featured_media":10884,"template":"","meta":[],"product_brand":[],"product_cat":[172],"product_tag":[692,699],"class_list":{"0":"post-14950","1":"product","2":"type-product","3":"status-publish","4":"has-post-thumbnail","6":"product_cat-usb-kablar","7":"product_tag-entreq","8":"product_tag-entreq-usb-kablar","9":"product_shipping_class-standard","11":"first","12":"instock","13":"taxable","14":"shipping-taxable","15":"purchasable","16":"product-type-variable","17":"has-default-attributes"},"bundled_by":[],"bundle_stock_status":"instock","bundle_stock_quantity":null,"bundle_virtual":false,"bundle_layout":"","bundle_add_to_cart_form_location":"","bundle_editable_in_cart":false,"bundle_sold_individually_context":"","bundle_item_grouping":"","bundle_min_size":"","bundle_max_size":"","bundle_price":[],"bundled_items":[],"bundle_sell_ids":[],"_links":{"self":[{"href":"http:\/\/studiokoncept.se\/fr\/wp-json\/wp\/v2\/product\/14950","targetHints":{"allow":["GET"]}}],"collection":[{"href":"http:\/\/studiokoncept.se\/fr\/wp-json\/wp\/v2\/product"}],"about":[{"href":"http:\/\/studiokoncept.se\/fr\/wp-json\/wp\/v2\/types\/product"}],"version-history":[{"count":0,"href":"http:\/\/studiokoncept.se\/fr\/wp-json\/wp\/v2\/product\/14950\/revisions"}],"wp:featuredmedia":[{"embeddable":true,"href":"http:\/\/studiokoncept.se\/fr\/wp-json\/wp\/v2\/media\/10884"}],"wp:attachment":[{"href":"http:\/\/studiokoncept.se\/fr\/wp-json\/wp\/v2\/media?parent=14950"}],"wp:term":[{"taxonomy":"product_brand","embeddable":true,"href":"http:\/\/studiokoncept.se\/fr\/wp-json\/wp\/v2\/product_brand?post=14950"},{"taxonomy":"product_cat","embeddable":true,"href":"http:\/\/studiokoncept.se\/fr\/wp-json\/wp\/v2\/product_cat?post=14950"},{"taxonomy":"product_tag","embeddable":true,"href":"http:\/\/studiokoncept.se\/fr\/wp-json\/wp\/v2\/product_tag?post=14950"}],"curies":[{"name":"wp","href":"https:\/\/api.w.org\/{rel}","templated":true}]}}