{"id":14340,"date":"2023-02-05T09:34:19","date_gmt":"2023-02-05T08:34:19","guid":{"rendered":"https:\/\/studiokoncept.se\/?post_type=product&#038;p=14340"},"modified":"2024-01-29T03:51:03","modified_gmt":"2024-01-29T02:51:03","slug":"entreq-infinity-silver","status":"publish","type":"product","link":"http:\/\/studiokoncept.se\/fr\/shop\/kablar\/entreq-jordkablar\/entreq-infinity-silver\/","title":{"rendered":"Entreq Eartha Infinity Silver"},"content":{"rendered":"<h3><\/h3>","protected":false},"excerpt":{"rendered":"<h3>Eartha Silver ; pour ceux qui ont un son un peu lent et terne.<\/h3>\n<p>Eartha Infinity Silver est un c\u00e2ble en argent pur dot\u00e9 de la technologie Infinity. Il est utilis\u00e9 pour \u00e9claircir et acc\u00e9l\u00e9rer la sc\u00e8ne sonore.<br \/>\nCrochet argent\u00e9 \u00e0 une extr\u00e9mit\u00e9 pour connexion \u00e0 la bo\u00eete de mise \u00e0 la terre Entreq.<\/p>\n<p>Veuillez faire les choix suivants :<\/p>\n<ol>\n<li>Longueur du c\u00e2ble Eartha : veuillez nous contacter pour les longueurs sp\u00e9ciales.<\/li>\n<li>Choisissez le connecteur dont vous avez besoin pour vous connecter \u00e0 vos appareils \u00e9lectroniques.<\/li>\n<li>Choisissez entre un connecteur fixe et le syst\u00e8me \u00e0 ba\u00efonnette. Le syst\u00e8me \u00e0 ba\u00efonnette pr\u00e9sente l'avantage de permettre un remplacement rapide et ais\u00e9 du connecteur. De plus, contrairement au syst\u00e8me d'encliquetage, il n'a pas d'incidence significative sur la qualit\u00e9.<\/li>\n<\/ol>","protected":false},"featured_media":14345,"template":"","meta":[],"product_brand":[],"product_cat":[188,678,169],"product_tag":[692,701],"class_list":{"0":"post-14340","1":"product","2":"type-product","3":"status-publish","4":"has-post-thumbnail","6":"product_cat-entreq-jordkablar","7":"product_cat-entreq-eartha-jordkablar","8":"product_cat-kablar","9":"product_tag-entreq","10":"product_tag-entreq-eartha-kablar","11":"product_shipping_class-standard","13":"first","14":"instock","15":"taxable","16":"shipping-taxable","17":"purchasable","18":"product-type-variable","19":"has-default-attributes"},"bundled_by":[],"bundle_stock_status":"instock","bundle_stock_quantity":null,"bundle_virtual":false,"bundle_layout":"","bundle_add_to_cart_form_location":"","bundle_editable_in_cart":false,"bundle_sold_individually_context":"","bundle_item_grouping":"","bundle_min_size":"","bundle_max_size":"","bundle_price":[],"bundled_items":[],"bundle_sell_ids":[],"_links":{"self":[{"href":"http:\/\/studiokoncept.se\/fr\/wp-json\/wp\/v2\/product\/14340","targetHints":{"allow":["GET"]}}],"collection":[{"href":"http:\/\/studiokoncept.se\/fr\/wp-json\/wp\/v2\/product"}],"about":[{"href":"http:\/\/studiokoncept.se\/fr\/wp-json\/wp\/v2\/types\/product"}],"version-history":[{"count":0,"href":"http:\/\/studiokoncept.se\/fr\/wp-json\/wp\/v2\/product\/14340\/revisions"}],"wp:featuredmedia":[{"embeddable":true,"href":"http:\/\/studiokoncept.se\/fr\/wp-json\/wp\/v2\/media\/14345"}],"wp:attachment":[{"href":"http:\/\/studiokoncept.se\/fr\/wp-json\/wp\/v2\/media?parent=14340"}],"wp:term":[{"taxonomy":"product_brand","embeddable":true,"href":"http:\/\/studiokoncept.se\/fr\/wp-json\/wp\/v2\/product_brand?post=14340"},{"taxonomy":"product_cat","embeddable":true,"href":"http:\/\/studiokoncept.se\/fr\/wp-json\/wp\/v2\/product_cat?post=14340"},{"taxonomy":"product_tag","embeddable":true,"href":"http:\/\/studiokoncept.se\/fr\/wp-json\/wp\/v2\/product_tag?post=14340"}],"curies":[{"name":"wp","href":"https:\/\/api.w.org\/{rel}","templated":true}]}}