{"id":14184,"date":"2023-01-31T08:46:21","date_gmt":"2023-01-31T07:46:21","guid":{"rendered":"https:\/\/studiokoncept.se\/?post_type=product&#038;p=14184"},"modified":"2025-05-31T21:55:21","modified_gmt":"2025-05-31T19:55:21","slug":"neotech-amazon-stromkabel","status":"publish","type":"product","link":"http:\/\/studiokoncept.se\/fr\/shop\/kablar\/natkablar\/ac-vaxelstrom\/neotech-amazon-stromkabel\/","title":{"rendered":"C\u00e2ble d'alimentation Neotech Amazon"},"content":{"rendered":"<p><h3><\/h3><\/p>","protected":false},"excerpt":{"rendered":"<h3>C\u00e2ble d'alimentation Amazon haut de gamme de Neotech<\/h3>\n<p>Argent UP-OCC trait\u00e9 par cryog\u00e9nie.<br \/>\nConducteurs rectangulaires.<br \/>\nIsolation individuelle en t\u00e9flon FEP autour de chaque conducteur, entrelac\u00e9e de PTFE microporeux pour de meilleurs r\u00e9sultats sonores.<br \/>\nDonnez-lui 1 000 heures d'enregistrement, puis ne l'enlevez plus jamais.<\/p>\n<p>Prix par pi\u00e8ce<\/p>","protected":false},"featured_media":0,"template":"","meta":[],"product_brand":[],"product_cat":[631,169,174],"product_tag":[723],"class_list":{"0":"post-14184","1":"product","2":"type-product","3":"status-publish","5":"product_cat-ac-vaxelstrom","6":"product_cat-kablar","7":"product_cat-natkablar","8":"product_tag-neotech-stromkablar","9":"product_shipping_class-standard","11":"first","12":"instock","13":"taxable","14":"shipping-taxable","15":"purchasable","16":"product-type-variable","17":"has-default-attributes"},"bundled_by":[],"bundle_stock_status":"instock","bundle_stock_quantity":null,"bundle_virtual":false,"bundle_layout":"","bundle_add_to_cart_form_location":"","bundle_editable_in_cart":false,"bundle_sold_individually_context":"","bundle_item_grouping":"","bundle_min_size":"","bundle_max_size":"","bundle_price":[],"bundled_items":[],"bundle_sell_ids":[],"_links":{"self":[{"href":"http:\/\/studiokoncept.se\/fr\/wp-json\/wp\/v2\/product\/14184","targetHints":{"allow":["GET"]}}],"collection":[{"href":"http:\/\/studiokoncept.se\/fr\/wp-json\/wp\/v2\/product"}],"about":[{"href":"http:\/\/studiokoncept.se\/fr\/wp-json\/wp\/v2\/types\/product"}],"version-history":[{"count":0,"href":"http:\/\/studiokoncept.se\/fr\/wp-json\/wp\/v2\/product\/14184\/revisions"}],"wp:attachment":[{"href":"http:\/\/studiokoncept.se\/fr\/wp-json\/wp\/v2\/media?parent=14184"}],"wp:term":[{"taxonomy":"product_brand","embeddable":true,"href":"http:\/\/studiokoncept.se\/fr\/wp-json\/wp\/v2\/product_brand?post=14184"},{"taxonomy":"product_cat","embeddable":true,"href":"http:\/\/studiokoncept.se\/fr\/wp-json\/wp\/v2\/product_cat?post=14184"},{"taxonomy":"product_tag","embeddable":true,"href":"http:\/\/studiokoncept.se\/fr\/wp-json\/wp\/v2\/product_tag?post=14184"}],"curies":[{"name":"wp","href":"https:\/\/api.w.org\/{rel}","templated":true}]}}