{"id":14110,"date":"2023-01-28T09:37:12","date_gmt":"2023-01-28T08:37:12","guid":{"rendered":"https:\/\/studiokoncept.se\/?post_type=product&#038;p=14110"},"modified":"2025-01-26T13:53:24","modified_gmt":"2025-01-26T12:53:24","slug":"fezz-audio-gratia-phono-steg","status":"publish","type":"product","link":"http:\/\/studiokoncept.se\/fr\/shop\/vinyl\/riaa\/fezz-audio-gratia-phono-steg\/","title":{"rendered":"Fezz Audio Gratia MM\/MC"},"content":{"rendered":"<p>Le Fezz Audio Gratia est un \u00e9tage phono avanc\u00e9 con\u00e7u pour prendre en charge les micros MM et MC. Il est \u00e9quip\u00e9 de pieds anti-vibration adapt\u00e9s au poids de l'appareil et d'un logo r\u00e9tro-\u00e9clair\u00e9. La partie amplification est bas\u00e9e sur un amplificateur op\u00e9rationnel de haute qualit\u00e9 - Burson Supreme Sound Opamp V5i. Le c\u0153ur du chemin de puissance \u00e9tendu est le transformateur audiograde de haute qualit\u00e9 de Toroidy.pl. Gr\u00e2ce aux nombreuses possibilit\u00e9s de r\u00e9glage, il peut \u00eatre parfaitement adapt\u00e9 aux micros MC \u00e0 faible niveau de sortie.<\/p>","protected":false},"excerpt":{"rendered":"<h3>MM, MC, MC-HO et MC sont parfaitement assortis \u00e0 l'ensemble de la nouvelle s\u00e9rie Evolution de FEZZ Audio.<\/h3>\n<p>FEZZ Gratia est \u00e9quip\u00e9 en standard de pieds anti-vibration, adapt\u00e9s au poids de l'appareil. R\u00e9tro-\u00e9clairage du logo.<br \/>\nL'\u00e9tage phono est con\u00e7u pour fonctionner avec les micros MM, MC HO et MC. La section d'amplification est bas\u00e9e sur le Burson Supreme Sound Opamp V5i. Au centre se trouve le transformateur Supreme Audio Toroidy.pl.<br \/>\nL'avantage ind\u00e9niable du Gratia est son universalit\u00e9. Gr\u00e2ce \u00e0 sa large gamme de r\u00e9glages, il peut s'adapter parfaitement aux micros MC \u00e0 faible niveau de sortie.<\/p>","protected":false},"featured_media":19520,"template":"","meta":[],"product_brand":[],"product_cat":[162,276],"product_tag":[839],"class_list":{"0":"post-14110","1":"product","2":"type-product","3":"status-publish","4":"has-post-thumbnail","6":"product_cat-riaa","7":"product_cat-vinyl","8":"product_tag-fezz-audio-gratia","9":"product_shipping_class-standard","11":"first","12":"instock","13":"taxable","14":"shipping-taxable","15":"purchasable","16":"product-type-variable","17":"has-default-attributes"},"bundled_by":[],"bundle_stock_status":"instock","bundle_stock_quantity":null,"bundle_virtual":false,"bundle_layout":"","bundle_add_to_cart_form_location":"","bundle_editable_in_cart":false,"bundle_sold_individually_context":"","bundle_item_grouping":"","bundle_min_size":"","bundle_max_size":"","bundle_price":[],"bundled_items":[],"bundle_sell_ids":[],"_links":{"self":[{"href":"http:\/\/studiokoncept.se\/fr\/wp-json\/wp\/v2\/product\/14110","targetHints":{"allow":["GET"]}}],"collection":[{"href":"http:\/\/studiokoncept.se\/fr\/wp-json\/wp\/v2\/product"}],"about":[{"href":"http:\/\/studiokoncept.se\/fr\/wp-json\/wp\/v2\/types\/product"}],"version-history":[{"count":0,"href":"http:\/\/studiokoncept.se\/fr\/wp-json\/wp\/v2\/product\/14110\/revisions"}],"wp:featuredmedia":[{"embeddable":true,"href":"http:\/\/studiokoncept.se\/fr\/wp-json\/wp\/v2\/media\/19520"}],"wp:attachment":[{"href":"http:\/\/studiokoncept.se\/fr\/wp-json\/wp\/v2\/media?parent=14110"}],"wp:term":[{"taxonomy":"product_brand","embeddable":true,"href":"http:\/\/studiokoncept.se\/fr\/wp-json\/wp\/v2\/product_brand?post=14110"},{"taxonomy":"product_cat","embeddable":true,"href":"http:\/\/studiokoncept.se\/fr\/wp-json\/wp\/v2\/product_cat?post=14110"},{"taxonomy":"product_tag","embeddable":true,"href":"http:\/\/studiokoncept.se\/fr\/wp-json\/wp\/v2\/product_tag?post=14110"}],"curies":[{"name":"wp","href":"https:\/\/api.w.org\/{rel}","templated":true}]}}