{"id":12917,"date":"2022-12-18T10:44:30","date_gmt":"2022-12-18T09:44:30","guid":{"rendered":"https:\/\/studiokoncept.se\/?post_type=product&#038;p=12917"},"modified":"2023-09-12T15:59:55","modified_gmt":"2023-09-12T13:59:55","slug":"tphc-basic-horlurskabel","status":"publish","type":"product","link":"http:\/\/studiokoncept.se\/fr\/shop\/kablar\/analoga-kablar\/horlurskablar\/tphc-basic-horlurskabel\/","title":{"rendered":"C\u00e2ble pour \u00e9couteurs TPHC Basic"},"content":{"rendered":"<p><h3><\/h3><\/p>","protected":false},"excerpt":{"rendered":"<h4>C\u00e2ble de casque pour ceux qui souhaitent un c\u00e2ble de casque plus durable et de meilleure qualit\u00e9.<\/h4>\n<p>Le TPHC a \u00e9t\u00e9 cr\u00e9\u00e9 pour r\u00e9soudre le probl\u00e8me de la qualit\u00e9 insuffisante des c\u00e2bles de casque fournis. Celui-ci est plus durable et sonne mieux que l'original. <\/p>\n<p>Il est \u00e9quip\u00e9 de connecteurs de 3,5 mm pour les \u00e9couteurs. Les connecteurs 6,3mm et 4,4mm (Pentaconn) pour l'amplificateur du casque sont en stock. Autres demandes sur commande sp\u00e9ciale (mais pas les connecteurs de 2,5 mm car ils ne sont pas disponibles). Veuillez nous contacter. <\/p>","protected":false},"featured_media":12911,"template":"","meta":[],"product_brand":[],"product_cat":[425,169],"product_tag":[],"class_list":{"0":"post-12917","1":"product","2":"type-product","3":"status-publish","4":"has-post-thumbnail","6":"product_cat-horlurskablar","7":"product_cat-kablar","8":"product_shipping_class-standard","10":"first","11":"instock","12":"taxable","13":"shipping-taxable","14":"purchasable","15":"product-type-variable","16":"has-default-attributes"},"bundled_by":[],"bundle_stock_status":"instock","bundle_stock_quantity":null,"bundle_virtual":false,"bundle_layout":"","bundle_add_to_cart_form_location":"","bundle_editable_in_cart":false,"bundle_sold_individually_context":"","bundle_item_grouping":"","bundle_min_size":"","bundle_max_size":"","bundle_price":[],"bundled_items":[],"bundle_sell_ids":[],"_links":{"self":[{"href":"http:\/\/studiokoncept.se\/fr\/wp-json\/wp\/v2\/product\/12917","targetHints":{"allow":["GET"]}}],"collection":[{"href":"http:\/\/studiokoncept.se\/fr\/wp-json\/wp\/v2\/product"}],"about":[{"href":"http:\/\/studiokoncept.se\/fr\/wp-json\/wp\/v2\/types\/product"}],"version-history":[{"count":0,"href":"http:\/\/studiokoncept.se\/fr\/wp-json\/wp\/v2\/product\/12917\/revisions"}],"wp:featuredmedia":[{"embeddable":true,"href":"http:\/\/studiokoncept.se\/fr\/wp-json\/wp\/v2\/media\/12911"}],"wp:attachment":[{"href":"http:\/\/studiokoncept.se\/fr\/wp-json\/wp\/v2\/media?parent=12917"}],"wp:term":[{"taxonomy":"product_brand","embeddable":true,"href":"http:\/\/studiokoncept.se\/fr\/wp-json\/wp\/v2\/product_brand?post=12917"},{"taxonomy":"product_cat","embeddable":true,"href":"http:\/\/studiokoncept.se\/fr\/wp-json\/wp\/v2\/product_cat?post=12917"},{"taxonomy":"product_tag","embeddable":true,"href":"http:\/\/studiokoncept.se\/fr\/wp-json\/wp\/v2\/product_tag?post=12917"}],"curies":[{"name":"wp","href":"https:\/\/api.w.org\/{rel}","templated":true}]}}