{"id":11013,"date":"2022-02-06T13:24:03","date_gmt":"2022-02-06T12:24:03","guid":{"rendered":"https:\/\/studiokoncept.se\/?post_type=product&#038;p=11013"},"modified":"2024-07-09T09:44:37","modified_gmt":"2024-07-09T07:44:37","slug":"entreq-primer-infinity-digitalkabel-rca","status":"publish","type":"product","link":"http:\/\/studiokoncept.se\/fr\/shop\/kablar\/digitala-kablar\/rca-digitalkablar\/entreq-primer-infinity-digitalkabel-rca\/","title":{"rendered":"Entreq Primer Infinity C\u00e2ble num\u00e9rique RCA"},"content":{"rendered":"","protected":false},"excerpt":{"rendered":"<p>Le c\u00e2ble num\u00e9rique RCA de la s\u00e9rie Entreqs Primer Infinity est une solution pratique car le bo\u00eetier de mise \u00e0 la terre inclus est relativement petit et donc facile \u00e0 placer.<\/p>\n<p>Prix par pi\u00e8ce.<\/p>\n<p>Veuillez nous contacter pour d'autres longueurs.<\/p>","protected":false},"featured_media":11001,"template":"","meta":[],"product_brand":[],"product_cat":[637],"product_tag":[692,696],"class_list":{"0":"post-11013","1":"product","2":"type-product","3":"status-publish","4":"has-post-thumbnail","6":"product_cat-rca-digitalkablar","7":"product_tag-entreq","8":"product_tag-entreq-digitala-rca-kablar","9":"product_shipping_class-standard","11":"first","12":"instock","13":"taxable","14":"shipping-taxable","15":"purchasable","16":"product-type-variable","17":"has-default-attributes"},"bundled_by":[],"bundle_stock_status":"instock","bundle_stock_quantity":null,"bundle_virtual":false,"bundle_layout":"","bundle_add_to_cart_form_location":"","bundle_editable_in_cart":false,"bundle_sold_individually_context":"","bundle_item_grouping":"","bundle_min_size":"","bundle_max_size":"","bundle_price":[],"bundled_items":[],"bundle_sell_ids":[],"_links":{"self":[{"href":"http:\/\/studiokoncept.se\/fr\/wp-json\/wp\/v2\/product\/11013","targetHints":{"allow":["GET"]}}],"collection":[{"href":"http:\/\/studiokoncept.se\/fr\/wp-json\/wp\/v2\/product"}],"about":[{"href":"http:\/\/studiokoncept.se\/fr\/wp-json\/wp\/v2\/types\/product"}],"version-history":[{"count":0,"href":"http:\/\/studiokoncept.se\/fr\/wp-json\/wp\/v2\/product\/11013\/revisions"}],"wp:featuredmedia":[{"embeddable":true,"href":"http:\/\/studiokoncept.se\/fr\/wp-json\/wp\/v2\/media\/11001"}],"wp:attachment":[{"href":"http:\/\/studiokoncept.se\/fr\/wp-json\/wp\/v2\/media?parent=11013"}],"wp:term":[{"taxonomy":"product_brand","embeddable":true,"href":"http:\/\/studiokoncept.se\/fr\/wp-json\/wp\/v2\/product_brand?post=11013"},{"taxonomy":"product_cat","embeddable":true,"href":"http:\/\/studiokoncept.se\/fr\/wp-json\/wp\/v2\/product_cat?post=11013"},{"taxonomy":"product_tag","embeddable":true,"href":"http:\/\/studiokoncept.se\/fr\/wp-json\/wp\/v2\/product_tag?post=11013"}],"curies":[{"name":"wp","href":"https:\/\/api.w.org\/{rel}","templated":true}]}}