{"id":10930,"date":"2022-01-26T21:32:41","date_gmt":"2022-01-26T20:32:41","guid":{"rendered":"https:\/\/studiokoncept.se\/?post_type=product&#038;p=10930"},"modified":"2024-01-28T19:44:36","modified_gmt":"2024-01-28T18:44:36","slug":"entreq-argo-power-ac-stromkontakt-165m","status":"publish","type":"product","link":"http:\/\/studiokoncept.se\/fr\/shop\/kablar\/natkablar\/ac-vaxelstrom\/entreq-argo-power-ac-stromkontakt-165m\/","title":{"rendered":"Entreq Argo Power Connecteur d'alimentation AC 1,65m"},"content":{"rendered":"<h3><\/h3>","protected":false},"excerpt":{"rendered":"<h4>Un c\u00e2ble d'alimentation CA de la s\u00e9rie Argo d'Entreq.<\/h4>\n<p>Tress\u00e9 avec 3 fils.<br \/>\nC\u00e2ble de drainage manquant pour la connexion \u00e0 la bo\u00eete de mise \u00e0 la terre.<\/p>\n<p>Contactez-nous pour d'autres longueurs.<\/p>","protected":false},"featured_media":10830,"template":"","meta":[],"product_brand":[],"product_cat":[631],"product_tag":[],"class_list":{"0":"post-10930","1":"product","2":"type-product","3":"status-publish","4":"has-post-thumbnail","6":"product_cat-ac-vaxelstrom","7":"product_shipping_class-standard","9":"first","10":"instock","11":"taxable","12":"shipping-taxable","13":"purchasable","14":"product-type-variable","15":"has-default-attributes"},"bundled_by":[],"bundle_stock_status":"instock","bundle_stock_quantity":null,"bundle_virtual":false,"bundle_layout":"","bundle_add_to_cart_form_location":"","bundle_editable_in_cart":false,"bundle_sold_individually_context":"","bundle_item_grouping":"","bundle_min_size":"","bundle_max_size":"","bundle_price":[],"bundled_items":[],"bundle_sell_ids":[],"_links":{"self":[{"href":"http:\/\/studiokoncept.se\/fr\/wp-json\/wp\/v2\/product\/10930","targetHints":{"allow":["GET"]}}],"collection":[{"href":"http:\/\/studiokoncept.se\/fr\/wp-json\/wp\/v2\/product"}],"about":[{"href":"http:\/\/studiokoncept.se\/fr\/wp-json\/wp\/v2\/types\/product"}],"version-history":[{"count":0,"href":"http:\/\/studiokoncept.se\/fr\/wp-json\/wp\/v2\/product\/10930\/revisions"}],"wp:featuredmedia":[{"embeddable":true,"href":"http:\/\/studiokoncept.se\/fr\/wp-json\/wp\/v2\/media\/10830"}],"wp:attachment":[{"href":"http:\/\/studiokoncept.se\/fr\/wp-json\/wp\/v2\/media?parent=10930"}],"wp:term":[{"taxonomy":"product_brand","embeddable":true,"href":"http:\/\/studiokoncept.se\/fr\/wp-json\/wp\/v2\/product_brand?post=10930"},{"taxonomy":"product_cat","embeddable":true,"href":"http:\/\/studiokoncept.se\/fr\/wp-json\/wp\/v2\/product_cat?post=10930"},{"taxonomy":"product_tag","embeddable":true,"href":"http:\/\/studiokoncept.se\/fr\/wp-json\/wp\/v2\/product_tag?post=10930"}],"curies":[{"name":"wp","href":"https:\/\/api.w.org\/{rel}","templated":true}]}}