{"id":10826,"date":"2022-01-13T11:41:44","date_gmt":"2022-01-13T10:41:44","guid":{"rendered":"https:\/\/studiokoncept.se\/?post_type=product&#038;p=10826"},"modified":"2025-01-27T06:07:48","modified_gmt":"2025-01-27T05:07:48","slug":"hifiman-edition-xs-2","status":"publish","type":"product","link":"http:\/\/studiokoncept.se\/fr\/shop\/horlurar\/hifiman-edition-xs-2\/","title":{"rendered":"Hifiman Edition XS"},"content":{"rendered":"<p><h3><\/h3><\/p>","protected":false},"excerpt":{"rendered":"<p><h3>Un casque pour ceux qui veulent une nette am\u00e9lioration par rapport au Sundara.<\/h3><br \/>\nL'Edition XS de Hifiman est un casque magn\u00e9tique \u00e0 plan ouvert et une am\u00e9lioration de l'Edition X. Il est dot\u00e9 du nouveau \"Stealth Magnets Design\" qui permet aux ondes sonores de passer \u00e0 travers les aimants sans cr\u00e9er d'interf\u00e9rences. Le nouveau diaphragme est \u00e9galement 75% plus fin que son pr\u00e9d\u00e9cesseur, avec les avantages musicaux que cela implique. <br \/>Fabriqu\u00e9 pour le confort et la durabilit\u00e9. <br \/>\nSensibilit\u00e9 : 92dB<br \/>\nGamme de fr\u00e9quences : 8Hz - 50.000Hz<br \/>\nImp\u00e9dance : 18 Ohm<br \/>\nPoids : 405g <\/p>","protected":false},"featured_media":10825,"template":"","meta":[],"product_brand":[],"product_cat":[157],"product_tag":[],"class_list":{"0":"post-10826","1":"product","2":"type-product","3":"status-publish","4":"has-post-thumbnail","6":"product_cat-horlurar","7":"product_shipping_class-standard","9":"first","10":"instock","11":"taxable","12":"shipping-taxable","13":"purchasable","14":"product-type-simple"},"bundled_by":[],"bundle_stock_status":"instock","bundle_stock_quantity":null,"bundle_virtual":false,"bundle_layout":"","bundle_add_to_cart_form_location":"","bundle_editable_in_cart":false,"bundle_sold_individually_context":"","bundle_item_grouping":"","bundle_min_size":"","bundle_max_size":"","bundle_price":[],"bundled_items":[],"bundle_sell_ids":[],"_links":{"self":[{"href":"http:\/\/studiokoncept.se\/fr\/wp-json\/wp\/v2\/product\/10826","targetHints":{"allow":["GET"]}}],"collection":[{"href":"http:\/\/studiokoncept.se\/fr\/wp-json\/wp\/v2\/product"}],"about":[{"href":"http:\/\/studiokoncept.se\/fr\/wp-json\/wp\/v2\/types\/product"}],"version-history":[{"count":0,"href":"http:\/\/studiokoncept.se\/fr\/wp-json\/wp\/v2\/product\/10826\/revisions"}],"wp:featuredmedia":[{"embeddable":true,"href":"http:\/\/studiokoncept.se\/fr\/wp-json\/wp\/v2\/media\/10825"}],"wp:attachment":[{"href":"http:\/\/studiokoncept.se\/fr\/wp-json\/wp\/v2\/media?parent=10826"}],"wp:term":[{"taxonomy":"product_brand","embeddable":true,"href":"http:\/\/studiokoncept.se\/fr\/wp-json\/wp\/v2\/product_brand?post=10826"},{"taxonomy":"product_cat","embeddable":true,"href":"http:\/\/studiokoncept.se\/fr\/wp-json\/wp\/v2\/product_cat?post=10826"},{"taxonomy":"product_tag","embeddable":true,"href":"http:\/\/studiokoncept.se\/fr\/wp-json\/wp\/v2\/product_tag?post=10826"}],"curies":[{"name":"wp","href":"https:\/\/api.w.org\/{rel}","templated":true}]}}