{"id":10807,"date":"2022-01-10T23:25:05","date_gmt":"2022-01-10T22:25:05","guid":{"rendered":"https:\/\/studiokoncept.se\/?post_type=product&#038;p=10807"},"modified":"2024-07-09T12:58:03","modified_gmt":"2024-07-09T10:58:03","slug":"olympus-infinity-tungsten","status":"publish","type":"product","link":"http:\/\/studiokoncept.se\/fr\/shop\/jordning\/entreq-jordlador\/jordboxar-tungsten-line\/olympus-infinity-tungsten\/","title":{"rendered":"Entreq Olympus Infinity Tungsten"},"content":{"rendered":"<p><h3><\/h3><\/p>","protected":false},"excerpt":{"rendered":"<p>L'Olympus Infinity Tungsten d'Entreq est une bo\u00eete de terre tellement bonne qu'en plus de la description habituelle en 3 dimensions, on est tent\u00e9 d'ajouter le temps pour la d\u00e9crire, la quatri\u00e8me dimension, la dimension de la musique, c'est pourquoi la musique est appel\u00e9e un \"art du temps\". <\/p>\n<p>2 vis de mise \u00e0 la terre.<br \/>\nPoids : 9 kg. Convient g\u00e9n\u00e9ralement aux produits de 9 \u00e0 50 kg<br \/>\nTaille : largeur 22cm, hauteur 14cm, profondeur 25cm.<\/p>\n<p>Vous trouverez ci-dessous les c\u00e2bles Eartha \u00e0 connecter \u00e0 votre produit. <\/p>","protected":false},"featured_media":10806,"template":"","meta":[],"product_brand":[],"product_cat":[189,596],"product_tag":[692,703],"class_list":{"0":"post-10807","1":"product","2":"type-product","3":"status-publish","4":"has-post-thumbnail","6":"product_cat-entreq-jordlador","7":"product_cat-jordboxar-tungsten-line","8":"product_tag-entreq","9":"product_tag-entreq-jordboxar-tungsten","10":"product_shipping_class-standard","12":"first","13":"instock","14":"taxable","15":"shipping-taxable","16":"purchasable","17":"product-type-variable"},"bundled_by":[],"bundle_stock_status":"instock","bundle_stock_quantity":null,"bundle_virtual":false,"bundle_layout":"","bundle_add_to_cart_form_location":"","bundle_editable_in_cart":false,"bundle_sold_individually_context":"","bundle_item_grouping":"","bundle_min_size":"","bundle_max_size":"","bundle_price":[],"bundled_items":[],"bundle_sell_ids":[],"_links":{"self":[{"href":"http:\/\/studiokoncept.se\/fr\/wp-json\/wp\/v2\/product\/10807","targetHints":{"allow":["GET"]}}],"collection":[{"href":"http:\/\/studiokoncept.se\/fr\/wp-json\/wp\/v2\/product"}],"about":[{"href":"http:\/\/studiokoncept.se\/fr\/wp-json\/wp\/v2\/types\/product"}],"version-history":[{"count":0,"href":"http:\/\/studiokoncept.se\/fr\/wp-json\/wp\/v2\/product\/10807\/revisions"}],"wp:featuredmedia":[{"embeddable":true,"href":"http:\/\/studiokoncept.se\/fr\/wp-json\/wp\/v2\/media\/10806"}],"wp:attachment":[{"href":"http:\/\/studiokoncept.se\/fr\/wp-json\/wp\/v2\/media?parent=10807"}],"wp:term":[{"taxonomy":"product_brand","embeddable":true,"href":"http:\/\/studiokoncept.se\/fr\/wp-json\/wp\/v2\/product_brand?post=10807"},{"taxonomy":"product_cat","embeddable":true,"href":"http:\/\/studiokoncept.se\/fr\/wp-json\/wp\/v2\/product_cat?post=10807"},{"taxonomy":"product_tag","embeddable":true,"href":"http:\/\/studiokoncept.se\/fr\/wp-json\/wp\/v2\/product_tag?post=10807"}],"curies":[{"name":"wp","href":"https:\/\/api.w.org\/{rel}","templated":true}]}}