{"id":10284,"date":"2021-05-30T13:43:44","date_gmt":"2021-05-30T11:43:44","guid":{"rendered":"https:\/\/studiokoncept.se\/?post_type=product&#038;p=10284"},"modified":"2026-02-28T08:50:46","modified_gmt":"2026-02-28T07:50:46","slug":"fta-final-touch-audio-thebe-balanserad-signalkabel-rca","status":"publish","type":"product","link":"http:\/\/studiokoncept.se\/fr\/shop\/kablar\/analoga-kablar\/rca-kablar\/fta-final-touch-audio-thebe-balanserad-signalkabel-rca\/","title":{"rendered":"Final Touch Audio C\u00e2ble de signal Thebe RCA"},"content":{"rendered":"<p>Final Touch Audio Thebe est un c\u00e2ble d'interconnexion situ\u00e9 sous Ganym\u00e8de dans la gamme de produits de la soci\u00e9t\u00e9. Il est le r\u00e9sultat de plusieurs ann\u00e9es de travail minutieux pour trouver le bon \u00e9quilibre entre les mat\u00e9riaux et la g\u00e9om\u00e9trie. L'objectif de ce c\u00e2ble fabriqu\u00e9 \u00e0 la main \u00e9tait d'offrir une signature audio \u00e0 la fois discr\u00e8te et s\u00e9duisante. Thebe est capable de transmettre toutes les bribes d'informations musicales dans un ordre parfait, ce qui permet d'entendre la musique et les \u00e9motions voulues par l'auteur.<\/p>\n<p>Final Touch Audio Cables est la cr\u00e9ation de Zoran Zubcic, qui pr\u00e9f\u00e8re laisser ses c\u00e2bles parler d'eux-m\u00eames. Il fabrique tous les c\u00e2bles lui-m\u00eame, et sa vision pour sa petite entreprise est d'\"extraire chaque note de votre syst\u00e8me\".<\/p>\n<p>\"En termes de performances, il s'av\u00e8re que le c\u00e2ble combine des qualit\u00e9s qui ne sont g\u00e9n\u00e9ralement pas r\u00e9unies : il est neutre et tr\u00e8s transparent, mais juteux et muscl\u00e9, et tr\u00e8s tangible et vivant. La signature sonore que l'on peut attribuer \u00e0 ce c\u00e2ble est profonde, solide, puissante, avec un spectre inf\u00e9rieur textur\u00e9 et pr\u00e9cis, et une vaste sc\u00e8ne sonore qui s'\u00e9tend dans toutes les directions. Les m\u00e9diums sont puissants et concentr\u00e9s, et en m\u00eame temps tr\u00e8s palpables. Les hautes fr\u00e9quences sonnent naturellement, elles ont une grande port\u00e9e et sont bien reproduites. L'ensemble du portrait sonore est tr\u00e8s coh\u00e9rent, \u00e9quilibr\u00e9 et a un ton naturel. Le c\u00e2ble semble atteindre ses performances optimales apr\u00e8s plus de 100 heures d'utilisation.\"<\/p>","protected":false},"excerpt":{"rendered":"<h3>C\u00e2ble de signal Thebe avec connecteurs RCA<\/h3>\n<p>C\u00e2ble de signal extr\u00eamement riche et bien \u00e9quilibr\u00e9 de la s\u00e9rie Thebe de Final Touch Audio.<br \/>\nIl b\u00e9n\u00e9ficie de la remarquable capacit\u00e9 de Final Touch Audio \u00e0 r\u00e9unir des caract\u00e9ristiques qui, autrement, n'iraient pas ensemble. <\/p>\n<p>Connecteurs argent\u00e9s de Wire World.<\/p>\n<p><strong> Plus d'informations ci-dessous<\/strong><br \/>\n<strong>Prix par paire.\u00a0<\/strong><\/p>","protected":false},"featured_media":15438,"template":"","meta":[],"product_brand":[],"product_cat":[629],"product_tag":[852],"class_list":{"0":"post-10284","1":"product","2":"type-product","3":"status-publish","4":"has-post-thumbnail","6":"product_cat-rca-kablar","7":"product_tag-final-touch-audio-thebe-rca","8":"product_shipping_class-standard","10":"first","11":"instock","12":"taxable","13":"shipping-taxable","14":"purchasable","15":"product-type-variable","16":"has-default-attributes"},"bundled_by":[],"bundle_stock_status":"instock","bundle_stock_quantity":null,"bundle_virtual":false,"bundle_layout":"","bundle_add_to_cart_form_location":"","bundle_editable_in_cart":false,"bundle_sold_individually_context":"","bundle_item_grouping":"","bundle_min_size":"","bundle_max_size":"","bundle_price":[],"bundled_items":[],"bundle_sell_ids":[],"_links":{"self":[{"href":"http:\/\/studiokoncept.se\/fr\/wp-json\/wp\/v2\/product\/10284","targetHints":{"allow":["GET"]}}],"collection":[{"href":"http:\/\/studiokoncept.se\/fr\/wp-json\/wp\/v2\/product"}],"about":[{"href":"http:\/\/studiokoncept.se\/fr\/wp-json\/wp\/v2\/types\/product"}],"version-history":[{"count":0,"href":"http:\/\/studiokoncept.se\/fr\/wp-json\/wp\/v2\/product\/10284\/revisions"}],"wp:featuredmedia":[{"embeddable":true,"href":"http:\/\/studiokoncept.se\/fr\/wp-json\/wp\/v2\/media\/15438"}],"wp:attachment":[{"href":"http:\/\/studiokoncept.se\/fr\/wp-json\/wp\/v2\/media?parent=10284"}],"wp:term":[{"taxonomy":"product_brand","embeddable":true,"href":"http:\/\/studiokoncept.se\/fr\/wp-json\/wp\/v2\/product_brand?post=10284"},{"taxonomy":"product_cat","embeddable":true,"href":"http:\/\/studiokoncept.se\/fr\/wp-json\/wp\/v2\/product_cat?post=10284"},{"taxonomy":"product_tag","embeddable":true,"href":"http:\/\/studiokoncept.se\/fr\/wp-json\/wp\/v2\/product_tag?post=10284"}],"curies":[{"name":"wp","href":"https:\/\/api.w.org\/{rel}","templated":true}]}}