{"id":10270,"date":"2021-05-29T19:57:33","date_gmt":"2021-05-29T17:57:33","guid":{"rendered":"https:\/\/studiokoncept.se\/?post_type=product&#038;p=10270"},"modified":"2026-03-03T16:01:21","modified_gmt":"2026-03-03T15:01:21","slug":"fta-final-touch-audio-elara-stromkabel","status":"publish","type":"product","link":"http:\/\/studiokoncept.se\/fr\/shop\/kablar\/natkablar\/ac-vaxelstrom\/fta-final-touch-audio-elara-stromkabel\/","title":{"rendered":"Final Touch Audio Elara Power Cable"},"content":{"rendered":"<p>Le c\u00e2ble d'alimentation Final Touch Audio Elara est presque unique et \u00e9quilibr\u00e9, offrant une livraison d\u00e9tendue et libre avec une \u00e9norme r\u00e9solution, une haute pr\u00e9cision et une grande clart\u00e9. Il peint un paysage sonore large et profond o\u00f9 les sons individuels ont beaucoup d'espace et sont pr\u00e9sent\u00e9s de mani\u00e8re fluide et sans distorsion.<\/p>\n<p>Le c\u00e2ble d'alimentation Elara a \u00e9galement \u00e9t\u00e9 d\u00e9crit comme \"continu sans effort\" et \"analogique\" dans son son, ce qui est \u00e0 l'oppos\u00e9 du son \"num\u00e9rique\" sec et st\u00e9r\u00e9otyp\u00e9. Cette qualit\u00e9 permet \u00e0 la qualit\u00e9 sonore de s'\u00e9panouir davantage.<\/p>\n<p>Une critique mentionne que le c\u00e2ble Elara a un \u00e9quilibre unique, combinant une livraison libre et fluide avec une \u00e9norme r\u00e9solution, une haute pr\u00e9cision et une grande clart\u00e9. Il peint un paysage sonore large et profond o\u00f9 les sons individuels ont beaucoup d'espace et sont pr\u00e9sent\u00e9s d'une mani\u00e8re totalement d\u00e9tendue et fluide1.<\/p>","protected":false},"excerpt":{"rendered":"<h4>Le formidable c\u00e2ble d'alimentation de la FTA.<\/h4>\n<p>Il est remarquable de voir comment un c\u00e2ble d'alimentation peut faire en sorte que m\u00eame les instruments individuels suivent le rythme de la musique.<br \/>\nUne critique mentionne que le c\u00e2ble Elara a un \u00e9quilibre unique, il combine une livraison libre et fluide avec une r\u00e9solution \u00e9norme, une haute pr\u00e9cision et une grande clart\u00e9. Il peint un paysage sonore large et profond o\u00f9 les sons individuels ont beaucoup d'espace et sont pr\u00e9sent\u00e9s d'une mani\u00e8re totalement d\u00e9tendue et fluide.<\/p>\n<p>Prix par pi\u00e8ce.<\/p>","protected":false},"featured_media":15462,"template":"","meta":[],"product_brand":[],"product_cat":[631],"product_tag":[722],"class_list":{"0":"post-10270","1":"product","2":"type-product","3":"status-publish","4":"has-post-thumbnail","6":"product_cat-ac-vaxelstrom","7":"product_tag-fta-stromkablar","8":"product_shipping_class-standard","10":"first","11":"instock","12":"taxable","13":"shipping-taxable","14":"purchasable","15":"product-type-variable","16":"has-default-attributes"},"bundled_by":[],"bundle_stock_status":"instock","bundle_stock_quantity":null,"bundle_virtual":false,"bundle_layout":"","bundle_add_to_cart_form_location":"","bundle_editable_in_cart":false,"bundle_sold_individually_context":"","bundle_item_grouping":"","bundle_min_size":"","bundle_max_size":"","bundle_price":[],"bundled_items":[],"bundle_sell_ids":[],"_links":{"self":[{"href":"http:\/\/studiokoncept.se\/fr\/wp-json\/wp\/v2\/product\/10270","targetHints":{"allow":["GET"]}}],"collection":[{"href":"http:\/\/studiokoncept.se\/fr\/wp-json\/wp\/v2\/product"}],"about":[{"href":"http:\/\/studiokoncept.se\/fr\/wp-json\/wp\/v2\/types\/product"}],"version-history":[{"count":0,"href":"http:\/\/studiokoncept.se\/fr\/wp-json\/wp\/v2\/product\/10270\/revisions"}],"wp:featuredmedia":[{"embeddable":true,"href":"http:\/\/studiokoncept.se\/fr\/wp-json\/wp\/v2\/media\/15462"}],"wp:attachment":[{"href":"http:\/\/studiokoncept.se\/fr\/wp-json\/wp\/v2\/media?parent=10270"}],"wp:term":[{"taxonomy":"product_brand","embeddable":true,"href":"http:\/\/studiokoncept.se\/fr\/wp-json\/wp\/v2\/product_brand?post=10270"},{"taxonomy":"product_cat","embeddable":true,"href":"http:\/\/studiokoncept.se\/fr\/wp-json\/wp\/v2\/product_cat?post=10270"},{"taxonomy":"product_tag","embeddable":true,"href":"http:\/\/studiokoncept.se\/fr\/wp-json\/wp\/v2\/product_tag?post=10270"}],"curies":[{"name":"wp","href":"https:\/\/api.w.org\/{rel}","templated":true}]}}