{"id":10122,"date":"2021-03-28T20:02:50","date_gmt":"2021-03-28T18:02:50","guid":{"rendered":"https:\/\/studiokoncept.se\/?post_type=product&#038;p=10122"},"modified":"2023-09-06T14:34:27","modified_gmt":"2023-09-06T12:34:27","slug":"ifi-audio-ipurifier3","status":"publish","type":"product","link":"http:\/\/studiokoncept.se\/fr\/shop\/elektronik\/dac\/ifi-audio-ipurifier3\/","title":{"rendered":"Ifi Audio iPurifier3"},"content":{"rendered":"<p>L'Ifi Audio iPurifier3 est un appareil con\u00e7u pour am\u00e9liorer la qualit\u00e9 sonore des sources audio USB en r\u00e9duisant le bruit et le jitter. Il utilise la technologie Active Noise Cancellation2 d'iFi pour r\u00e9duire le bruit par 100x ou -40dB par rapport \u00e0 un filtre de bruit standard. Cette technologie, ainsi que les technologies REclock, REgenerate et REbalance2\u00ae, r\u00e9tablissent les flux audio et d'alimentation USB, \u00e9liminant le jitter et assurant un transfert fluide de votre musique.<\/p>\n<p>L'appareil est compatible avec les futurs formats PCM, DSD et DXD, ce qui signifie que vous n'aurez pas \u00e0 vous soucier de la mise \u00e0 niveau pendant longtemps. Il est con\u00e7u pour durer, avec des composants modernes tels que les r\u00e9sistances Vishay MELF, qui offrent une pr\u00e9cision, une stabilit\u00e9, une fiabilit\u00e9 et une capacit\u00e9 de charge d'impulsion excellentes. Il est \u00e9galement dot\u00e9 d'un excellent blindage EMI en alliage de cuivre pour isoler les appareils et les c\u00e2bles et bloquer les rayonnements \u00e9lectromagn\u00e9tiques de radiofr\u00e9quence.<\/p>\n<p>Les autres composants comprennent des condensateurs OS-CON de Panasonic qui offrent une r\u00e9sistance de s\u00e9rie \u00e9quivalente (ESR) tr\u00e8s faible, une excellente r\u00e9duction du bruit et d'excellentes caract\u00e9ristiques de r\u00e9ponse en fr\u00e9quence, ainsi que des condensateurs au tantale qui pr\u00e9sentent des caract\u00e9ristiques sup\u00e9rieures en termes de fr\u00e9quence et de stabilit\u00e9.<\/p>\n<p>Sp\u00e9cifications :<\/p>\n<p>- Port d'entr\u00e9e compatible USB3.0 + 2.0, port de sortie USB2.0 High Speed.<br \/>\n- Connecteurs : iFi 'FINAL' USB solid-aluminium connectors (Imp\u00e9dance : 90 ohms)<br \/>\n- Dimensions : 69(l) x 19(l) x 20(h) mm<br \/>\n- Poids : 33g .<\/p>","protected":false},"excerpt":{"rendered":"<h4>Am\u00e9liorez votre signal USB avec iPurifier3<\/h4>\n<p>L'iPurifier3 d'Ifi Audio est un appareil con\u00e7u pour am\u00e9liorer la qualit\u00e9 audio USB en r\u00e9duisant le bruit et le jitter. Il utilise des technologies telles que Active Noise Cancellation2 et REbalance2\u00ae pour cr\u00e9er un signal audio propre et \u00e9quilibr\u00e9. L'iPurifier3 est compatible avec les formats PCM, DSD et DXD actuels et futurs, ce qui signifie qu'il peut g\u00e9rer facilement une grande vari\u00e9t\u00e9 de fichiers audio.<\/p>\n<p>Plus d'informations ci-dessous.<\/p>","protected":false},"featured_media":10123,"template":"","meta":[],"product_brand":[],"product_cat":[164,160,163],"product_tag":[],"class_list":{"0":"post-10122","1":"product","2":"type-product","3":"status-publish","4":"has-post-thumbnail","6":"product_cat-dac","7":"product_cat-forsteg","8":"product_cat-horlursforstarkare","9":"product_shipping_class-standard","11":"first","12":"instock","13":"taxable","14":"shipping-taxable","15":"purchasable","16":"product-type-simple"},"bundled_by":[],"bundle_stock_status":"instock","bundle_stock_quantity":null,"bundle_virtual":false,"bundle_layout":"","bundle_add_to_cart_form_location":"","bundle_editable_in_cart":false,"bundle_sold_individually_context":"","bundle_item_grouping":"","bundle_min_size":"","bundle_max_size":"","bundle_price":[],"bundled_items":[],"bundle_sell_ids":[],"_links":{"self":[{"href":"http:\/\/studiokoncept.se\/fr\/wp-json\/wp\/v2\/product\/10122","targetHints":{"allow":["GET"]}}],"collection":[{"href":"http:\/\/studiokoncept.se\/fr\/wp-json\/wp\/v2\/product"}],"about":[{"href":"http:\/\/studiokoncept.se\/fr\/wp-json\/wp\/v2\/types\/product"}],"version-history":[{"count":0,"href":"http:\/\/studiokoncept.se\/fr\/wp-json\/wp\/v2\/product\/10122\/revisions"}],"wp:featuredmedia":[{"embeddable":true,"href":"http:\/\/studiokoncept.se\/fr\/wp-json\/wp\/v2\/media\/10123"}],"wp:attachment":[{"href":"http:\/\/studiokoncept.se\/fr\/wp-json\/wp\/v2\/media?parent=10122"}],"wp:term":[{"taxonomy":"product_brand","embeddable":true,"href":"http:\/\/studiokoncept.se\/fr\/wp-json\/wp\/v2\/product_brand?post=10122"},{"taxonomy":"product_cat","embeddable":true,"href":"http:\/\/studiokoncept.se\/fr\/wp-json\/wp\/v2\/product_cat?post=10122"},{"taxonomy":"product_tag","embeddable":true,"href":"http:\/\/studiokoncept.se\/fr\/wp-json\/wp\/v2\/product_tag?post=10122"}],"curies":[{"name":"wp","href":"https:\/\/api.w.org\/{rel}","templated":true}]}}