{"id":10115,"date":"2021-03-28T18:19:59","date_gmt":"2021-03-28T16:19:59","guid":{"rendered":"https:\/\/studiokoncept.se\/?post_type=product&#038;p=10115"},"modified":"2023-09-06T14:37:03","modified_gmt":"2023-09-06T12:37:03","slug":"ifi-audio-44-xlr","status":"publish","type":"product","link":"http:\/\/studiokoncept.se\/fr\/shop\/elektronik\/dac\/ifi-audio-44-xlr\/","title":{"rendered":"Ifi Audio 4.4 Pentaconn - XLR"},"content":{"rendered":"<p>Le c\u00e2ble iFi 4,4 mm vers XLR est con\u00e7u pour fournir une excellente qualit\u00e9 de transmission de signaux \u00e9quilibr\u00e9s avec un minimum d'interf\u00e9rences. Il utilise du cuivre OFHC (Oxygen-Free High Conductivity) coul\u00e9 en continu, des conducteurs \u00e0 matrice argent\u00e9e avec une section totale de 16AWG pour une transmission optimale du signal.<\/p>\n<p>La construction du c\u00e2ble suit une conception h\u00e9lico\u00efdale minZ\u2122 personnalis\u00e9e qui minimise \u00e0 la fois la capacit\u00e9 et l'inductance. Cette construction en h\u00e9lice fournit \u00e9galement un blindage inh\u00e9rent, prot\u00e9geant le c\u00e2ble des interf\u00e9rences radio\u00e9lectriques (RFI) et \u00e9lectromagn\u00e9tiques (EMI). Cela lui permet de fournir le support de transmission le plus propre possible.<\/p>\n<p>Pour isoler davantage le c\u00e2ble, iFi a utilis\u00e9 des mat\u00e9riaux conformes \u00e0 la directive RoHS avec d'excellentes propri\u00e9t\u00e9s di\u00e9lectriques et un polym\u00e8re HD super souple (60P) qui a une r\u00e9sistance aux \u00e9tincelles de 1500V AC. Cela permet de prot\u00e9ger le c\u00e2ble et les appareils qu'il connecte contre les d\u00e9charges \u00e9lectriques potentielles.<\/p>","protected":false},"excerpt":{"rendered":"<p><h4>Pentaconn de 4,4 mm - XLR<\/h4>.<\/p>\n<p>Un c\u00e2ble de signal tr\u00e8s attendu, notamment pour les produits IFI Audio, con\u00e7u pour fournir une excellente qualit\u00e9 de transmission de signaux sym\u00e9triques avec un minimum d'interf\u00e9rences.<\/p>\n<p>Plus d'informations ci-dessous.<\/p>","protected":false},"featured_media":10112,"template":"","meta":[],"product_brand":[],"product_cat":[164,160,163],"product_tag":[],"class_list":{"0":"post-10115","1":"product","2":"type-product","3":"status-publish","4":"has-post-thumbnail","6":"product_cat-dac","7":"product_cat-forsteg","8":"product_cat-horlursforstarkare","9":"product_shipping_class-standard","11":"first","12":"instock","13":"taxable","14":"shipping-taxable","15":"purchasable","16":"product-type-simple"},"bundled_by":[],"bundle_stock_status":"instock","bundle_stock_quantity":null,"bundle_virtual":false,"bundle_layout":"","bundle_add_to_cart_form_location":"","bundle_editable_in_cart":false,"bundle_sold_individually_context":"","bundle_item_grouping":"","bundle_min_size":"","bundle_max_size":"","bundle_price":[],"bundled_items":[],"bundle_sell_ids":[],"_links":{"self":[{"href":"http:\/\/studiokoncept.se\/fr\/wp-json\/wp\/v2\/product\/10115","targetHints":{"allow":["GET"]}}],"collection":[{"href":"http:\/\/studiokoncept.se\/fr\/wp-json\/wp\/v2\/product"}],"about":[{"href":"http:\/\/studiokoncept.se\/fr\/wp-json\/wp\/v2\/types\/product"}],"version-history":[{"count":0,"href":"http:\/\/studiokoncept.se\/fr\/wp-json\/wp\/v2\/product\/10115\/revisions"}],"wp:featuredmedia":[{"embeddable":true,"href":"http:\/\/studiokoncept.se\/fr\/wp-json\/wp\/v2\/media\/10112"}],"wp:attachment":[{"href":"http:\/\/studiokoncept.se\/fr\/wp-json\/wp\/v2\/media?parent=10115"}],"wp:term":[{"taxonomy":"product_brand","embeddable":true,"href":"http:\/\/studiokoncept.se\/fr\/wp-json\/wp\/v2\/product_brand?post=10115"},{"taxonomy":"product_cat","embeddable":true,"href":"http:\/\/studiokoncept.se\/fr\/wp-json\/wp\/v2\/product_cat?post=10115"},{"taxonomy":"product_tag","embeddable":true,"href":"http:\/\/studiokoncept.se\/fr\/wp-json\/wp\/v2\/product_tag?post=10115"}],"curies":[{"name":"wp","href":"https:\/\/api.w.org\/{rel}","templated":true}]}}