{"id":10097,"date":"2021-03-27T19:36:48","date_gmt":"2021-03-27T18:36:48","guid":{"rendered":"https:\/\/studiokoncept.se\/?post_type=product&#038;p=10097"},"modified":"2023-09-06T14:37:58","modified_gmt":"2023-09-06T12:37:58","slug":"ifi-audio-gnd-defender","status":"publish","type":"product","link":"http:\/\/studiokoncept.se\/fr\/shop\/elektronik\/dac\/ifi-audio-gnd-defender\/","title":{"rendered":"D\u00e9fenseur GND Ifi Audio"},"content":{"rendered":"<p>Le GND Defender d'Ifi Audio est un appareil con\u00e7u pour \u00e9liminer les boucles de terre dans les syst\u00e8mes audio, qui peuvent provoquer un bourdonnement audible \u00e0 basse fr\u00e9quence sur les haut-parleurs. Pour ce faire, il d\u00e9tecte intelligemment une boucle de masse au niveau de l'entr\u00e9e d'alimentation IEC et interrompt la mise \u00e0 la terre de ce composant. Il est important de noter que le GND Defender n'est pas un dispositif de mise \u00e0 la terre, il maintient donc la mise \u00e0 la terre de s\u00e9curit\u00e9 de l'\u00e9quipement et pr\u00e9serve le blindage EMI.<\/p>\n<p>En termes de conception, le GND Defender est \u00e0 la pointe de la technologie et de la s\u00e9curit\u00e9. Il est \u00e9quip\u00e9 d'un semi-conducteur passiv\u00e9 en verre haute performance, d'une rigidit\u00e9 di\u00e9lectrique \u00e9lev\u00e9e de 1500VRMS approuv\u00e9e par l'UL, d'un condensateur X7R, d'une stabilit\u00e9 \u00e0 haute temp\u00e9rature et d'une fiche\/un bouchon\/un ch\u00e2ssis IEC ignifug\u00e9 en polym\u00e8res ignifug\u00e9s UL94-V0. Il est recommand\u00e9 de toujours maintenir au moins une connexion directe du c\u00e2ble d'alimentation lors de l'utilisation de cet appareil.<\/p>\n<p>En outre, le GND Defender peut supporter une surcharge de 220A, avec une valeur maximale de plus de 10A et un courant continu de 7A. Cela lui permet de supporter n'importe quelle tension dans le monde, de 90 \u00e0 240 V.<\/p>","protected":false},"excerpt":{"rendered":"<p><h3>Pour ceux qui ont des probl\u00e8mes de boucles de terre<\/h3><br \/>\nLe GND Defender d'Ifi Audio d\u00e9tecte et interrompt les boucles de masse CC au niveau de l'appareil.<br \/>\nLe blindage EMI est conserv\u00e9.<br \/>\nLa s\u00e9curit\u00e9 du produit est assur\u00e9e lorsque la mise \u00e0 la terre de s\u00e9curit\u00e9 est maintenue.<br \/>\nSi plusieurs boucles de terre existent, plus d'un GND Defender peut \u00eatre n\u00e9cessaire.<br \/>\nPlus d'informations ci-dessous. <\/p>","protected":false},"featured_media":10098,"template":"","meta":[],"product_brand":[],"product_cat":[164,160,163],"product_tag":[],"class_list":{"0":"post-10097","1":"product","2":"type-product","3":"status-publish","4":"has-post-thumbnail","6":"product_cat-dac","7":"product_cat-forsteg","8":"product_cat-horlursforstarkare","9":"product_shipping_class-standard","11":"first","12":"instock","13":"taxable","14":"shipping-taxable","15":"purchasable","16":"product-type-simple"},"bundled_by":[],"bundle_stock_status":"instock","bundle_stock_quantity":null,"bundle_virtual":false,"bundle_layout":"","bundle_add_to_cart_form_location":"","bundle_editable_in_cart":false,"bundle_sold_individually_context":"","bundle_item_grouping":"","bundle_min_size":"","bundle_max_size":"","bundle_price":[],"bundled_items":[],"bundle_sell_ids":[],"_links":{"self":[{"href":"http:\/\/studiokoncept.se\/fr\/wp-json\/wp\/v2\/product\/10097","targetHints":{"allow":["GET"]}}],"collection":[{"href":"http:\/\/studiokoncept.se\/fr\/wp-json\/wp\/v2\/product"}],"about":[{"href":"http:\/\/studiokoncept.se\/fr\/wp-json\/wp\/v2\/types\/product"}],"version-history":[{"count":0,"href":"http:\/\/studiokoncept.se\/fr\/wp-json\/wp\/v2\/product\/10097\/revisions"}],"wp:featuredmedia":[{"embeddable":true,"href":"http:\/\/studiokoncept.se\/fr\/wp-json\/wp\/v2\/media\/10098"}],"wp:attachment":[{"href":"http:\/\/studiokoncept.se\/fr\/wp-json\/wp\/v2\/media?parent=10097"}],"wp:term":[{"taxonomy":"product_brand","embeddable":true,"href":"http:\/\/studiokoncept.se\/fr\/wp-json\/wp\/v2\/product_brand?post=10097"},{"taxonomy":"product_cat","embeddable":true,"href":"http:\/\/studiokoncept.se\/fr\/wp-json\/wp\/v2\/product_cat?post=10097"},{"taxonomy":"product_tag","embeddable":true,"href":"http:\/\/studiokoncept.se\/fr\/wp-json\/wp\/v2\/product_tag?post=10097"}],"curies":[{"name":"wp","href":"https:\/\/api.w.org\/{rel}","templated":true}]}}