{"id":10096,"date":"2021-03-27T15:24:14","date_gmt":"2021-03-27T14:24:14","guid":{"rendered":"https:\/\/studiokoncept.se\/?post_type=product&#038;p=10096"},"modified":"2023-09-06T14:38:12","modified_gmt":"2023-09-06T12:38:12","slug":"ifi-audio-dc-blocker","status":"publish","type":"product","link":"http:\/\/studiokoncept.se\/fr\/shop\/elektronik\/dac\/ifi-audio-dc-blocker\/","title":{"rendered":"Bloqueur DC d'Ifi Audio"},"content":{"rendered":"<p>Le DC Blocker d'Ifi Audio est un dispositif con\u00e7u pour \u00e9liminer le bourdonnement m\u00e9canique souvent produit par les grands amplificateurs, en particulier ceux dot\u00e9s d'importants transformateurs toro\u00efdaux. Ce ronflement est caus\u00e9 par une petite quantit\u00e9 de tension continue dans le c\u00e2ble d'alimentation, qui peut saturer le transformateur principal et le faire ronfler. Le DC Blocker est plac\u00e9 au niveau de l'IEC (entr\u00e9e d'alimentation \u00e0 l'arri\u00e8re) de l'amplificateur et emp\u00eache la tension continue d'entrer dans l'amplificateur, \u00e9vitant ainsi le ronflement.<\/p>\n<p>Les principales sp\u00e9cifications et caract\u00e9ristiques de l'Ifi Audio DC Blocker sont les suivantes :<\/p>\n<p>- Fonctionne sur une plage de tension de 90-240V<br \/>\n- Poss\u00e8de une capacit\u00e9 maximale de plus de 7A, avec une capacit\u00e9 de courant continu de 4A.<br \/>\n- Taille compacte qui n'obstrue pas les autres fiches, prises ou c\u00e2bles<br \/>\n- Maintien du blindage EMI<br \/>\n- N'affecte pas la s\u00e9curit\u00e9 de l'\u00e9quipement<br \/>\n- Utilise un semi-conducteur \u00e0 haute performance passiv\u00e9 au verre avec une rigidit\u00e9 di\u00e9lectrique \u00e9lev\u00e9e de 1500VRMS. Il utilise \u00e9galement une prise, une fiche et un ch\u00e2ssis IEC antid\u00e9flagrants en polym\u00e8res antid\u00e9flagrants (UL94-V0).<\/p>\n<p>En \u00e9liminant le courant continu de l'\u00e9quation, le DC Blocker permet au transformateur de fonctionner dans un environnement optimal, \u00e9liminant ainsi le ronflement m\u00e9canique du transformateur.<\/p>","protected":false},"excerpt":{"rendered":"<p><h3>Un produit pour ceux qui ont des probl\u00e8mes avec le ronflement des amplificateurs.<\/h3><br \/>\nDC-Blocker \u00e9limine le bourdonnement des amplificateurs. Si vous vous bouchez l'oreille, ou si c'est vraiment mauvais, vous pouvez entendre un bourdonnement depuis la position d'\u00e9coute. Cela est d\u00fb au fait qu'une petite tension continue parvient au transformateur qui devient \"satur\u00e9\" et commence \u00e0 ronronner.<br \/>\nIFi Audio a mis au point un petit dispositif astucieux qui se branche sur la prise de courant de votre appareil. Au dos du CD-Blocker, vous ins\u00e9rez votre c\u00e2ble d'alimentation. Le DC-Blocker emp\u00eache les courants continus de p\u00e9n\u00e9trer dans l'amplificateur.<br \/>\n.<\/p>","protected":false},"featured_media":10093,"template":"","meta":[],"product_brand":[],"product_cat":[164,160,163],"product_tag":[],"class_list":{"0":"post-10096","1":"product","2":"type-product","3":"status-publish","4":"has-post-thumbnail","6":"product_cat-dac","7":"product_cat-forsteg","8":"product_cat-horlursforstarkare","9":"product_shipping_class-standard","11":"first","12":"instock","13":"taxable","14":"shipping-taxable","15":"purchasable","16":"product-type-simple"},"bundled_by":[],"bundle_stock_status":"instock","bundle_stock_quantity":null,"bundle_virtual":false,"bundle_layout":"","bundle_add_to_cart_form_location":"","bundle_editable_in_cart":false,"bundle_sold_individually_context":"","bundle_item_grouping":"","bundle_min_size":"","bundle_max_size":"","bundle_price":[],"bundled_items":[],"bundle_sell_ids":[],"_links":{"self":[{"href":"http:\/\/studiokoncept.se\/fr\/wp-json\/wp\/v2\/product\/10096","targetHints":{"allow":["GET"]}}],"collection":[{"href":"http:\/\/studiokoncept.se\/fr\/wp-json\/wp\/v2\/product"}],"about":[{"href":"http:\/\/studiokoncept.se\/fr\/wp-json\/wp\/v2\/types\/product"}],"version-history":[{"count":0,"href":"http:\/\/studiokoncept.se\/fr\/wp-json\/wp\/v2\/product\/10096\/revisions"}],"wp:featuredmedia":[{"embeddable":true,"href":"http:\/\/studiokoncept.se\/fr\/wp-json\/wp\/v2\/media\/10093"}],"wp:attachment":[{"href":"http:\/\/studiokoncept.se\/fr\/wp-json\/wp\/v2\/media?parent=10096"}],"wp:term":[{"taxonomy":"product_brand","embeddable":true,"href":"http:\/\/studiokoncept.se\/fr\/wp-json\/wp\/v2\/product_brand?post=10096"},{"taxonomy":"product_cat","embeddable":true,"href":"http:\/\/studiokoncept.se\/fr\/wp-json\/wp\/v2\/product_cat?post=10096"},{"taxonomy":"product_tag","embeddable":true,"href":"http:\/\/studiokoncept.se\/fr\/wp-json\/wp\/v2\/product_tag?post=10096"}],"curies":[{"name":"wp","href":"https:\/\/api.w.org\/{rel}","templated":true}]}}