{"id":9593,"date":"2021-01-21T21:52:19","date_gmt":"2021-01-21T20:52:19","guid":{"rendered":"https:\/\/studiokoncept.se\/?page_id=9593"},"modified":"2022-12-19T06:24:01","modified_gmt":"2022-12-19T05:24:01","slug":"silent-angel","status":"publish","type":"page","link":"http:\/\/studiokoncept.se\/fr\/tillverkare\/silent-angel\/","title":{"rendered":"Silent Angel"},"content":{"rendered":"<div class=\"gb-container gb-container-25e3138a\"><div class=\"gb-inside-container\">\n<div class=\"gb-grid-wrapper gb-grid-wrapper-2e67aa17\">\n<div class=\"gb-grid-column gb-grid-column-8efb6925\"><div class=\"gb-container gb-container-8efb6925\"><div class=\"gb-inside-container\">\n\n<h2 class=\"gb-headline gb-headline-d4ba6b7f gb-headline-text\">Silent Angel<\/h2>\n\n<\/div><\/div><\/div>\n<\/div>\n<\/div><\/div>\n\n\n<p>Les sp\u00e9cialistes du streaming proposent une gamme de produits destin\u00e9s \u00e0 la fois \u00e0 ceux qui recherchent une bonne qualit\u00e9 de base et \u00e0 ceux qui veulent tirer le maximum de la qualit\u00e9 du streaming num\u00e9rique gr\u00e2ce \u00e0 des composants avanc\u00e9s et des horloges s\u00e9par\u00e9es. Tr\u00e8s int\u00e9ressant !<\/p>\n\n\n\n<div style=\"height:50px\" aria-hidden=\"true\" class=\"wp-block-spacer\"><\/div>\n\n\n<div class=\"gb-container gb-container-d2ea2219\"><div class=\"gb-inside-container\">\n\n<h2 class=\"gb-headline gb-headline-ba6fd711 gb-headline-text\" id=\"bryston-produkter\">Streamers Silent Angel<\/h2>\n\n\n\n<\/div><\/div>\n\n\n<div style=\"height:50px\" aria-hidden=\"true\" class=\"wp-block-spacer\"><\/div>\n\n\n<div class=\"gb-container gb-container-7df615f1\"><div class=\"gb-inside-container\">\n\n<h2 class=\"gb-headline gb-headline-bdf04e14 gb-headline-text\" id=\"bryston-produkter\">Silent Angel : Switchar<\/h2>\n\n\n\n<\/div><\/div>\n\n\n<div style=\"height:50px\" aria-hidden=\"true\" class=\"wp-block-spacer\"><\/div>\n\n\n<div class=\"gb-container gb-container-9897a079\"><div class=\"gb-inside-container\">\n\n<h2 class=\"gb-headline gb-headline-fbbb5426 gb-headline-text\" id=\"bryston-produkter\">Silent Angel : Alimentations<\/h2>\n\n\n\n<\/div><\/div>","protected":false},"excerpt":{"rendered":"<p>Sp\u00e9cialistes du streaming avec une gamme de produits qui s'adresse aussi bien \u00e0 ceux qui recherchent une bonne qualit\u00e9 de base qu'\u00e0 ceux qui veulent aller plus loin.<\/p>","protected":false},"author":1,"featured_media":0,"parent":2343,"menu_order":0,"comment_status":"closed","ping_status":"closed","template":"","meta":{"footnotes":""},"class_list":["post-9593","page","type-page","status-publish","hentry"],"_links":{"self":[{"href":"http:\/\/studiokoncept.se\/fr\/wp-json\/wp\/v2\/pages\/9593","targetHints":{"allow":["GET"]}}],"collection":[{"href":"http:\/\/studiokoncept.se\/fr\/wp-json\/wp\/v2\/pages"}],"about":[{"href":"http:\/\/studiokoncept.se\/fr\/wp-json\/wp\/v2\/types\/page"}],"author":[{"embeddable":true,"href":"http:\/\/studiokoncept.se\/fr\/wp-json\/wp\/v2\/users\/1"}],"replies":[{"embeddable":true,"href":"http:\/\/studiokoncept.se\/fr\/wp-json\/wp\/v2\/comments?post=9593"}],"version-history":[{"count":0,"href":"http:\/\/studiokoncept.se\/fr\/wp-json\/wp\/v2\/pages\/9593\/revisions"}],"up":[{"embeddable":true,"href":"http:\/\/studiokoncept.se\/fr\/wp-json\/wp\/v2\/pages\/2343"}],"wp:attachment":[{"href":"http:\/\/studiokoncept.se\/fr\/wp-json\/wp\/v2\/media?parent=9593"}],"curies":[{"name":"wp","href":"https:\/\/api.w.org\/{rel}","templated":true}]}}