{"id":6839,"date":"2021-02-27T09:22:16","date_gmt":"2021-02-27T08:22:16","guid":{"rendered":"https:\/\/studiokoncept.se\/?page_id=6839"},"modified":"2023-07-03T20:34:39","modified_gmt":"2023-07-03T18:34:39","slug":"rel-subwoofers","status":"publish","type":"page","link":"http:\/\/studiokoncept.se\/fr\/tillverkare\/rel-subwoofers\/","title":{"rendered":"REL Acoustics"},"content":{"rendered":"<div class=\"gb-container gb-container-73475d23\"><div class=\"gb-inside-container\">\n<div class=\"gb-grid-wrapper gb-grid-wrapper-8bfddeaf\">\n<div class=\"gb-grid-column gb-grid-column-1ddf410e\"><div class=\"gb-container gb-container-1ddf410e\"><div class=\"gb-inside-container\">\n\n<h2 class=\"gb-headline gb-headline-6ab960a6 gb-headline-text\">REL &#8211; Subwoofers f\u00f6r musik<\/h2>\n\n\n\n<h4 class=\"wp-block-heading\">Vad \u00e4r en bra sub i en Hi-Fi anl\u00e4ggning?<\/h4>\n\n\n\n<p>1. Den klarar \u00e5tminstone flygelns och kontrafagottens l\u00e4gsta toner p\u00e5 27 Hz. Helst b\u00f6r den \u00e5tminstone klara av CD-formatets nedre gr\u00e4ns p\u00e5 20 Hz och bastubans riktigt l\u00e5ga toner.<br>2. Den ska erbjuda musikaliskt kvalitetsljud s\u00e5 exempelvis akustiska instrument fortfarande har kvar sitt musikaliska inneh\u00e5ll, sin kropp och musikaliska fl\u00f6de och inte l\u00e5ter som en oformlig diffus massa som bara klarar av att f\u00e5 rummet att skaka.<br>3. Den ska ha f\u00f6rm\u00e5gan och kapacitet att vara en f\u00f6rl\u00e4ngning av h\u00f6gtalaren s\u00e5 man inte l\u00e4ngre t\u00e4nker p\u00e5 den.<br>4. Den beh\u00f6ver vara s\u00e5 snabb att man varken f\u00e5r tidsfel i f\u00f6rh\u00e5llande till h\u00f6gtalaren eller musiken. Det idealiska \u00e4r att k\u00f6pa 2 st subwoofers som placeras bredvid h\u00f6gtalaren. HT-serien \u00e4r framtagen f\u00f6r hemmabio och saknar h\u00f6gniv\u00e5-ing\u00e5ng (specifikt framtagen f\u00f6r stereo). T\/i-serien \u00e4r klarar naturligtvis hemmabiosituationen med glans. T\/i-serien har ocks\u00e5 h\u00f6gniv\u00e5-funktionen och klarar \u00e4ven stereo-system som inte \u00e4r alltf\u00f6r snabba. S- och Referens-serien \u00e4r gjorda f\u00f6r stereo (\u00e4ven om dom naturligtvis klarar hemmabiosystem med l\u00e4tthet). Dom har snabbheten och kvalit\u00e9n f\u00f6r att matchas \u00e4ven mot riktigt snabba h\u00f6gtalare med v\u00e4ldigt h\u00f6g kvalit\u00e9.<\/p>\n\n<\/div><\/div><\/div>\n\n<div class=\"gb-grid-column gb-grid-column-fe9fc1f5\"><div class=\"gb-container gb-container-fe9fc1f5\"><div class=\"gb-inside-container\">\n\n<figure class=\"wp-block-image size-full is-resized\"><img decoding=\"async\" src=\"https:\/\/studiokoncept.se\/wp-content\/uploads\/REL-logo-alt.png\" alt=\"\" class=\"wp-image-7133\" width=\"315\" height=\"154\"\/><figcaption>REL Acoustics LTD Logo<\/figcaption><\/figure>\n\n<\/div><\/div><\/div>\n<\/div>\n<\/div><\/div>\n\n\n<div style=\"height:50px\" aria-hidden=\"true\" class=\"wp-block-spacer\"><\/div>\n\n\n<div class=\"gb-container gb-container-d2ea2219\"><div class=\"gb-inside-container\">\n\n<h2 class=\"gb-headline gb-headline-ba6fd711 gb-headline-text\" id=\"bryston-produkter\">HT-serien<\/h2>\n\n\n\n<p><\/p>\n\n\n\n<\/div><\/div>\n\n\n<div style=\"height:50px\" aria-hidden=\"true\" class=\"wp-block-spacer\"><\/div>\n\n\n<div class=\"gb-container gb-container-2796a3b8\"><div class=\"gb-inside-container\">\n\n<h2 class=\"gb-headline gb-headline-87c5968b gb-headline-text\" id=\"bryston-produkter\">Rel Acoustics T\/x<\/h2>\n\n\n\n<p><\/p>\n\n\n\n<\/div><\/div>\n\n\n<div style=\"height:50px\" aria-hidden=\"true\" class=\"wp-block-spacer\"><\/div>\n\n\n<div class=\"gb-container gb-container-4d70a5c0\"><div class=\"gb-inside-container\">\n\n<h2 class=\"gb-headline gb-headline-657e785b gb-headline-text\" id=\"bryston-produkter\">Rel Acoustics S-serien<\/h2>\n\n\n<div data-block-name=\"woocommerce\/handpicked-products\" data-content-visibility=\"{&quot;image&quot;:true,&quot;title&quot;:true,&quot;price&quot;:true,&quot;rating&quot;:false,&quot;button&quot;:true}\" data-products=\"[8843,8823,8831]\" class=\"wc-block-grid wp-block-handpicked-products wp-block-woocommerce-handpicked-products wc-block-handpicked-products has-3-columns has-multiple-rows\"><ul class=\"wc-block-grid__products\"><li class=\"wc-block-grid__product\">\n\t\t\t\t<a href=\"http:\/\/studiokoncept.se\/fr\/shop\/hogtalare\/subwoofers\/rel-acoustics-s-510\/\" class=\"wc-block-grid__product-link\">\n\t\t\t\t\t\n\t\t\t\t\t<div class=\"wc-block-grid__product-image\"><img fetchpriority=\"high\" decoding=\"async\" width=\"430\" height=\"430\" src=\"https:\/\/studiokoncept.se\/wp-content\/uploads\/Black_S510_3_4_WO_Grill-2-1-430x430.png\" class=\"attachment-woocommerce_thumbnail size-woocommerce_thumbnail\" alt=\"Rel Acoustics S\/510\" srcset=\"https:\/\/studiokoncept.se\/wp-content\/uploads\/Black_S510_3_4_WO_Grill-2-1-430x430.png 430w, https:\/\/studiokoncept.se\/wp-content\/uploads\/Black_S510_3_4_WO_Grill-2-1-150x150.png 150w, https:\/\/studiokoncept.se\/wp-content\/uploads\/Black_S510_3_4_WO_Grill-2-1-300x300.png 300w, https:\/\/studiokoncept.se\/wp-content\/uploads\/Black_S510_3_4_WO_Grill-2-1-12x12.png 12w, https:\/\/studiokoncept.se\/wp-content\/uploads\/Black_S510_3_4_WO_Grill-2-1-500x500.png 500w, https:\/\/studiokoncept.se\/wp-content\/uploads\/Black_S510_3_4_WO_Grill-2-1.png 600w\" sizes=\"(max-width: 430px) 100vw, 430px\" \/><\/div>\n\t\t\t\t\t<div class=\"wc-block-grid__product-title\">Rel Acoustics S\/510<\/div>\n\t\t\t\t<\/a>\n\t\t\t\t<div class=\"wc-block-grid__product-price price\"><span class=\"woocs_price_code\" data-currency=\"\" data-redraw-id=\"69de739f0e29d\" data-product-id=\"8843\"><span class=\"woocommerce-Price-amount amount\">33.500&nbsp;<span class=\"woocommerce-Price-currencySymbol\">&#107;&#114;<\/span><\/span><\/span><div class=\"woocs_price_info\"><span class=\"woocs_price_info_icon\"><\/span><ul class='woocs_price_info_list'><li><b>EUR<\/b>: <span class=\"woocs_amount\">3.105&nbsp;&euro;<\/span><\/li><li><b>CHF<\/b>: <span class=\"woocs_amount\">2.861&nbsp;&#067;&#072;&#070;<\/span><\/li><li><b>USD<\/b>: <span class=\"woocs_amount\">3.657&nbsp;&#036;<\/span><\/li><\/ul><\/div> <span class=\"momsnamn-suffix\">inkl. moms<\/span><\/div>\n\t\t\t\t\n\t\t\t\t<div class=\"wp-block-button wc-block-grid__product-add-to-cart\"><a href=\"http:\/\/studiokoncept.se\/fr\/shop\/hogtalare\/subwoofers\/rel-acoustics-s-510\/\" aria-label=\"Choisir les options pour &quot;Rel Acoustics S\/510&quot;\" data-quantity=\"1\" data-product_id=\"8843\" data-product_sku=\"rel-acoustics-s-510\" data-price=\"33500\" rel=\"nofollow\" class=\"wp-block-button__link  add_to_cart_button\">S\u00e9lectionnez les options<\/a><\/div>\n\t\t\t<\/li><li class=\"wc-block-grid__product\">\n\t\t\t\t<a href=\"http:\/\/studiokoncept.se\/fr\/shop\/hogtalare\/subwoofers\/rel-acoustics-s-812\/\" class=\"wc-block-grid__product-link\">\n\t\t\t\t\t\n\t\t\t\t\t<div class=\"wc-block-grid__product-image\"><img decoding=\"async\" width=\"430\" height=\"429\" src=\"https:\/\/studiokoncept.se\/wp-content\/uploads\/White_S812_3_4_Wout_Grillshadow-430x429.png\" class=\"attachment-woocommerce_thumbnail size-woocommerce_thumbnail\" alt=\"Rel Acoustics S\/812\" srcset=\"https:\/\/studiokoncept.se\/wp-content\/uploads\/White_S812_3_4_Wout_Grillshadow-430x429.png 430w, https:\/\/studiokoncept.se\/wp-content\/uploads\/White_S812_3_4_Wout_Grillshadow-150x150.png 150w, https:\/\/studiokoncept.se\/wp-content\/uploads\/White_S812_3_4_Wout_Grillshadow-700x699.png 700w, https:\/\/studiokoncept.se\/wp-content\/uploads\/White_S812_3_4_Wout_Grillshadow-300x300.png 300w, https:\/\/studiokoncept.se\/wp-content\/uploads\/White_S812_3_4_Wout_Grillshadow-768x767.png 768w, https:\/\/studiokoncept.se\/wp-content\/uploads\/White_S812_3_4_Wout_Grillshadow-12x12.png 12w, https:\/\/studiokoncept.se\/wp-content\/uploads\/White_S812_3_4_Wout_Grillshadow.png 800w\" sizes=\"(max-width: 430px) 100vw, 430px\" \/><\/div>\n\t\t\t\t\t<div class=\"wc-block-grid__product-title\">Rel Acoustics S\/812<\/div>\n\t\t\t\t<\/a>\n\t\t\t\t<div class=\"wc-block-grid__product-price price\"><span class=\"woocs_price_code\" data-currency=\"\" data-redraw-id=\"69de739f0fc64\" data-product-id=\"8831\"><span class=\"woocommerce-Price-amount amount\">44.000&nbsp;<span class=\"woocommerce-Price-currencySymbol\">&#107;&#114;<\/span><\/span><\/span><div class=\"woocs_price_info\"><span class=\"woocs_price_info_icon\"><\/span><ul class='woocs_price_info_list'><li><b>EUR<\/b>: <span class=\"woocs_amount\">4.078&nbsp;&euro;<\/span><\/li><li><b>CHF<\/b>: <span class=\"woocs_amount\">3.757&nbsp;&#067;&#072;&#070;<\/span><\/li><li><b>USD<\/b>: <span class=\"woocs_amount\">4.803&nbsp;&#036;<\/span><\/li><\/ul><\/div> <span class=\"momsnamn-suffix\">inkl. moms<\/span><\/div>\n\t\t\t\t\n\t\t\t\t<div class=\"wp-block-button wc-block-grid__product-add-to-cart\"><a href=\"http:\/\/studiokoncept.se\/fr\/shop\/hogtalare\/subwoofers\/rel-acoustics-s-812\/\" aria-label=\"Choisir les options pour &quot;Rel Acoustics S\/812&quot;\" data-quantity=\"1\" data-product_id=\"8831\" data-product_sku=\"rel-acoustics-s-812\" data-price=\"44000\" rel=\"nofollow\" class=\"wp-block-button__link  add_to_cart_button\">S\u00e9lectionnez les options<\/a><\/div>\n\t\t\t<\/li><\/ul><\/div>\n<\/div><\/div>\n\n\n<div style=\"height:50px\" aria-hidden=\"true\" class=\"wp-block-spacer\"><\/div>\n\n\n<div class=\"gb-container gb-container-541a4682\"><div class=\"gb-inside-container\">\n\n<h2 class=\"gb-headline gb-headline-b421c78e gb-headline-text\" id=\"bryston-produkter\">Rel Acoustics Referens serien<\/h2>\n\n\n<div data-block-name=\"woocommerce\/handpicked-products\" data-content-visibility=\"{&quot;image&quot;:true,&quot;title&quot;:true,&quot;price&quot;:true,&quot;rating&quot;:false,&quot;button&quot;:true}\" data-products=\"[11749,11751]\" class=\"wc-block-grid wp-block-handpicked-products wp-block-woocommerce-handpicked-products wc-block-handpicked-products has-3-columns has-multiple-rows\"><ul class=\"wc-block-grid__products\"><li class=\"wc-block-grid__product\">\n\t\t\t\t<a href=\"http:\/\/studiokoncept.se\/fr\/shop\/hogtalare\/subwoofers\/rel-acoustics-no-32\/\" class=\"wc-block-grid__product-link\">\n\t\t\t\t\t\n\t\t\t\t\t<div class=\"wc-block-grid__product-image\"><img loading=\"lazy\" decoding=\"async\" width=\"430\" height=\"430\" src=\"https:\/\/studiokoncept.se\/wp-content\/uploads\/Rel-No.-32-front-430x430.png\" class=\"attachment-woocommerce_thumbnail size-woocommerce_thumbnail\" alt=\"Rel Acoustics No.32\" srcset=\"https:\/\/studiokoncept.se\/wp-content\/uploads\/Rel-No.-32-front-430x430.png 430w, https:\/\/studiokoncept.se\/wp-content\/uploads\/Rel-No.-32-front-150x150.png 150w, https:\/\/studiokoncept.se\/wp-content\/uploads\/Rel-No.-32-front-500x500.png 500w, https:\/\/studiokoncept.se\/wp-content\/uploads\/Rel-No.-32-front-300x300.png 300w, https:\/\/studiokoncept.se\/wp-content\/uploads\/Rel-No.-32-front-12x12.png 12w, https:\/\/studiokoncept.se\/wp-content\/uploads\/Rel-No.-32-front.png 600w\" sizes=\"(max-width: 430px) 100vw, 430px\" \/><\/div>\n\t\t\t\t\t<div class=\"wc-block-grid__product-title\">Rel Acoustics No.32<\/div>\n\t\t\t\t<\/a>\n\t\t\t\t<div class=\"wc-block-grid__product-price price\"><span class=\"woocs_price_code\" data-currency=\"\" data-redraw-id=\"69de739f17fef\" data-product-id=\"11751\"><span class=\"woocommerce-Price-amount amount\">139.900&nbsp;<span class=\"woocommerce-Price-currencySymbol\">&#107;&#114;<\/span><\/span><\/span><div class=\"woocs_price_info\"><span class=\"woocs_price_info_icon\"><\/span><ul class='woocs_price_info_list'><li><span>EUR<\/span>: <span class=\"woocs_amount\">12.965&nbsp;&euro;<\/span><\/li><li><span>CHF<\/span>: <span class=\"woocs_amount\">11.946&nbsp;&#067;&#072;&#070;<\/span><\/li><li><span>USD<\/span>: <span class=\"woocs_amount\">15.271&nbsp;&#036;<\/span><\/li><\/ul><\/div> <span class=\"momsnamn-suffix\">inkl. moms<\/span><\/div>\n\t\t\t\t\n\t\t\t\t<div class=\"wp-block-button wc-block-grid__product-add-to-cart\"><a href=\"\/fr\/wp-json\/wp\/v2\/pages\/6839?add-to-cart=11751\" aria-label=\"Ajouter au panier : &quot;Rel Acoustics No.32&quot;\" data-quantity=\"1\" data-product_id=\"11751\" data-product_sku=\"rel-acoustics-no-32\" data-price=\"139900\" rel=\"nofollow\" class=\"wp-block-button__link  add_to_cart_button ajax_add_to_cart\">Ajouter au panier<\/a><\/div>\n\t\t\t<\/li><li class=\"wc-block-grid__product\">\n\t\t\t\t<a href=\"http:\/\/studiokoncept.se\/fr\/shop\/hogtalare\/subwoofers\/rel-acoustics-no-31\/\" class=\"wc-block-grid__product-link\">\n\t\t\t\t\t\n\t\t\t\t\t<div class=\"wc-block-grid__product-image\"><img loading=\"lazy\" decoding=\"async\" width=\"430\" height=\"430\" src=\"https:\/\/studiokoncept.se\/wp-content\/uploads\/Rel-No.31-430x430.png\" class=\"attachment-woocommerce_thumbnail size-woocommerce_thumbnail\" alt=\"Rel Acoustics No. 31\" srcset=\"https:\/\/studiokoncept.se\/wp-content\/uploads\/Rel-No.31-430x430.png 430w, https:\/\/studiokoncept.se\/wp-content\/uploads\/Rel-No.31-150x150.png 150w, https:\/\/studiokoncept.se\/wp-content\/uploads\/Rel-No.31-500x500.png 500w, https:\/\/studiokoncept.se\/wp-content\/uploads\/Rel-No.31-300x300.png 300w, https:\/\/studiokoncept.se\/wp-content\/uploads\/Rel-No.31-12x12.png 12w, https:\/\/studiokoncept.se\/wp-content\/uploads\/Rel-No.31.png 600w\" sizes=\"(max-width: 430px) 100vw, 430px\" \/><\/div>\n\t\t\t\t\t<div class=\"wc-block-grid__product-title\">Rel Acoustics No. 31<\/div>\n\t\t\t\t<\/a>\n\t\t\t\t<div class=\"wc-block-grid__product-price price\"><span class=\"woocs_price_code\" data-currency=\"\" data-redraw-id=\"69de739f18cf4\" data-product-id=\"11749\"><span class=\"woocommerce-Price-amount amount\">99.900&nbsp;<span class=\"woocommerce-Price-currencySymbol\">&#107;&#114;<\/span><\/span><\/span><div class=\"woocs_price_info\"><span class=\"woocs_price_info_icon\"><\/span><ul class='woocs_price_info_list'><li><span>EUR<\/span>: <span class=\"woocs_amount\">9.258&nbsp;&euro;<\/span><\/li><li><span>CHF<\/span>: <span class=\"woocs_amount\">8.530&nbsp;&#067;&#072;&#070;<\/span><\/li><li><span>USD<\/span>: <span class=\"woocs_amount\">10.905&nbsp;&#036;<\/span><\/li><\/ul><\/div> <span class=\"momsnamn-suffix\">inkl. moms<\/span><\/div>\n\t\t\t\t\n\t\t\t\t<div class=\"wp-block-button wc-block-grid__product-add-to-cart\"><a href=\"\/fr\/wp-json\/wp\/v2\/pages\/6839?add-to-cart=11749\" aria-label=\"Ajouter au panier : &quot;Rel Acoustics No. 31&quot;\" data-quantity=\"1\" data-product_id=\"11749\" data-product_sku=\"rel-acoustics-no-31\" data-price=\"99900\" rel=\"nofollow\" class=\"wp-block-button__link  add_to_cart_button ajax_add_to_cart\">Ajouter au panier<\/a><\/div>\n\t\t\t<\/li><\/ul><\/div>\n<\/div><\/div>","protected":false},"excerpt":{"rendered":"<p>S\u00e9rie HT Rel Acoustics T\/x Rel Acoustics S\u00e9rie S Rel Acoustics S\u00e9rie Reference<\/p>","protected":false},"author":1,"featured_media":0,"parent":2343,"menu_order":0,"comment_status":"closed","ping_status":"closed","template":"","meta":{"footnotes":""},"class_list":["post-6839","page","type-page","status-publish","hentry"],"_links":{"self":[{"href":"http:\/\/studiokoncept.se\/fr\/wp-json\/wp\/v2\/pages\/6839","targetHints":{"allow":["GET"]}}],"collection":[{"href":"http:\/\/studiokoncept.se\/fr\/wp-json\/wp\/v2\/pages"}],"about":[{"href":"http:\/\/studiokoncept.se\/fr\/wp-json\/wp\/v2\/types\/page"}],"author":[{"embeddable":true,"href":"http:\/\/studiokoncept.se\/fr\/wp-json\/wp\/v2\/users\/1"}],"replies":[{"embeddable":true,"href":"http:\/\/studiokoncept.se\/fr\/wp-json\/wp\/v2\/comments?post=6839"}],"version-history":[{"count":0,"href":"http:\/\/studiokoncept.se\/fr\/wp-json\/wp\/v2\/pages\/6839\/revisions"}],"up":[{"embeddable":true,"href":"http:\/\/studiokoncept.se\/fr\/wp-json\/wp\/v2\/pages\/2343"}],"wp:attachment":[{"href":"http:\/\/studiokoncept.se\/fr\/wp-json\/wp\/v2\/media?parent=6839"}],"curies":[{"name":"wp","href":"https:\/\/api.w.org\/{rel}","templated":true}]}}