{"id":6237,"date":"2018-06-12T16:08:25","date_gmt":"2018-06-12T14:08:25","guid":{"rendered":"https:\/\/studiokoncept.se\/?page_id=6237"},"modified":"2025-07-08T14:41:54","modified_gmt":"2025-07-08T12:41:54","slug":"gdpr","status":"publish","type":"page","link":"http:\/\/studiokoncept.se\/fr\/gdpr\/","title":{"rendered":"GDPR"},"content":{"rendered":"<h2>Politique de confidentialit\u00e9 et du site web Studiokoncept AB<\/h2>\n<p>&nbsp;<\/p>\n<h3>1. Qui sommes-nous ?<\/h3>\n<p>Studiokoncept in Lund appr\u00e9cie l'int\u00e9r\u00eat que vous portez \u00e0 notre entreprise et votre visite sur notre site web. Veuillez lire attentivement la pr\u00e9sente politique du site Web avant d'utiliser le site. Studiokoncept utilise des cookies sur le site web et collecte ainsi certaines donn\u00e9es sur les personnes qui utilisent notre site web. Dans cette politique, nous expliquons, entre autres, quels cookies nous utilisons, \u00e0 quoi ils servent et quels choix vous pouvez faire concernant nos cookies.<br \/>\nL'adresse de notre site web est la suivante : https:\/\/studiokoncept.se\/<\/p>\n<h3>2. Qu'est-ce qu'un cookie ?<\/h3>\n<p>Un cookie est un petit fichier texte qui est plac\u00e9 sur votre ordinateur, votre t\u00e9l\u00e9phone mobile ou un appareil similaire, contenant des informations sur votre navigation sur le site web. Il existe des cookies temporaires et des cookies persistants. Les cookies temporaires (\" cookies de session \") sont stock\u00e9s sur votre appareil jusqu'\u00e0 ce que vous fermiez votre navigateur. Les cookies persistants ont une date d'expiration et, une fois cette date pass\u00e9e, le cookie est supprim\u00e9 lorsque vous retournez sur le site web qui l'a cr\u00e9\u00e9.<\/p>\n<p>Les cookies peuvent \u00eatre des \"cookies de premi\u00e8re partie\" ou des \"cookies de tierce partie\". Les cookies de premi\u00e8re partie sont des cookies qui sont plac\u00e9s sur le site web par Studiokoncept. Les cookies tiers sont des cookies qui sont plac\u00e9s sur le site web par quelqu'un d'autre que Studiokoncept.<\/p>\n<h3>3. Quels sont les cookies utilis\u00e9s sur le site web et dans quel but ?<\/h3>\n<p>Le tableau ci-dessous pr\u00e9cise les cookies que nous utilisons sur notre site web, ainsi que des informations sur leur finalit\u00e9, les donn\u00e9es personnelles collect\u00e9es et leur dur\u00e9e.<\/p>\n<p><strong>Cat\u00e9gorie : n\u00e9cessaire<\/strong><br \/>\nLes cookies n\u00e9cessaires contribuent \u00e0 rendre un site web utilisable en permettant des fonctions de base telles que la navigation dans les pages et l'acc\u00e8s \u00e0 des services s\u00e9curis\u00e9s.<br \/>\ndes zones du site. Le site web ne peut pas fonctionner correctement sans ces cookies.<\/p>\n<table>\n<thead>\n<tr>\n<th>Cookie<\/th>\n<th>Objectif<\/th>\n<th>Des donn\u00e9es personnelles sont-elles collect\u00e9es ?<\/th>\n<th>Type et dur\u00e9e<\/th>\n<th>Manipulation<\/th>\n<th>Origine<\/th>\n<\/tr>\n<\/thead>\n<tbody>\n<tr>\n<td>wc_fragments_# studiokoncept.se<\/td>\n<td>Identifie et authentifie l'utilisateur lorsqu'il se connecte \u00e0 notre site web afin qu'il ne doive pas saisir ses informations de connexion \u00e0 plusieurs reprises.<\/td>\n<td>Non<\/td>\n<td>Session HTML<\/td>\n<td>studiokoncept.se<\/td>\n<td>serveur web<\/td>\n<\/tr>\n<\/tbody>\n<\/table>\n<hr \/>\n<p><strong>Cat\u00e9gorie : Statistiques<\/strong><br \/>\nLes cookies de statistiques aident les propri\u00e9taires de sites web \u00e0 comprendre comment les visiteurs interagissent avec les sites web en collectant et en rapportant les donn\u00e9es suivantes<br \/>\ndes informations de mani\u00e8re anonyme.<\/p>\n<table>\n<thead>\n<tr>\n<th>Cookie<\/th>\n<th>Objectif<\/th>\n<th>Des donn\u00e9es personnelles sont-elles collect\u00e9es ?<\/th>\n<th>Type et dur\u00e9e<\/th>\n<th>Manipulation<\/th>\n<th>Origine<\/th>\n<\/tr>\n<\/thead>\n<tbody>\n<tr>\n<td>@@Histoire\/@@scroll|#<\/td>\n<td>Sauvegarde les produits plac\u00e9s dans le panier de WooCommerce<\/td>\n<td>Non<\/td>\n<td>Session HTML<\/td>\n<td>studiokoncept.se<\/td>\n<td>Balise de script<\/td>\n<\/tr>\n<tr>\n<td>_ga<\/td>\n<td>Enregistre un identifiant unique qui est utilis\u00e9 pour g\u00e9n\u00e9rer des donn\u00e9es statistiques sur la fa\u00e7on dont le visiteur utilise le site web.<\/td>\n<td>Non<\/td>\n<td>HTTP 2 ans<\/td>\n<td>studiokoncept.se<\/td>\n<td>https:\/\/www.google-analytics.com\/analytics.js<\/td>\n<\/tr>\n<tr>\n<td>Trou.<\/td>\n<td>Utilis\u00e9 par Google Analytics pour r\u00e9duire le taux de demande.<\/td>\n<td>Non<\/td>\n<td>Session HTTP<\/td>\n<td>studiokoncept.se<\/td>\n<td>https:\/\/www.google-analytics.com\/analytics.js<\/td>\n<\/tr>\n<tr>\n<td>_gid<\/td>\n<td>Enregistre un identifiant unique qui est utilis\u00e9 pour g\u00e9n\u00e9rer des donn\u00e9es statistiques sur la fa\u00e7on dont le visiteur utilise le site web.<\/td>\n<td>Non<\/td>\n<td>Session HTTP<\/td>\n<td>studiokoncept.se<\/td>\n<td>https:\/\/www.google-analytics.com\/analytics.js<\/td>\n<\/tr>\n<tr>\n<td>recueillir<\/td>\n<td>Utilis\u00e9 pour envoyer des donn\u00e9es \u00e0 Google Analytics sur l'appareil et le comportement du visiteur. Suivre le visiteur \u00e0 travers les appareils et les canaux de marketing.<\/td>\n<td>Non<\/td>\n<td>Session Pixel<\/td>\n<td>google-analytics.com<\/td>\n<td>https:\/\/www.google-analytics.com\/analytics.js<\/td>\n<\/tr>\n<\/tbody>\n<\/table>\n<hr \/>\n<p><strong>Cat\u00e9gorie : marketing<\/strong><br \/>\nLes cookies de marketing sont utilis\u00e9s pour suivre les visiteurs sur les sites web. L'intention est de montrer des publicit\u00e9s qui sont pertinentes et<br \/>\nde s'engager avec l'utilisateur individuel et donc d'avoir plus de valeur pour les \u00e9diteurs et les annonceurs tiers.<\/p>\n<table>\n<thead>\n<tr>\n<th>Cookie<\/th>\n<th>Objectif<\/th>\n<th>Des donn\u00e9es personnelles sont-elles collect\u00e9es ?<\/th>\n<th>Type et dur\u00e9e<\/th>\n<th>Manipulation<\/th>\n<th>Origine<\/th>\n<\/tr>\n<\/thead>\n<tbody>\n<tr>\n<td>r\/collect<\/td>\n<td>Identifie et authentifie l'utilisateur lorsqu'il se connecte \u00e0 notre site web afin qu'il ne doive pas saisir ses informations de connexion \u00e0 plusieurs reprises.<\/td>\n<td>Non<\/td>\n<td>Session HTML<\/td>\n<td>doubleclick.net<\/td>\n<td>https:\/\/stats.g.doubleclick.net\/r\/collect via https:\/\/www.google-analytics.com\/analytics.js<\/td>\n<\/tr>\n<\/tbody>\n<\/table>\n<hr \/>\n<h3>4. Pouvez-vous dire non aux cookies ?<\/h3>\n<p>Si vous ne souhaitez pas que des cookies soient stock\u00e9s sur votre appareil, vous pouvez g\u00e9n\u00e9ralement les d\u00e9sactiver compl\u00e8tement ou partiellement dans les param\u00e8tres de votre navigateur. Par exemple, dans certains navigateurs, vous pouvez choisir de bloquer tous les cookies, d'accepter uniquement les cookies de premi\u00e8re partie ou de supprimer les cookies lorsque vous fermez votre navigateur. Vous pouvez \u00e9galement supprimer les cookies pr\u00e9c\u00e9demment enregistr\u00e9s dans les param\u00e8tres de votre navigateur. Veuillez noter que si vous choisissez de supprimer ou de bloquer les cookies, l'utilisation de notre site web et de nos services pourrait ne pas fonctionner.<\/p>\n<p>La plupart de nos cookies sont fournis par Google Analytics et AddThis. Pour d\u00e9sabonner votre navigateur de ces seuls \u00e9l\u00e9ments, suivez les liens et les instructions figurant sur les pages web respectives ;<\/p>\n<p><a href=\"https:\/\/tools.google.com\/dlpage\/gaoptout\" target=\"_blank\" rel=\"noopener\">https:\/\/tools.google.com\/dlpage\/gaoptout<\/a><\/p>\n<h3>5. base juridique du traitement de vos donn\u00e9es personnelles<\/h3>\n<p>Studiokoncept traite vos donn\u00e9es personnelles dans le cadre du remplissage de formulaires (formulaires de contact, de demande ou de commande) sur le site web de Studiokoncept, avec votre consentement. Les donn\u00e9es personnelles que vous saisissez seront transf\u00e9r\u00e9es \u00e0 notre syst\u00e8me de messagerie et\/ou d'entreprise et rel\u00e8veront alors de la politique de confidentialit\u00e9 des personnes de contact des clients et fournisseurs de Vendig.<\/p>\n<h3>6. Avec qui pouvons-nous partager vos donn\u00e9es ?<\/h3>\n<p>Les donn\u00e9es collect\u00e9es par le biais de cookies tiers seront \u00e9galement communiqu\u00e9es au tiers qui fournit le cookie (voir le tableau du point 4). Nous avons ces cookies sur le site web afin de l'am\u00e9liorer (statistiques) et de vous permettre de partager des pages avec facebook ou email et d'aimer la page.<\/p>\n<p>Studiokoncept prend toutes les mesures juridiques, techniques et organisationnelles raisonnables pour garantir que vos donn\u00e9es sont trait\u00e9es en toute s\u00e9curit\u00e9 et avec un niveau de protection ad\u00e9quat lorsqu'elles sont transf\u00e9r\u00e9es ou partag\u00e9es avec ces tiers s\u00e9lectionn\u00e9s.<\/p>\n<h3>7. transfert de donn\u00e9es personnelles en dehors de l'UE\/EEE<\/h3>\n<p>Vos donn\u00e9es personnelles seront trait\u00e9es uniquement au sein de l'UE\/EEE.<\/p>\n<h3>8. Modifications de la politique de confidentialit\u00e9<\/h3>\n<p>Studiokoncept se r\u00e9serve le droit d'apporter des modifications \u00e0 cette politique de confidentialit\u00e9. Les changements seront annonc\u00e9s sur ce site web. Version 1.0.<\/p>","protected":false},"excerpt":{"rendered":"<p>Politique en mati\u00e8re de protection de la vie priv\u00e9e et du site Internet Studiokoncept AB 1. Qui sommes-nous ? Studiokoncept in Lund appr\u00e9cie l'int\u00e9r\u00eat que vous portez \u00e0 notre entreprise et \u00e0 notre site web.<\/p>","protected":false},"author":2010,"featured_media":0,"parent":0,"menu_order":0,"comment_status":"closed","ping_status":"closed","template":"","meta":{"footnotes":""},"class_list":["post-6237","page","type-page","status-publish","hentry"],"_links":{"self":[{"href":"http:\/\/studiokoncept.se\/fr\/wp-json\/wp\/v2\/pages\/6237","targetHints":{"allow":["GET"]}}],"collection":[{"href":"http:\/\/studiokoncept.se\/fr\/wp-json\/wp\/v2\/pages"}],"about":[{"href":"http:\/\/studiokoncept.se\/fr\/wp-json\/wp\/v2\/types\/page"}],"author":[{"embeddable":true,"href":"http:\/\/studiokoncept.se\/fr\/wp-json\/wp\/v2\/users\/2010"}],"replies":[{"embeddable":true,"href":"http:\/\/studiokoncept.se\/fr\/wp-json\/wp\/v2\/comments?post=6237"}],"version-history":[{"count":0,"href":"http:\/\/studiokoncept.se\/fr\/wp-json\/wp\/v2\/pages\/6237\/revisions"}],"wp:attachment":[{"href":"http:\/\/studiokoncept.se\/fr\/wp-json\/wp\/v2\/media?parent=6237"}],"curies":[{"name":"wp","href":"https:\/\/api.w.org\/{rel}","templated":true}]}}